{"id":3365,"date":"2018-09-24T20:06:12","date_gmt":"2018-09-24T20:06:12","guid":{"rendered":"https:\/\/acapulco.gob.mx\/transparencia\/?page_id=3365"},"modified":"2026-02-06T18:07:52","modified_gmt":"2026-02-06T18:07:52","slug":"xxv","status":"publish","type":"page","link":"https:\/\/acapulco.gob.mx\/transparencia\/cumplimiento-de-la-ley-de-transparencia-y-acceso-a-la-informacion-publica\/xxv\/","title":{"rendered":"XXV"},"content":{"rendered":"<p>&nbsp;<\/p>\n<ul>\n<li><a href=\"\/transparencia\/descargar.php?d=\/transparencia\/wp-content\/uploads\/lgtaip\/Formato_XXV_Resultados_dictaminacion_de_los_estados_financieros_2025.xlsx\">Resultados de la Dictaminaci\u00f3n de los Estados Financieros (enero &#8211; diciembre 2025).<\/a><\/li>\n<li><a href=\"\/transparencia\/descargar.php?d=\/transparencia\/wp-content\/uploads\/lgtaip\/Formato_XXV_Resultados_dictaminacion_de_los_estados_financieros_2024_4.xlsx\">Resultados de la Dictaminaci\u00f3n de los Estados Financieros (octubre &#8211; diciembre 2024).<\/a><\/li>\n<li><a href=\"\/transparencia\/descargar.php?d=\/transparencia\/wp-content\/uploads\/lgtaip\/Formato_XXV_Resultados_dictaminacion_de_los_estados_financieros_2024_2.xlsx\">Resultados de la Dictaminaci\u00f3n de los Estados Financieros (abril &#8211; junio 2024).<\/a><\/li>\n<li><a href=\"\/transparencia\/descargar.php?d=\/transparencia\/wp-content\/uploads\/lgtaip\/Formato_XXV_Resultados_dictaminacion_de_los_estados_financieros_2024_1.xlsx\">Resultados de la Dictaminaci\u00f3n de los Estados Financieros (enero &#8211; marzo 2024).<\/a><\/li>\n<li><a href=\"\/transparencia\/descargar.php?d=\/transparencia\/wp-content\/uploads\/lgtaip\/Formato_XXV_Resultados_dictaminacion_de_los_estados_financieros_2023.xlsx\">Resultados de la Dictaminaci\u00f3n de los Estados Financieros (enero &#8211; diciembre 2023).<\/a><\/li>\n<li><a href=\"\/transparencia\/descargar.php?d=\/transparencia\/wp-content\/uploads\/lgtaip\/Formato_XXV_Resultados_dictaminacion_de_los_estados_financieros_2022.xlsx\">Resultados de la Dictaminaci\u00f3n de los Estados Financieros (enero &#8211; diciembre 2022).<\/a><\/li>\n<li><a href=\"\/transparencia\/descargar.php?d=\/transparencia\/wp-content\/uploads\/lgtaip\/Formato_XXV_Resultados_dictaminacion_de_los_estados_financieros_2021.xlsx\">Resultados de la Dictaminaci\u00f3n de los Estados Financieros (enero &#8211; diciembre 2021).<\/a><\/li>\n<li><a href=\"\/transparencia\/descargar.php?d=\/transparencia\/wp-content\/uploads\/lgtaip\/Formato_XXV_Resultados_dictaminacion_de_los_estados_financieros_2020_4.xlsx\">Resultados de la Dictaminaci\u00f3n de los Estados Financieros (octubre &#8211; diciembre 2020).<\/a><\/li>\n<li><a href=\"\/transparencia\/descargar.php?d=\/transparencia\/wp-content\/uploads\/lgtaip\/Formato_XXV_Resultados_dictaminacion_de_los_estados_financieros_2020_3.xlsx\">Resultados de la Dictaminaci\u00f3n de los Estados Financieros (julio &#8211; septiembre 2020).<\/a><\/li>\n<li><a href=\"\/transparencia\/descargar.php?d=\/transparencia\/wp-content\/uploads\/lgtaip\/Formato_XXV_Resultados_dictaminacion_de_los_estados_financieros_2020_2.xlsx\">Resultados de la Dictaminaci\u00f3n de los Estados Financieros (abril &#8211; junio 2020).<\/a><\/li>\n<li><a href=\"\/transparencia\/descargar.php?d=\/transparencia\/wp-content\/uploads\/lgtaip\/Formato_XXV_Resultados_dictaminacion_de_los_estados_financieros_2020_1.xlsx\">Resultados de la Dictaminaci\u00f3n de los Estados Financieros (enero &#8211; marzo 2020).<\/a><\/li>\n<li><a href=\"\/transparencia\/descargar.php?d=\/transparencia\/wp-content\/uploads\/lgtaip\/Formato_XXV_Resultados_dictaminacion_de_los_estados_financieros_2019_4.xlsx\">Resultados de la Dictaminaci\u00f3n de los Estados Financieros (octubre &#8211; diciembre 2019).<\/a><\/li>\n<li><a href=\"\/transparencia\/descargar.php?d=\/transparencia\/wp-content\/uploads\/lgtaip\/Formato_XXV_Resultados_dictaminacion_de_los_estados_financieros_2019_2.xlsx\">Resultados de la Dictaminaci\u00f3n de los Estados Financieros (abril &#8211; junio 2019).<\/a><\/li>\n<li><a href=\"\/transparencia\/descargar.php?d=\/transparencia\/wp-content\/uploads\/lgtaip\/Formato_XXV_Resultados_dictaminacion_de_los_estados_financieros_2019_1.xlsx\">Resultados de la Dictaminaci\u00f3n de los Estados Financieros (enero &#8211; marzo 2019).<\/a><\/li>\n<li><a href=\"\/transparencia\/descargar.php?d=\/transparencia\/wp-content\/uploads\/lgtaip\/Formato_XXV_Resultados_dictaminacion_de_los_estados_financieros_2018_4.xlsx\">Resultados de la Dictaminaci\u00f3n de los Estados Financieros (octubre &#8211; diciembre 2018).<\/a><\/li>\n<li><a href=\"\/transparencia\/descargar.php?d=\/transparencia\/wp-content\/uploads\/lgtaip\/Formato_XXV_Resultados_dictaminacion_de_los_estados_financieros_2018_3.xlsx\">Resultados de la Dictaminaci\u00f3n de los Estados Financieros (julio &#8211; septiembre 2018).<\/a><\/li>\n<li><a href=\"\/transparencia\/descargar.php?d=\/transparencia\/wp-content\/uploads\/lgtaip\/Formato_XXV_Resultados_dictaminacion_de_los_estados_financieros_2018_2.xlsx\">Resultados de la Dictaminaci\u00f3n de los Estados Financieros (abril &#8211; junio 2018).<\/a><\/li>\n<li><a href=\"\/transparencia\/descargar.php?d=\/transparencia\/wp-content\/uploads\/lgtaip\/Formato_XXV_Resultados_dictaminacion_de_los_estados_financieros_2018_1.xlsx\">Resultados de la Dictaminaci\u00f3n de los Estados Financieros (enero &#8211; marzo 2018).<\/a><\/li>\n<\/ul>\n","protected":false},"excerpt":{"rendered":"<p>&nbsp; Resultados de la Dictaminaci\u00f3n de los Estados Financieros (enero &#8211; diciembre 2025). Resultados de la Dictaminaci\u00f3n de los Estados Financieros (octubre &#8211; diciembre 2024). Resultados de la Dictaminaci\u00f3n de los Estados Financieros (abril &#8211; junio 2024). Resultados de la Dictaminaci\u00f3n de los Estados Financieros (enero &#8211; marzo 2024). Resultados de la Dictaminaci\u00f3n de los <a class=\"more-link\" href=\"https:\/\/acapulco.gob.mx\/transparencia\/cumplimiento-de-la-ley-de-transparencia-y-acceso-a-la-informacion-publica\/xxv\/\">Continue reading <i class=\"fa fa-chevron-right\"><\/i><\/a><\/p>\n","protected":false},"author":1,"featured_media":0,"parent":2286,"menu_order":0,"comment_status":"closed","ping_status":"closed","template":"","meta":[],"_links":{"self":[{"href":"https:\/\/acapulco.gob.mx\/transparencia\/wp-json\/wp\/v2\/pages\/3365"}],"collection":[{"href":"https:\/\/acapulco.gob.mx\/transparencia\/wp-json\/wp\/v2\/pages"}],"about":[{"href":"https:\/\/acapulco.gob.mx\/transparencia\/wp-json\/wp\/v2\/types\/page"}],"author":[{"embeddable":true,"href":"https:\/\/acapulco.gob.mx\/transparencia\/wp-json\/wp\/v2\/users\/1"}],"replies":[{"embeddable":true,"href":"https:\/\/acapulco.gob.mx\/transparencia\/wp-json\/wp\/v2\/comments?post=3365"}],"version-history":[{"count":27,"href":"https:\/\/acapulco.gob.mx\/transparencia\/wp-json\/wp\/v2\/pages\/3365\/revisions"}],"predecessor-version":[{"id":7788,"href":"https:\/\/acapulco.gob.mx\/transparencia\/wp-json\/wp\/v2\/pages\/3365\/revisions\/7788"}],"up":[{"embeddable":true,"href":"https:\/\/acapulco.gob.mx\/transparencia\/wp-json\/wp\/v2\/pages\/2286"}],"wp:attachment":[{"href":"https:\/\/acapulco.gob.mx\/transparencia\/wp-json\/wp\/v2\/media?parent=3365"}],"curies":[{"name":"wp","href":"https:\/\/api.w.org\/{rel}","templated":true}]}}