{"id":3422,"date":"2018-10-03T19:37:28","date_gmt":"2018-10-03T19:37:28","guid":{"rendered":"https:\/\/acapulco.gob.mx\/transparencia\/?page_id=3422"},"modified":"2026-02-06T18:28:13","modified_gmt":"2026-02-06T18:28:13","slug":"xxxix-a","status":"publish","type":"page","link":"https:\/\/acapulco.gob.mx\/transparencia\/cumplimiento-de-la-ley-de-transparencia-y-acceso-a-la-informacion-publica\/xxxix-a\/","title":{"rendered":"XXXIX-A"},"content":{"rendered":"<p>&nbsp;<\/p>\n<ul>\n<li><a href=\"\/transparencia\/descargar.php?d=\/transparencia\/wp-content\/uploads\/lgtaip\/Formato_XXXIX-A_Informe_de_sesiones_del_Comite_de_Transparencia_2025_4.xlsx\">Informe de Sesiones del Comit\u00e9 de Transparencia (octubre &#8211; diciembre 2025)<\/a><\/li>\n<li><a href=\"\/transparencia\/descargar.php?d=\/transparencia\/wp-content\/uploads\/lgtaip\/Formato_XXXIX-A_Informe_de_sesiones_del_Comite_de_Transparencia_2025_3.xlsx\">Informe de Sesiones del Comit\u00e9 de Transparencia (julio &#8211; septiembre 2025)<\/a><\/li>\n<li><a href=\"\/transparencia\/descargar.php?d=\/transparencia\/wp-content\/uploads\/lgtaip\/Formato_XXXIX-A_Informe_de_sesiones_del_Comite_de_Transparencia_2025_2.xlsx\">Informe de Sesiones del Comit\u00e9 de Transparencia (abril &#8211; junio 2025)<\/a><\/li>\n<li><a href=\"\/transparencia\/descargar.php?d=\/transparencia\/wp-content\/uploads\/lgtaip\/Formato_XXXIX-A_Informe_de_sesiones_del_Comite_de_Transparencia_2025_1.xlsx\">Informe de Sesiones del Comit\u00e9 de Transparencia (enero &#8211; marzo 2025)<\/a><\/li>\n<li><a href=\"\/transparencia\/descargar.php?d=\/transparencia\/wp-content\/uploads\/lgtaip\/Formato_XXXIX-A_Informe_de_sesiones_del_Comite_de_Transparencia_2024_4.xlsx\">Informe de Sesiones del Comit\u00e9 de Transparencia (octubre &#8211; diciembre 2024)<\/a><\/li>\n<li><a href=\"\/transparencia\/descargar.php?d=\/transparencia\/wp-content\/uploads\/lgtaip\/Formato_XXXIX-A_Informe_de_sesiones_del_Comite_de_Transparencia_2024_3.xlsx\">Informe de Sesiones del Comit\u00e9 de Transparencia (julio &#8211; septiembre 2024)<\/a><\/li>\n<li><a href=\"\/transparencia\/descargar.php?d=\/transparencia\/wp-content\/uploads\/lgtaip\/Formato_XXXIX-A_Informe_de_sesiones_del_Comite_de_Transparencia_2024_2.xlsx\">Informe de Sesiones del Comit\u00e9 de Transparencia (abril &#8211; junio 2024)<\/a><\/li>\n<li><a href=\"\/transparencia\/descargar.php?d=\/transparencia\/wp-content\/uploads\/lgtaip\/Formato_XXXIX-A_Informe_de_sesiones_del_Comite_de_Transparencia_2024_1.xlsx\">Informe de Sesiones del Comit\u00e9 de Transparencia (enero &#8211; marzo 2024)<\/a><\/li>\n<li><a href=\"\/transparencia\/descargar.php?d=\/transparencia\/wp-content\/uploads\/lgtaip\/Formato_XXXIX-A_Informe_de_sesiones_del_Comite_de_Transparencia_2023_4.xlsx\">Informe de Sesiones del Comit\u00e9 de Transparencia (octubre &#8211; diciembre 2023)<\/a><\/li>\n<li><a href=\"\/transparencia\/descargar.php?d=\/transparencia\/wp-content\/uploads\/lgtaip\/Formato_XXXIX-A_Informe_de_sesiones_del_Comite_de_Transparencia_2023_3.xlsx\">Informe de Sesiones del Comit\u00e9 de Transparencia (julio &#8211; septiembre 2023)<\/a><\/li>\n<li><a href=\"\/transparencia\/descargar.php?d=\/transparencia\/wp-content\/uploads\/lgtaip\/Formato_XXXIX-A_Informe_de_sesiones_del_Comite_de_Transparencia_2023_2.xlsx\">Informe de Sesiones del Comit\u00e9 de Transparencia (abril &#8211; junio 2023)<\/a><\/li>\n<li><a href=\"\/transparencia\/descargar.php?d=\/transparencia\/wp-content\/uploads\/lgtaip\/Formato_XXXIX-A_Informe_de_sesiones_del_Comite_de_Transparencia_2023_1.xlsx\">Informe de Sesiones del Comit\u00e9 de Transparencia (enero &#8211; marzo 2023)<\/a><\/li>\n<li><a href=\"\/transparencia\/descargar.php?d=\/transparencia\/wp-content\/uploads\/lgtaip\/Formato_XXXIX-A_Informe_de_sesiones_del_Comite_de_Transparencia_2022_4.xlsx\">Informe de Sesiones del Comit\u00e9 de Transparencia (octubre &#8211; diciembre 2022)<\/a><\/li>\n<li><a href=\"\/transparencia\/descargar.php?d=\/transparencia\/wp-content\/uploads\/lgtaip\/Formato_XXXIX-A_Informe_de_sesiones_del_Comite_de_Transparencia_2022_3.xlsx\">Informe de Sesiones del Comit\u00e9 de Transparencia (julio &#8211; septiembre 2022)<\/a><\/li>\n<li><a href=\"\/transparencia\/descargar.php?d=\/transparencia\/wp-content\/uploads\/lgtaip\/Formato_XXXIX-A_Informe_de_sesiones_del_Comite_de_Transparencia_2022_2.xlsx\">Informe de Sesiones del Comit\u00e9 de Transparencia (abril &#8211; junio 2022)<\/a><\/li>\n<li><a href=\"\/transparencia\/descargar.php?d=\/transparencia\/wp-content\/uploads\/lgtaip\/Formato_XXXIX-A_Informe_de_sesiones_del_Comite_de_Transparencia_2022_1.xlsx\">Informe de Sesiones del Comit\u00e9 de Transparencia (enero &#8211; marzo 2022)<\/a><\/li>\n<li><a href=\"\/transparencia\/descargar.php?d=\/transparencia\/wp-content\/uploads\/lgtaip\/Formato_XXXIX-A_Informe_de_sesiones_del_Comite_de_Transparencia_2021_4.xlsx\">Informe de Sesiones del Comit\u00e9 de Transparencia (octubre &#8211; diciembre 2021)<\/a><\/li>\n<li><a href=\"\/transparencia\/descargar.php?d=\/transparencia\/wp-content\/uploads\/lgtaip\/Formato_XXXIX-A_Informe_de_sesiones_del_Comite_de_Transparencia_2021_3.xlsx\">Informe de Sesiones del Comit\u00e9 de Transparencia (julio &#8211; septiembre 2021)<\/a><\/li>\n<li><a href=\"\/transparencia\/descargar.php?d=\/transparencia\/wp-content\/uploads\/lgtaip\/Formato_XXXIX-A_Informe_de_sesiones_del_Comite_de_Transparencia_2021_2.xlsx\">Informe de Sesiones del Comit\u00e9 de Transparencia (abril &#8211; junio 2021)<\/a><\/li>\n<li><a href=\"\/transparencia\/descargar.php?d=\/transparencia\/wp-content\/uploads\/lgtaip\/Formato_XXXIX-A_Informe_de_sesiones_del_Comite_de_Transparencia_2021_1.xlsx\">Informe de Sesiones del Comit\u00e9 de Transparencia (enero &#8211; marzo 2021)<\/a><\/li>\n<li><a href=\"\/transparencia\/descargar.php?d=\/transparencia\/wp-content\/uploads\/lgtaip\/Formato_XXXIX-A_Informe_de_sesiones_del_Comite_de_Transparencia_2020_4.xlsx\">Informe de Sesiones del Comit\u00e9 de Transparencia (octubre &#8211; diciembre 2020)<\/a><\/li>\n<li><a href=\"\/transparencia\/descargar.php?d=\/transparencia\/wp-content\/uploads\/lgtaip\/Formato_XXXIX-A_Informe_de_sesiones_del_Comite_de_Transparencia_2020_3.xlsx\">Informe de Sesiones del Comit\u00e9 de Transparencia (julio &#8211; septiembre 2020)<\/a><\/li>\n<li><a href=\"\/transparencia\/descargar.php?d=\/transparencia\/wp-content\/uploads\/lgtaip\/Formato_XXXIX-A_Informe_de_sesiones_del_Comite_de_Transparencia_2020_2.xlsx\">Informe de Sesiones del Comit\u00e9 de Transparencia (abril &#8211; junio 2020)<\/a><\/li>\n<li><a href=\"\/transparencia\/descargar.php?d=\/transparencia\/wp-content\/uploads\/lgtaip\/Formato_XXXIX-A_Informe_de_sesiones_del_Comite_de_Transparencia_2020_1.xlsx\">Informe de Sesiones del Comit\u00e9 de Transparencia (enero &#8211; marzo 2020)<\/a><\/li>\n<li><a href=\"\/transparencia\/descargar.php?d=\/transparencia\/wp-content\/uploads\/lgtaip\/Formato_XXXIX-A_Informe_de_sesiones_del_Comite_de_Transparencia_2019_4.xlsx\">Informe de Sesiones del Comit\u00e9 de Transparencia (octubre &#8211; diciembre 2019)<\/a><\/li>\n<li><a href=\"\/transparencia\/descargar.php?d=\/transparencia\/wp-content\/uploads\/lgtaip\/Formato_XXXIX-A_Informe_de_sesiones_del_Comite_de_Transparencia_2019_2.xlsx\">Informe de Sesiones del Comit\u00e9 de Transparencia (abril &#8211; junio 2019)<\/a><\/li>\n<li><a href=\"\/transparencia\/descargar.php?d=\/transparencia\/wp-content\/uploads\/lgtaip\/Formato_XXXIX-A_Informe_de_sesiones_del_Comite_de_Transparencia_2019_1.xlsx\">Informe de Sesiones del Comit\u00e9 de Transparencia (enero &#8211; marzo 2019)<\/a><\/li>\n<li><a href=\"\/transparencia\/descargar.php?d=\/transparencia\/wp-content\/uploads\/lgtaip\/Formato_XXXIX-A_Informe_de_sesiones_del_Comite_de_Transparencia_2018_4.xlsx\">Informe de Sesiones del Comit\u00e9 de Transparencia (octubre &#8211; diciembre 2018)<\/a><\/li>\n<li><a href=\"\/transparencia\/descargar.php?d=\/transparencia\/wp-content\/uploads\/lgtaip\/Formato_XXXIX-A_Informe_de_sesiones_del_Comite_de_Transparencia_2018_3.xlsx\">Informe de Sesiones del Comit\u00e9 de Transparencia (julio &#8211; septiembre 2018)<\/a><\/li>\n<li><a href=\"\/transparencia\/descargar.php?d=\/transparencia\/wp-content\/uploads\/lgtaip\/Formato_XXXIX-A_Informe_de_sesiones_del_Comite_de_Transparencia_2018_2.xlsx\">Informe de Sesiones del Comit\u00e9 de Transparencia (abril &#8211; junio 2018)<\/a><\/li>\n<li><a href=\"\/transparencia\/descargar.php?d=\/transparencia\/wp-content\/uploads\/lgtaip\/Formato_XXXIX-A_Informe_de_sesiones_del_Comite_de_Transparencia_2018_1.xlsx\">Informe de Sesiones del Comit\u00e9 de Transparencia (enero &#8211; marzo 2018)<\/a><\/li>\n<li><a href=\"\/transparencia\/descargar.php?d=\/transparencia\/wp-content\/uploads\/lgtaip\/Formato_XXXIX-A_Informe_de_sesiones_del_Comite_de_Transparencia_2017.xlsx\">Informe de Sesiones del Comit\u00e9 de Transparencia (2017)<\/a><\/li>\n<\/ul>\n","protected":false},"excerpt":{"rendered":"<p>&nbsp; Informe de Sesiones del Comit\u00e9 de Transparencia (octubre &#8211; diciembre 2025) Informe de Sesiones del Comit\u00e9 de Transparencia (julio &#8211; septiembre 2025) Informe de Sesiones del Comit\u00e9 de Transparencia (abril &#8211; junio 2025) Informe de Sesiones del Comit\u00e9 de Transparencia (enero &#8211; marzo 2025) Informe de Sesiones del Comit\u00e9 de Transparencia (octubre &#8211; diciembre <a class=\"more-link\" href=\"https:\/\/acapulco.gob.mx\/transparencia\/cumplimiento-de-la-ley-de-transparencia-y-acceso-a-la-informacion-publica\/xxxix-a\/\">Continue reading <i class=\"fa fa-chevron-right\"><\/i><\/a><\/p>\n","protected":false},"author":1,"featured_media":0,"parent":2286,"menu_order":0,"comment_status":"closed","ping_status":"closed","template":"","meta":[],"_links":{"self":[{"href":"https:\/\/acapulco.gob.mx\/transparencia\/wp-json\/wp\/v2\/pages\/3422"}],"collection":[{"href":"https:\/\/acapulco.gob.mx\/transparencia\/wp-json\/wp\/v2\/pages"}],"about":[{"href":"https:\/\/acapulco.gob.mx\/transparencia\/wp-json\/wp\/v2\/types\/page"}],"author":[{"embeddable":true,"href":"https:\/\/acapulco.gob.mx\/transparencia\/wp-json\/wp\/v2\/users\/1"}],"replies":[{"embeddable":true,"href":"https:\/\/acapulco.gob.mx\/transparencia\/wp-json\/wp\/v2\/comments?post=3422"}],"version-history":[{"count":31,"href":"https:\/\/acapulco.gob.mx\/transparencia\/wp-json\/wp\/v2\/pages\/3422\/revisions"}],"predecessor-version":[{"id":7794,"href":"https:\/\/acapulco.gob.mx\/transparencia\/wp-json\/wp\/v2\/pages\/3422\/revisions\/7794"}],"up":[{"embeddable":true,"href":"https:\/\/acapulco.gob.mx\/transparencia\/wp-json\/wp\/v2\/pages\/2286"}],"wp:attachment":[{"href":"https:\/\/acapulco.gob.mx\/transparencia\/wp-json\/wp\/v2\/media?parent=3422"}],"curies":[{"name":"wp","href":"https:\/\/api.w.org\/{rel}","templated":true}]}}