{"id":3428,"date":"2018-10-03T19:38:18","date_gmt":"2018-10-03T19:38:18","guid":{"rendered":"https:\/\/acapulco.gob.mx\/transparencia\/?page_id=3428"},"modified":"2026-02-06T18:28:57","modified_gmt":"2026-02-06T18:28:57","slug":"xxxix-d","status":"publish","type":"page","link":"https:\/\/acapulco.gob.mx\/transparencia\/cumplimiento-de-la-ley-de-transparencia-y-acceso-a-la-informacion-publica\/xxxix-d\/","title":{"rendered":"XXXIX-D"},"content":{"rendered":"<p>&nbsp;<\/p>\n<ul>\n<li><a href=\"\/transparencia\/descargar.php?d=\/transparencia\/wp-content\/uploads\/lgtaip\/Formato_XXXIX-D_Calendario_de_sesiones_ordinarias_del_Comite_de_Transparencia_2025_4.xlsx\">Calendario de Sesiones Ordinarias del Comit\u00e9 de Transparencia (octubre &#8211; diciembre 2025)<\/a><\/li>\n<li><a href=\"\/transparencia\/descargar.php?d=\/transparencia\/wp-content\/uploads\/lgtaip\/Formato_XXXIX-D_Calendario_de_sesiones_ordinarias_del_Comite_de_Transparencia_2025_3.xlsx\">Calendario de Sesiones Ordinarias del Comit\u00e9 de Transparencia (julio &#8211; septiembre 2025)<\/a><\/li>\n<li><a href=\"\/transparencia\/descargar.php?d=\/transparencia\/wp-content\/uploads\/lgtaip\/Formato_XXXIX-D_Calendario_de_sesiones_ordinarias_del_Comite_de_Transparencia_2025_2.xlsx\">Calendario de Sesiones Ordinarias del Comit\u00e9 de Transparencia (abril &#8211; junio 2025)<\/a><\/li>\n<li><a href=\"\/transparencia\/descargar.php?d=\/transparencia\/wp-content\/uploads\/lgtaip\/Formato_XXXIX-D_Calendario_de_sesiones_ordinarias_del_Comite_de_Transparencia_2025_1.xlsx\">Calendario de Sesiones Ordinarias del Comit\u00e9 de Transparencia (enero &#8211; marzo 2025)<\/a><\/li>\n<li><a href=\"\/transparencia\/descargar.php?d=\/transparencia\/wp-content\/uploads\/lgtaip\/Formato_XXXIX-D_Calendario_de_sesiones_ordinarias_del_Comite_de_Transparencia_2024_4.xlsx\">Calendario de Sesiones Ordinarias del Comit\u00e9 de Transparencia (octubre &#8211; diciembre 2024)<\/a><\/li>\n<li><a href=\"\/transparencia\/descargar.php?d=\/transparencia\/wp-content\/uploads\/lgtaip\/Formato_XXXIX-D_Calendario_de_sesiones_ordinarias_del_Comite_de_Transparencia_2024_3.xlsx\">Calendario de Sesiones Ordinarias del Comit\u00e9 de Transparencia (julio &#8211; septiembre 2024)<\/a><\/li>\n<li><a href=\"\/transparencia\/descargar.php?d=\/transparencia\/wp-content\/uploads\/lgtaip\/Formato_XXXIX-D_Calendario_de_sesiones_ordinarias_del_Comite_de_Transparencia_2024_2.xlsx\">Calendario de Sesiones Ordinarias del Comit\u00e9 de Transparencia (abril &#8211; junio 2024)<\/a><\/li>\n<li><a href=\"\/transparencia\/descargar.php?d=\/transparencia\/wp-content\/uploads\/lgtaip\/Formato_XXXIX-D_Calendario_de_sesiones_ordinarias_del_Comite_de_Transparencia_2024_1.xlsx\">Calendario de Sesiones Ordinarias del Comit\u00e9 de Transparencia (enero &#8211; marzo 2024)<\/a><\/li>\n<li><a href=\"\/transparencia\/descargar.php?d=\/transparencia\/wp-content\/uploads\/lgtaip\/Formato_XXXIX-D_Calendario_de_sesiones_ordinarias_del_Comite_de_Transparencia_2023_4.xlsx\">Calendario de Sesiones Ordinarias del Comit\u00e9 de Transparencia (octubre &#8211; diciembre 2023)<\/a><\/li>\n<li><a href=\"\/transparencia\/descargar.php?d=\/transparencia\/wp-content\/uploads\/lgtaip\/Formato_XXXIX-D_Calendario_de_sesiones_ordinarias_del_Comite_de_Transparencia_2023_3.xlsx\">Calendario de Sesiones Ordinarias del Comit\u00e9 de Transparencia (julio &#8211; septiembre 2023)<\/a><\/li>\n<li><a href=\"\/transparencia\/descargar.php?d=\/transparencia\/wp-content\/uploads\/lgtaip\/Formato_XXXIX-D_Calendario_de_sesiones_ordinarias_del_Comite_de_Transparencia_2023_2.xlsx\">Calendario de Sesiones Ordinarias del Comit\u00e9 de Transparencia (abril &#8211; junio 2023)<\/a><\/li>\n<li><a href=\"\/transparencia\/descargar.php?d=\/transparencia\/wp-content\/uploads\/lgtaip\/Formato_XXXIX-D_Calendario_de_sesiones_ordinarias_del_Comite_de_Transparencia_2023_1.xlsx\">Calendario de Sesiones Ordinarias del Comit\u00e9 de Transparencia (enero &#8211; marzo 2023)<\/a><\/li>\n<li><a href=\"\/transparencia\/descargar.php?d=\/transparencia\/wp-content\/uploads\/lgtaip\/Formato_XXXIX-D_Calendario_de_sesiones_ordinarias_del_Comite_de_Transparencia_2022_4.xlsx\">Calendario de Sesiones Ordinarias del Comit\u00e9 de Transparencia (octubre &#8211; diciembre 2022)<\/a><\/li>\n<li><a href=\"\/transparencia\/descargar.php?d=\/transparencia\/wp-content\/uploads\/lgtaip\/Formato_XXXIX-D_Calendario_de_sesiones_ordinarias_del_Comite_de_Transparencia_2022_3.xlsx\">Calendario de Sesiones Ordinarias del Comit\u00e9 de Transparencia (julio &#8211; septiembre 2022)<\/a><\/li>\n<\/ul>\n","protected":false},"excerpt":{"rendered":"<p>&nbsp; Calendario de Sesiones Ordinarias del Comit\u00e9 de Transparencia (octubre &#8211; diciembre 2025) Calendario de Sesiones Ordinarias del Comit\u00e9 de Transparencia (julio &#8211; septiembre 2025) Calendario de Sesiones Ordinarias del Comit\u00e9 de Transparencia (abril &#8211; junio 2025) Calendario de Sesiones Ordinarias del Comit\u00e9 de Transparencia (enero &#8211; marzo 2025) Calendario de Sesiones Ordinarias del Comit\u00e9 <a class=\"more-link\" href=\"https:\/\/acapulco.gob.mx\/transparencia\/cumplimiento-de-la-ley-de-transparencia-y-acceso-a-la-informacion-publica\/xxxix-d\/\">Continue reading <i class=\"fa fa-chevron-right\"><\/i><\/a><\/p>\n","protected":false},"author":1,"featured_media":0,"parent":2286,"menu_order":0,"comment_status":"closed","ping_status":"closed","template":"","meta":[],"_links":{"self":[{"href":"https:\/\/acapulco.gob.mx\/transparencia\/wp-json\/wp\/v2\/pages\/3428"}],"collection":[{"href":"https:\/\/acapulco.gob.mx\/transparencia\/wp-json\/wp\/v2\/pages"}],"about":[{"href":"https:\/\/acapulco.gob.mx\/transparencia\/wp-json\/wp\/v2\/types\/page"}],"author":[{"embeddable":true,"href":"https:\/\/acapulco.gob.mx\/transparencia\/wp-json\/wp\/v2\/users\/1"}],"replies":[{"embeddable":true,"href":"https:\/\/acapulco.gob.mx\/transparencia\/wp-json\/wp\/v2\/comments?post=3428"}],"version-history":[{"count":34,"href":"https:\/\/acapulco.gob.mx\/transparencia\/wp-json\/wp\/v2\/pages\/3428\/revisions"}],"predecessor-version":[{"id":7797,"href":"https:\/\/acapulco.gob.mx\/transparencia\/wp-json\/wp\/v2\/pages\/3428\/revisions\/7797"}],"up":[{"embeddable":true,"href":"https:\/\/acapulco.gob.mx\/transparencia\/wp-json\/wp\/v2\/pages\/2286"}],"wp:attachment":[{"href":"https:\/\/acapulco.gob.mx\/transparencia\/wp-json\/wp\/v2\/media?parent=3428"}],"curies":[{"name":"wp","href":"https:\/\/api.w.org\/{rel}","templated":true}]}}