{"id":3431,"date":"2018-10-03T21:44:13","date_gmt":"2018-10-03T21:44:13","guid":{"rendered":"https:\/\/acapulco.gob.mx\/transparencia\/?page_id=3431"},"modified":"2025-10-09T16:41:45","modified_gmt":"2025-10-09T16:41:45","slug":"avisos-de-privacidad","status":"publish","type":"page","link":"https:\/\/acapulco.gob.mx\/transparencia\/avisos-de-privacidad\/","title":{"rendered":"Avisos de Privacidad"},"content":{"rendered":"<p>&nbsp;<\/p>\n<ul>\n<li><a href=\"\/transparencia\/descargar.php?d=\/transparencia\/wp-content\/uploads\/privacidad\/Aviso_de_Privacidad_Citas_en_Linea_Centro_de_Bienestar_Animal.pdf\">Aviso de Privacidad Integral dirigido a particulares que se registren y\/o soliciten una cita a trav\u00e9s del <b>Sistema de Citas en L\u00ednea del Centro de Bienestar Animal<\/b>.<\/a><\/li>\n<li><a href=\"\/transparencia\/descargar.php?d=\/transparencia\/wp-content\/uploads\/privacidad\/Aviso_de_Privacidad_Citas_en_Linea_Centro_de_Bienestar_Animal_Simplificado.pdf\">Aviso de Privacidad Simplificado dirigido a particulares que se registren y\/o soliciten una cita a trav\u00e9s del <b>Sistema de Citas en L\u00ednea del Centro de Bienestar Animal<\/b>.<\/a><\/li>\n<li><a href=\"\/transparencia\/descargar.php?d=\/transparencia\/wp-content\/uploads\/privacidad\/Aviso_de_Privacidad_Sistema_Municipal_de_Monitoreo_Climatico.pdf\">Aviso de Privacidad Integral dirigido a particulares que realicen su registro para acceder al <b>Sistema Municipal de Monitoreo Clim\u00e1tico<\/b>.<\/a><\/li>\n<li><a href=\"\/transparencia\/descargar.php?d=\/transparencia\/wp-content\/uploads\/privacidad\/Aviso_de_Privacidad_Sistema_Municipal_de_Monitoreo_Climatico_Simplificado.pdf\">Aviso de Privacidad Simplificado dirigido a particulares que realicen su registro para acceder al <b>Sistema Municipal de Monitoreo Clim\u00e1tico<\/b>.<\/a><\/li>\n<li><a href=\"\/transparencia\/descargar.php?d=\/transparencia\/wp-content\/uploads\/privacidad\/Aviso_de_Privacidad_Contacto_Portal_Web_Institucional.pdf\">Aviso de Privacidad Integral dirigido a particulares que env\u00eden solicitudes de atenci\u00f3n a trav\u00e9s de la secci\u00f3n <b>&#8220;Contacto Ciudadano&#8221; del Portal Web Institucional<\/b>.<\/a><\/li>\n<li><a href=\"\/transparencia\/descargar.php?d=\/transparencia\/wp-content\/uploads\/privacidad\/Aviso_de_Privacidad_Contacto_Portal_Web_Institucional_Simplificado.pdf\">Aviso de Privacidad Simplificado dirigido a particulares que env\u00eden solicitudes de atenci\u00f3n a trav\u00e9s de la secci\u00f3n <b>&#8220;Contacto Ciudadano&#8221; del Portal Web Institucional<\/b>.<\/a><\/li>\n<li><a href=\"\/transparencia\/descargar.php?d=\/transparencia\/wp-content\/uploads\/privacidad\/Aviso_de_Privacidad_Programas_FORTAMUN.pdf\">Aviso de Privacidad Simplificado de los <b>Programas Sociales de la Direcci\u00f3n de Fortalecimiento Municipal<\/b>.<\/a><\/li>\n<li><a href=\"\/transparencia\/descargar.php?d=\/transparencia\/wp-content\/uploads\/privacidad\/Aviso_de_Privacidad_Programas_de_Desarrollo_Economico.pdf\">Aviso de Privacidad Integral de los <b>Programas de Desarollo Econ\u00f3mico<\/b>.<\/a><\/li>\n<li><a href=\"\/transparencia\/descargar.php?d=\/transparencia\/wp-content\/uploads\/privacidad\/Aviso_de_Privacidad_Programas_de_Desarrollo_Economico_Simplificado.pdf\">Aviso de Privacidad Simplificado de los <b>Programas de Desarollo Econ\u00f3mico<\/b>.<\/a><\/li>\n<li><a href=\"\/transparencia\/descargar.php?d=\/transparencia\/wp-content\/uploads\/privacidad\/Aviso_de_Privacidad_Gobernacion_Tramite_de_Constancias_y_Cartilla_No_Liberada_de_Identidad_Militar_simplificado.pdf\">Aviso de Privacidad Simplificado de la Direcci\u00f3n de Gobernaci\u00f3n dirigido a los usuarios que presenten alg\u00fan <b>tr\u00e1mite de Constancias y Cartilla no liberada de Identidad Militar<\/b>.<\/a><\/li>\n<li><a href=\"\/transparencia\/descargar.php?d=\/transparencia\/wp-content\/uploads\/privacidad\/Aviso_de_Privacidad_Gobernacion_Tramite_para_los_servicios_que_se_requieran_simplificado.pdf\">Aviso de Privacidad Simplificado de la Direcci\u00f3n de Gobernaci\u00f3n dirigido a los usuarios que presenten alg\u00fan <b>tr\u00e1mite para los servicios que se requieran<\/b>.<\/a><\/li>\n<li><a href=\"\/transparencia\/descargar.php?d=\/transparencia\/wp-content\/uploads\/privacidad\/Aviso_de_Privacidad_Gobernacion_Comisarios_y_Delegados_que_presenten_algun_tramite_para_apoyo_social_simplificado.pdf\">Aviso de Privacidad Simplificado de la Direcci\u00f3n de Gobernaci\u00f3n dirigido a los <b>Comisarios y Delegados que presenten alg\u00fan tr\u00e1mite para el apoyo social<\/b>.<\/a><\/li>\n<li><a href=\"\/transparencia\/descargar.php?d=\/transparencia\/wp-content\/uploads\/privacidad\/Aviso_de_Privacidad_Direccion_de_Gobernacion_Municipal.pdf\">Aviso de Privacidad Integral de la <b>Direcci\u00f3n de Gobernaci\u00f3n<\/b>.<\/a><\/li>\n<li><a href=\"\/transparencia\/descargar.php?d=\/transparencia\/wp-content\/uploads\/privacidad\/Aviso_de_Privacidad_Integral_Licencias_Conducir.pdf\">Aviso de Privacidad Integral dirigido a los contribuyentes que presentan alg\u00fan tr\u00e1mite de: <b>licencias de conducir<\/b> por primera vez, canje o renovaci\u00f3n de licencia para conducir, permisos y licencias para personas de nacionalidad extranjera, permiso juvenil, permiso de aprendizaje para conducir.<\/a><\/li>\n<li><a href=\"\/transparencia\/descargar.php?d=\/transparencia\/wp-content\/uploads\/privacidad\/Aviso_de_Privacidad_Integral_Permiso_Carga_Descarga_Horario_Restringido.pdf\">Aviso de Privacidad Integral dirigido a los contribuyentes que presentan alg\u00fan tr\u00e1mite de: <b>permiso provisional para realizar maniobra de carga y descarga, permiso para circular en zonas y horarios restringidos<\/b>.<\/a><\/li>\n<li><a href=\"\/transparencia\/descargar.php?d=\/transparencia\/wp-content\/uploads\/privacidad\/Aviso_de_Privacidad_Capacitacion.pdf\">Aviso de Privacidad Integral de <b>Cursos de Capacitaci\u00f3n y Formaci\u00f3n, para los Servidores P\u00fablicos<\/b> del H. Ayuntamiento de Acapulco.<\/a><\/li>\n<li><a href=\"\/transparencia\/descargar.php?d=\/transparencia\/wp-content\/uploads\/privacidad\/Aviso_de_Privacidad_Nomina.pdf\">Aviso de Privacidad Integral de Elaboraci\u00f3n de Layout para el <b>Pago de Sueldos a los Servidores P\u00fablicos<\/b> del H. Ayuntamiento de Acapulco.<\/a><\/li>\n<li><a href=\"\/transparencia\/descargar.php?d=\/transparencia\/wp-content\/uploads\/privacidad\/Aviso_de_Privacidad_Alta_de_Personal.pdf\">Aviso de Privacidad Integral de <b>Control de Movimiento de Alta del Personal de Nuevo Ingreso<\/b> al H. Ayuntamiento de Acapulco.<\/a><\/li>\n<li><a href=\"\/transparencia\/descargar.php?d=\/transparencia\/wp-content\/uploads\/privacidad\/Aviso_de_Privacidad_Asistencia_y_Expediente.pdf\">Aviso de Privacidad Integral de <b>Control de Asistencia y Expediente del Personal<\/b> del H. Ayuntamiento de Acapulco.<\/a><\/li>\n<li><a href=\"\/transparencia\/descargar.php?d=\/transparencia\/wp-content\/uploads\/privacidad\/Aviso_de_Privacidad_Servicio_Social.pdf\">Aviso de Privacidad Integral de <b>Control de Prestadores de Servicio Social, Pr\u00e1cticas, Residencia y Estad\u00eda<\/b>, en el H. Ayuntamiento de Acapulco.<\/a><\/li>\n<li><a href=\"\/transparencia\/descargar.php?d=\/transparencia\/wp-content\/uploads\/privacidad\/Aviso_de_Privacidad_Licencias_de_Funcionamiento_Establecimientos_Comerciales_020822.pdf\">Aviso de Privacidad Integral dirigido a los contribuyentes que presentan alg\u00fan <b>tr\u00e1mite de licencias de funcionamiento<\/b> para establecimientos comerciales.<\/a><\/li>\n<li><a href=\"\/transparencia\/descargar.php?d=\/transparencia\/wp-content\/uploads\/privacidad\/Aviso_de_Privacidad_Licencias_de_Funcionamiento_Establecimientos_Comerciales_Simplificado_020822.pdf\">Aviso de Privacidad Simplificado dirigido a los contribuyentes que presentan alg\u00fan <b>tr\u00e1mite de licencias de funcionamiento<\/b> para establecimientos comerciales.<\/a><\/li>\n<li><a href=\"\/transparencia\/descargar.php?d=\/transparencia\/wp-content\/uploads\/privacidad\/Aviso_de_Privacidad_Constancia_Inexistencia_de_Registro_de_Inhabilitacion_071221.pdf\">Aviso de Privacidad Integral dirigido a particulares que presenten el <b>tr\u00e1mite de solicitud de constancia de inexistencia de registro de inhabilitaci\u00f3n<\/b>.<\/a><\/li>\n<li><a href=\"\/transparencia\/descargar.php?d=\/transparencia\/wp-content\/uploads\/privacidad\/Aviso_de_Privacidad_Declaracion_Patrimonial_2023_Simplificado.pdf\">Aviso de Privacidad Simplificado dirigido a particulares que presenten su <b>declaraci\u00f3n patrimonial y de intereses<\/b>.<\/a><\/li>\n<li><a href=\"\/transparencia\/descargar.php?d=\/transparencia\/wp-content\/uploads\/privacidad\/Aviso_de_Privacidad_Declaracion_Patrimonial_2023.pdf\">Aviso de Privacidad Integral dirigido a particulares que presenten su <b>declaraci\u00f3n patrimonial y de intereses<\/b>.<\/a><\/li>\n<li><a href=\"\/transparencia\/descargar.php?d=\/transparencia\/wp-content\/uploads\/privacidad\/Aviso_de_Privacidad_Capacitacion_Presencial.pdf\">Aviso de Privacidad Integral dirigido a particulares que participen en acciones de <b>capacitaci\u00f3n presencial dirigida a servidores p\u00fablicos<\/b> del H. Ayuntamiento De Acapulco De Ju\u00e1rez, Guerrero.<\/a><\/li>\n<li><a href=\"\/transparencia\/descargar.php?d=\/transparencia\/wp-content\/uploads\/privacidad\/Aviso_de_Privacidad_Capacitacion_Presencial_Simplificado.pdf\">Aviso de Privacidad Simplificado dirigido a particulares que participen en acciones de <b>capacitaci\u00f3n presencial dirigida a servidores p\u00fablicos<\/b> del H. Ayuntamiento De Acapulco De Ju\u00e1rez, Guerrero.<\/a><\/li>\n<li><a href=\"\/transparencia\/descargar.php?d=\/transparencia\/wp-content\/uploads\/privacidad\/Aviso_de_Privacidad_Atencion_a_Quejas_Denuncias_Reportes.pdf\">Aviso de Privacidad Integral dirigido a particulares que presenten el <b>tr\u00e1mite de atenci\u00f3n a quejas, denuncias y reportes ciudadanos<\/b>.<\/a><\/li>\n<li><a href=\"\/transparencia\/descargar.php?d=\/transparencia\/wp-content\/uploads\/privacidad\/Aviso_de_Privacidad_Atencion_a_Quejas_Denuncias_Reportes_Simplificado.pdf\">Aviso de Privacidad Simplificado dirigido a particulares que presenten el <b>tr\u00e1mite de atenci\u00f3n a quejas, denuncias y reportes ciudadanos<\/b>.<\/a><\/li>\n<li><a href=\"\/transparencia\/descargar.php?d=\/transparencia\/wp-content\/uploads\/privacidad\/Aviso_de_Privacidad_Redes_Vecinales_por_la_Construccion_de_Paz.pdf\">Aviso de Privacidad Integral dirigido a particulares que integren los grupos de <b>Redes Vecinales por la Construcci\u00f3n de Paz<\/b>.<\/a><\/li>\n<li><a href=\"\/transparencia\/descargar.php?d=\/transparencia\/wp-content\/uploads\/privacidad\/Aviso_de_Privacidad_Redes_Vecinales_por_la_Construccion_de_Paz_Simplificado.pdf\">Aviso de Privacidad Simplificado dirigido a particulares que integren los grupos de <b>Redes Vecinales por la Construcci\u00f3n de Paz<\/b>.<\/a><\/li>\n<li><a href=\"\/transparencia\/descargar.php?d=\/transparencia\/wp-content\/uploads\/privacidad\/Aviso_de_Privacidad_Participacion_en_Acciones_Proyectos_Especiales_Presidencia.pdf\">Aviso de Privacidad Integral dirigido a funcionarios p\u00fablicos y particulares que participen en acciones de <b>capacitaci\u00f3n, cursos, conferencias, exposiciones y simposios<\/b> por parte de la Coordinaci\u00f3n de Proyectos Especiales de la Presidencia.<\/a><\/li>\n<li><a href=\"\/transparencia\/descargar.php?d=\/transparencia\/wp-content\/uploads\/privacidad\/Aviso_de_Privacidad_Participacion_en_Acciones_Proyectos_Especiales_Presidencia_Simplificado.pdf\">Aviso de Privacidad Simplificado dirigido a funcionarios p\u00fablicos y particulares que participen en acciones de <b>capacitaci\u00f3n, cursos, conferencias, exposiciones y simposios<\/b> por parte de la Coordinaci\u00f3n de Proyectos Especiales de la Presidencia.<\/a><\/li>\n<li><a href=\"\/transparencia\/descargar.php?d=\/transparencia\/wp-content\/uploads\/privacidad\/Aviso_de_Privacidad_App_Consume_Local.pdf\">Aviso de Privacidad Integral dirigido a particulares o empresas privadas que participan dentro del programa de <b>Acapulco Unido &#8220;Consume Local&#8221;<\/b> desarrollado durante la contingencia COVID-19.<\/a><\/li>\n<li><a href=\"\/transparencia\/descargar.php?d=\/transparencia\/wp-content\/uploads\/privacidad\/Aviso_de_Privacidad_App_Consume_Local_Simplificado.pdf\">Aviso de Privacidad Simplificado dirigido a particulares o empresas privadas que participan dentro del programa de <b>Acapulco Unido &#8220;Consume Local&#8221;<\/b> desarrollado durante la contingencia COVID-19.<\/a><\/li>\n<li><a href=\"\/transparencia\/descargar.php?d=\/transparencia\/wp-content\/uploads\/privacidad\/Aviso_de_Privacidad_App_Respuesta_Ciudadana.pdf\">Aviso de Privacidad Integral dirigido a particulares que presenten reportes ciudadanos a trav\u00e9s de la aplicaci\u00f3n movil <b>Respuesta Ciudadana<\/b>.<\/a><\/li>\n<li><a href=\"\/transparencia\/descargar.php?d=\/transparencia\/wp-content\/uploads\/privacidad\/Aviso_de_Privacidad_App_Respuesta_Ciudadana_Simplificado.pdf\">Aviso de Privacidad Simplificado dirigido a particulares que presenten reportes ciudadanos a trav\u00e9s de la aplicaci\u00f3n movil <b>Respuesta Ciudadana<\/b>.<\/a><\/li>\n<\/ul>\n","protected":false},"excerpt":{"rendered":"<p>&nbsp; Aviso de Privacidad Integral dirigido a particulares que se registren y\/o soliciten una cita a trav\u00e9s del Sistema de Citas en L\u00ednea del Centro de Bienestar Animal. Aviso de Privacidad Simplificado dirigido a particulares que se registren y\/o soliciten una cita a trav\u00e9s del Sistema de Citas en L\u00ednea del Centro de Bienestar Animal. <a class=\"more-link\" href=\"https:\/\/acapulco.gob.mx\/transparencia\/avisos-de-privacidad\/\">Continue reading <i class=\"fa fa-chevron-right\"><\/i><\/a><\/p>\n","protected":false},"author":1,"featured_media":0,"parent":0,"menu_order":0,"comment_status":"closed","ping_status":"closed","template":"","meta":[],"_links":{"self":[{"href":"https:\/\/acapulco.gob.mx\/transparencia\/wp-json\/wp\/v2\/pages\/3431"}],"collection":[{"href":"https:\/\/acapulco.gob.mx\/transparencia\/wp-json\/wp\/v2\/pages"}],"about":[{"href":"https:\/\/acapulco.gob.mx\/transparencia\/wp-json\/wp\/v2\/types\/page"}],"author":[{"embeddable":true,"href":"https:\/\/acapulco.gob.mx\/transparencia\/wp-json\/wp\/v2\/users\/1"}],"replies":[{"embeddable":true,"href":"https:\/\/acapulco.gob.mx\/transparencia\/wp-json\/wp\/v2\/comments?post=3431"}],"version-history":[{"count":26,"href":"https:\/\/acapulco.gob.mx\/transparencia\/wp-json\/wp\/v2\/pages\/3431\/revisions"}],"predecessor-version":[{"id":7602,"href":"https:\/\/acapulco.gob.mx\/transparencia\/wp-json\/wp\/v2\/pages\/3431\/revisions\/7602"}],"wp:attachment":[{"href":"https:\/\/acapulco.gob.mx\/transparencia\/wp-json\/wp\/v2\/media?parent=3431"}],"curies":[{"name":"wp","href":"https:\/\/api.w.org\/{rel}","templated":true}]}}