{"id":3627,"date":"2019-02-08T16:40:33","date_gmt":"2019-02-08T16:40:33","guid":{"rendered":"https:\/\/acapulco.gob.mx\/transparencia\/?page_id=3627"},"modified":"2026-03-20T18:30:34","modified_gmt":"2026-03-20T18:30:34","slug":"transparencia-2019","status":"publish","type":"page","link":"https:\/\/acapulco.gob.mx\/transparencia\/","title":{"rendered":"Untitled"},"content":{"rendered":"<style>\n.contenedor { background-color: #9F2241; border-radius: 15px; float: left; width: 32%; height: 100px; display:flex; justify-content: center; align-items:center; margin: 0 9px 9px 0; max-width: 100%; min-width: 330px; background-image: linear-gradient(to top right, #691C32, #9F2241); color: #eee; text-align: center; font-size: 17px; font-family: 'Nunito'; font-weight: 700; }\n.contenedor:hover { background-image: linear-gradient(to top right, #9F2241, #691C32); color: #fff; }\n<\/style>\n<p><\/p>\n<div class='contenedor'><a href=\"\/transparencia\/cumplimiento-de-la-ley-de-transparencia-y-acceso-a-la-informacion-publica\/\" style=\"color: #eee !important; text-decoration: none;\">Cumplimiento de la Ley N\u00famero 207 de Transparencia y Acceso a la Informaci\u00f3n P\u00fablica del Estado de Guerrero<\/a><\/div>\n<div class='contenedor'><a href=\"\/transparencia\/ley-general-de-contabilidad-gubernamental\/cumplimiento\/\" style=\"color: #eee !important; text-decoration: none;\">Cumplimiento de la Ley General de Contabilidad Gubernamental<\/a><\/div>\n<div class='contenedor'><a href=\"\/transparencia\/cuentas-publicas\/\" style=\"color: #eee !important; text-decoration: none;\">Cuentas P\u00fablicas<\/a><\/div>\n<div class='contenedor'><a href=\"\/transparencia\/finanzas-publicas-y-presupuestos\/informacion-financiera\/\" style=\"color: #eee !important; text-decoration: none;\">Informaci\u00f3n Financiera<\/a><\/div>\n<div class='contenedor'><a href=\"\/transparencia\/finanzas-publicas-y-presupuestos\/informacion-presupuestaria\/\" style=\"color: #eee !important; text-decoration: none;\">Informaci\u00f3n Presupuestaria<\/a><\/div>\n<div class='contenedor'><a href=\"\/transparencia\/informacion-financiera-y-presupuestaria-de-entidades-paramunicipales\/\" style=\"color: #eee !important; text-decoration: none;\">Informaci\u00f3n Financiera y Presupuestaria de Entidades Paramunicipales<\/a><\/div>\n<div class='contenedor'><a href=\"\/transparencia\/finanzas-publicas-y-presupuestos\/ley-de-disciplina-financiera\/\" style=\"color: #eee !important; text-decoration: none;\">Ley de Disciplina Financiera<\/a><\/div>\n<div class='contenedor'><a href=\"\/transparencia\/plan-municipal-de-desarrollo\/\" style=\"color: #eee !important; text-decoration: none;\">Plan Municipal de Desarrollo<\/a><\/div>\n<p><!--div class='contenedor'><a href=\"\/transparencia\/transparencia-proactiva\/\" style=\"color: #eee !important; text-decoration: none;\">Transparencia Proactiva<\/a><\/div-->\n<br style=\"clear: left;\" \/><\/p>\n","protected":false},"excerpt":{"rendered":"<p>Cumplimiento de la Ley N\u00famero 207 de Transparencia y Acceso a la Informaci\u00f3n P\u00fablica del Estado de Guerrero Cumplimiento de la Ley General de Contabilidad Gubernamental Cuentas P\u00fablicas Informaci\u00f3n Financiera Informaci\u00f3n Presupuestaria Informaci\u00f3n Financiera y Presupuestaria de Entidades Paramunicipales Ley de Disciplina Financiera Plan Municipal de Desarrollo<\/p>\n","protected":false},"author":1,"featured_media":0,"parent":0,"menu_order":0,"comment_status":"closed","ping_status":"closed","template":"","meta":[],"_links":{"self":[{"href":"https:\/\/acapulco.gob.mx\/transparencia\/wp-json\/wp\/v2\/pages\/3627"}],"collection":[{"href":"https:\/\/acapulco.gob.mx\/transparencia\/wp-json\/wp\/v2\/pages"}],"about":[{"href":"https:\/\/acapulco.gob.mx\/transparencia\/wp-json\/wp\/v2\/types\/page"}],"author":[{"embeddable":true,"href":"https:\/\/acapulco.gob.mx\/transparencia\/wp-json\/wp\/v2\/users\/1"}],"replies":[{"embeddable":true,"href":"https:\/\/acapulco.gob.mx\/transparencia\/wp-json\/wp\/v2\/comments?post=3627"}],"version-history":[{"count":23,"href":"https:\/\/acapulco.gob.mx\/transparencia\/wp-json\/wp\/v2\/pages\/3627\/revisions"}],"predecessor-version":[{"id":7917,"href":"https:\/\/acapulco.gob.mx\/transparencia\/wp-json\/wp\/v2\/pages\/3627\/revisions\/7917"}],"wp:attachment":[{"href":"https:\/\/acapulco.gob.mx\/transparencia\/wp-json\/wp\/v2\/media?parent=3627"}],"curies":[{"name":"wp","href":"https:\/\/api.w.org\/{rel}","templated":true}]}}