{"id":3681,"date":"2019-02-09T00:11:23","date_gmt":"2019-02-09T00:11:23","guid":{"rendered":"https:\/\/acapulco.gob.mx\/transparencia\/?page_id=3681"},"modified":"2026-02-06T20:03:53","modified_gmt":"2026-02-06T20:03:53","slug":"informes-de-bienes-muebles-e-inmuebles","status":"publish","type":"page","link":"https:\/\/acapulco.gob.mx\/transparencia\/finanzas-publicas-y-presupuestos\/informacion-financiera\/informes-de-bienes-muebles-e-inmuebles\/","title":{"rendered":"Informes de Bienes Muebles e Inmuebles"},"content":{"rendered":"<p>&nbsp;<\/p>\n<ul>\n<li>Relaci\u00f3n de Bienes Muebles e Inmuebles 2025 Segundo Semestre\n<p class=\"lip\"><span class=\"descarga\"><a href=\"\/transparencia\/descargar.php?d=\/transparencia\/wp-content\/uploads\/finanzas\/infofinanciera\/Relacion_de_Bienes_Muebles_e_Inmuebles_2025-4.pdf\">Descargar PDF<\/a><\/span><\/p>\n<\/li>\n<li>Relaci\u00f3n de Bienes Muebles e Inmuebles 2025 Primer Semestre\n<p class=\"lip\"><span class=\"descarga\"><a href=\"\/transparencia\/descargar.php?d=\/transparencia\/wp-content\/uploads\/finanzas\/infofinanciera\/Relacion_de_Bienes_Muebles_e_Inmuebles_2025-2.pdf\">Descargar PDF<\/a><\/span><\/p>\n<\/li>\n<li>Relaci\u00f3n de Bienes Muebles e Inmuebles 2024 Segundo Semestre\n<p class=\"lip\"><span class=\"descarga\"><a href=\"\/transparencia\/descargar.php?d=\/transparencia\/wp-content\/uploads\/finanzas\/infofinanciera\/Relacion_de_Bienes_Muebles_2024-4.pdf\">Descargar PDF<\/a><\/span><\/p>\n<\/li>\n<li>Relaci\u00f3n de Bienes Muebles e Inmuebles 2024 Primer Semestre\n<p class=\"lip\"><span class=\"descarga\"><a href=\"\/transparencia\/descargar.php?d=\/transparencia\/wp-content\/uploads\/finanzas\/infofinanciera\/Relacion_de_Bienes_Muebles_2024-2.pdf\">Descargar PDF<\/a><\/span><\/p>\n<\/li>\n<li>Relaci\u00f3n de Bienes Muebles e Inmuebles 2023 Segundo Semestre\n<p class=\"lip\"><span class=\"descarga\"><a href=\"\/transparencia\/descargar.php?d=\/transparencia\/wp-content\/uploads\/finanzas\/infofinanciera\/Relacion_de_Bienes_Muebles_2023-4.pdf\">Descargar PDF<\/a><\/span><\/p>\n<\/li>\n<li>Relaci\u00f3n de Bienes Muebles e Inmuebles 2023 Primer Semestre\n<p class=\"lip\"><span class=\"descarga\"><a href=\"\/transparencia\/descargar.php?d=\/transparencia\/wp-content\/uploads\/finanzas\/infofinanciera\/Relacion_de_Bienes_Muebles_2023-2.pdf\">Descargar PDF<\/a><\/span><\/p>\n<\/li>\n<li>Relaci\u00f3n de Bienes Muebles e Inmuebles 2022 Segundo Semestre\n<p class=\"lip\"><span class=\"descarga\"><a href=\"\/transparencia\/descargar.php?d=\/transparencia\/wp-content\/uploads\/finanzas\/infofinanciera\/Relacion_de_Bienes_Muebles_2022-4.pdf\">Descargar PDF<\/a><\/span><\/p>\n<\/li>\n<li>Relaci\u00f3n de Bienes Muebles e Inmuebles 2022 Primer Semestre\n<p class=\"lip\"><span class=\"descarga\"><a href=\"\/transparencia\/descargar.php?d=\/transparencia\/wp-content\/uploads\/finanzas\/infofinanciera\/Relacion_de_Bienes_Muebles_2022-2.pdf\">Descargar PDF<\/a><\/span><\/p>\n<\/li>\n<li>Relaci\u00f3n de Bienes Muebles e Inmuebles 2021 Segundo Semestre\n<p class=\"lip\"><span class=\"descarga\"><a href=\"\/transparencia\/descargar.php?d=\/transparencia\/wp-content\/uploads\/finanzas\/infofinanciera\/Relacion_de_Bienes_Muebles_2021-4.pdf\">Descargar PDF<\/a><\/span><\/p>\n<\/li>\n<\/ul>\n<p>&nbsp;<br \/>\n<b>Anteriores al segundo semestre de 2021<\/b><\/p>\n<ul>\n<li>Relaci\u00f3n de Bienes Muebles 2021 Primer Semestre\n<p class=\"lip\"><span class=\"descarga\"><a href=\"\/transparencia\/descargar.php?d=\/transparencia\/wp-content\/uploads\/finanzas\/infofinanciera\/Relacion_de_Bienes_Muebles_2021-2.pdf\">Descargar PDF<\/a><\/span><\/p>\n<\/li>\n<li>Relaci\u00f3n de Bienes Muebles 2020 Cuarto Trimestre\n<p class=\"lip\"><span class=\"descarga\"><a href=\"\/transparencia\/descargar.php?d=\/transparencia\/wp-content\/uploads\/finanzas\/infofinanciera\/Relacion_de_Bienes_Muebles_2020-4.pdf\">Descargar PDF<\/a><\/span><\/p>\n<\/li>\n<li>Relaci\u00f3n de Bienes Muebles 2020 Primer Semestre\n<p class=\"lip\"><span class=\"descarga\"><a href=\"\/transparencia\/descargar.php?d=\/transparencia\/wp-content\/uploads\/finanzas\/infofinanciera\/Relacion_de_Bienes_Muebles_2020-2.xlsx\">Descargar XLS<\/a><\/span><\/p>\n<\/li>\n<li>Relaci\u00f3n de Bienes Muebles 2019 Segundo Trimestre\n<p class=\"lip\"><span class=\"descarga\"><a href=\"\/transparencia\/descargar.php?d=\/transparencia\/wp-content\/uploads\/finanzas\/infofinanciera\/Relacion_de_Bienes_Muebles_2019-2.xlsx\">Descargar XLS<\/a><\/span><\/p>\n<\/li>\n<li>Relaci\u00f3n de Bienes Muebles 2019 Primer Trimestre\n<p class=\"lip\"><span class=\"descarga\"><a href=\"\/transparencia\/descargar.php?d=\/transparencia\/wp-content\/uploads\/finanzas\/infofinanciera\/Relacion_de_Bienes_Muebles_2019-1.xlsx\">Descargar XLS<\/a><\/span><\/p>\n<\/li>\n<li>Relaci\u00f3n de Bienes Muebles 2018\n<p class=\"lip\"><span class=\"descarga\"><a href=\"\/transparencia\/descargar.php?d=\/transparencia\/wp-content\/uploads\/finanzas\/infofinanciera\/Relacion_de_Bienes_Muebles_2018-4.pdf\">Descargar PDF<\/a><\/span><\/p>\n<\/li>\n<li>Relaci\u00f3n de Bienes Inmuebles 2021 Primer Semestre\n<p class=\"lip\"><span class=\"descarga\"><a href=\"\/transparencia\/descargar.php?d=\/transparencia\/wp-content\/uploads\/finanzas\/infofinanciera\/Relacion_de_Bienes_Inmuebles_2021-2.pdf\">Descargar PDF<\/a><\/span><\/p>\n<\/li>\n<li>Relaci\u00f3n de Bienes Inmuebles 2020 Tercer Trimestre\n<p class=\"lip\"><span class=\"descarga\"><a href=\"\/transparencia\/descargar.php?d=\/transparencia\/wp-content\/uploads\/finanzas\/infofinanciera\/Relacion_de_Bienes_Inmuebles_2020-3.xlsx\">Descargar XLS<\/a><\/span><\/p>\n<\/li>\n<li>Relaci\u00f3n de Bienes Inmuebles 2020 Primer Semestre\n<p class=\"lip\"><span class=\"descarga\"><a href=\"\/transparencia\/descargar.php?d=\/transparencia\/wp-content\/uploads\/finanzas\/infofinanciera\/Relacion_de_Bienes_Inmuebles_2020-2.xlsx\">Descargar XLS<\/a><\/span><\/p>\n<\/li>\n<li>Relaci\u00f3n de Bienes Inmuebles 2019 Cuarto Trimestre\n<p class=\"lip\"><span class=\"descarga\"><a href=\"\/transparencia\/descargar.php?d=\/transparencia\/wp-content\/uploads\/finanzas\/infofinanciera\/Relacion_de_Bienes_Inmuebles_2019-4.xlsx\">Descargar XLS<\/a><\/span><\/p>\n<\/li>\n<li>Relaci\u00f3n de Bienes Inmuebles 2019 Tercer Trimestre\n<p class=\"lip\"><span class=\"descarga\"><a href=\"\/transparencia\/descargar.php?d=\/transparencia\/wp-content\/uploads\/finanzas\/infofinanciera\/Relacion_de_Bienes_Inmuebles_2019-3.xlsx\">Descargar XLS<\/a><\/span><\/p>\n<\/li>\n<li>Relaci\u00f3n de Bienes Inmuebles 2019 Segundo Trimestre\n<p class=\"lip\"><span class=\"descarga\"><a href=\"\/transparencia\/descargar.php?d=\/transparencia\/wp-content\/uploads\/finanzas\/infofinanciera\/Relacion_de_Bienes_Inmuebles_2019-2.xlsx\">Descargar XLS<\/a><\/span><\/p>\n<\/li>\n<li>Relaci\u00f3n de Bienes Inmuebles 2019 Primer Trimestre\n<p class=\"lip\"><span class=\"descarga\"><a href=\"\/transparencia\/descargar.php?d=\/transparencia\/wp-content\/uploads\/finanzas\/infofinanciera\/Relacion_de_Bienes_Inmuebles_2019-1.xlsx\">Descargar XLS<\/a><\/span><\/p>\n<\/li>\n<li>Relaci\u00f3n de Bienes Inmuebles 2018\n<p class=\"lip\"><span class=\"descarga\"><a href=\"\/transparencia\/descargar.php?d=\/transparencia\/wp-content\/uploads\/finanzas\/infofinanciera\/Relacion_de_Bienes_Inmuebles_2018-4.pdf\">Descargar PDF<\/a><\/span><\/p>\n<\/li>\n<\/ul>\n","protected":false},"excerpt":{"rendered":"<p>&nbsp; Relaci\u00f3n de Bienes Muebles e Inmuebles 2025 Segundo Semestre Descargar PDF Relaci\u00f3n de Bienes Muebles e Inmuebles 2025 Primer Semestre Descargar PDF Relaci\u00f3n de Bienes Muebles e Inmuebles 2024 Segundo Semestre Descargar PDF Relaci\u00f3n de Bienes Muebles e Inmuebles 2024 Primer Semestre Descargar PDF Relaci\u00f3n de Bienes Muebles e Inmuebles 2023 Segundo Semestre Descargar <a class=\"more-link\" href=\"https:\/\/acapulco.gob.mx\/transparencia\/finanzas-publicas-y-presupuestos\/informacion-financiera\/informes-de-bienes-muebles-e-inmuebles\/\">Continue reading <i class=\"fa fa-chevron-right\"><\/i><\/a><\/p>\n","protected":false},"author":1,"featured_media":0,"parent":61,"menu_order":0,"comment_status":"closed","ping_status":"closed","template":"","meta":[],"_links":{"self":[{"href":"https:\/\/acapulco.gob.mx\/transparencia\/wp-json\/wp\/v2\/pages\/3681"}],"collection":[{"href":"https:\/\/acapulco.gob.mx\/transparencia\/wp-json\/wp\/v2\/pages"}],"about":[{"href":"https:\/\/acapulco.gob.mx\/transparencia\/wp-json\/wp\/v2\/types\/page"}],"author":[{"embeddable":true,"href":"https:\/\/acapulco.gob.mx\/transparencia\/wp-json\/wp\/v2\/users\/1"}],"replies":[{"embeddable":true,"href":"https:\/\/acapulco.gob.mx\/transparencia\/wp-json\/wp\/v2\/comments?post=3681"}],"version-history":[{"count":29,"href":"https:\/\/acapulco.gob.mx\/transparencia\/wp-json\/wp\/v2\/pages\/3681\/revisions"}],"predecessor-version":[{"id":7821,"href":"https:\/\/acapulco.gob.mx\/transparencia\/wp-json\/wp\/v2\/pages\/3681\/revisions\/7821"}],"up":[{"embeddable":true,"href":"https:\/\/acapulco.gob.mx\/transparencia\/wp-json\/wp\/v2\/pages\/61"}],"wp:attachment":[{"href":"https:\/\/acapulco.gob.mx\/transparencia\/wp-json\/wp\/v2\/media?parent=3681"}],"curies":[{"name":"wp","href":"https:\/\/api.w.org\/{rel}","templated":true}]}}