{"id":3899,"date":"2019-05-14T18:47:30","date_gmt":"2019-05-14T18:47:30","guid":{"rendered":"https:\/\/acapulco.gob.mx\/transparencia\/?page_id=3899"},"modified":"2026-02-09T23:26:35","modified_gmt":"2026-02-09T23:26:35","slug":"xxxviii-b","status":"publish","type":"page","link":"https:\/\/acapulco.gob.mx\/transparencia\/cumplimiento-de-la-ley-de-transparencia-y-acceso-a-la-informacion-publica\/xxxviii-b\/","title":{"rendered":"XXXVIII-B"},"content":{"rendered":"<p>&nbsp;<\/p>\n<ul>\n<li><a href=\"\/transparencia\/descargar.php?d=\/transparencia\/wp-content\/uploads\/lgtaip\/Formato_XXXVIII-B_Tramites_para_acceder_a_los_programas_2025_4.xlsx\">Tr\u00e1mites para acceder a los programas (octubre &#8211; diciembre 2025)<\/a><\/li>\n<li><a href=\"\/transparencia\/descargar.php?d=\/transparencia\/wp-content\/uploads\/lgtaip\/Formato_XXXVIII-B_Tramites_para_acceder_a_los_programas_2025_3.xlsx\">Tr\u00e1mites para acceder a los programas (julio &#8211; septiembre 2025)<\/a><\/li>\n<li><a href=\"\/transparencia\/descargar.php?d=\/transparencia\/wp-content\/uploads\/lgtaip\/Formato_XXXVIII-B_Tramites_para_acceder_a_los_programas_2025_2.xlsx\">Tr\u00e1mites para acceder a los programas (abril &#8211; junio 2025)<\/a><\/li>\n<li><a href=\"\/transparencia\/descargar.php?d=\/transparencia\/wp-content\/uploads\/lgtaip\/Formato_XXXVIII-B_Tramites_para_acceder_a_los_programas_2025_1.xlsx\">Tr\u00e1mites para acceder a los programas (enero &#8211; marzo 2025)<\/a><\/li>\n<li><a href=\"\/transparencia\/descargar.php?d=\/transparencia\/wp-content\/uploads\/lgtaip\/Formato_XXXVIII-B_Tramites_para_acceder_a_los_programas_2024_4.xlsx\">Tr\u00e1mites para acceder a los programas (octubre &#8211; diciembre 2024)<\/a><\/li>\n<li><a href=\"\/transparencia\/descargar.php?d=\/transparencia\/wp-content\/uploads\/lgtaip\/Formato_XXXVIII-B_Tramites_para_acceder_a_los_programas_2024_3.xlsx\">Tr\u00e1mites para acceder a los programas (julio &#8211; septiembre 2024)<\/a><\/li>\n<li><a href=\"\/transparencia\/descargar.php?d=\/transparencia\/wp-content\/uploads\/lgtaip\/Formato_XXXVIII-B_Tramites_para_acceder_a_los_programas_2024_2.xlsx\">Tr\u00e1mites para acceder a los programas (abril &#8211; junio 2024)<\/a><\/li>\n<li><a href=\"\/transparencia\/descargar.php?d=\/transparencia\/wp-content\/uploads\/lgtaip\/Formato_XXXVIII-B_Tramites_para_acceder_a_los_programas_2024_1.xlsx\">Tr\u00e1mites para acceder a los programas (enero &#8211; marzo 2024)<\/a><\/li>\n<li><a href=\"\/transparencia\/descargar.php?d=\/transparencia\/wp-content\/uploads\/lgtaip\/Formato_XXXVIII-B_Tramites_para_acceder_a_los_programas_2023_4.xlsx\">Tr\u00e1mites para acceder a los programas (octubre &#8211; diciembre 2023)<\/a><\/li>\n<li><a href=\"\/transparencia\/descargar.php?d=\/transparencia\/wp-content\/uploads\/lgtaip\/Formato_XXXVIII-B_Tramites_para_acceder_a_los_programas_2023_2.xlsx\">Tr\u00e1mites para acceder a los programas (abril &#8211; junio 2023)<\/a><\/li>\n<li><a href=\"\/transparencia\/descargar.php?d=\/transparencia\/wp-content\/uploads\/lgtaip\/Formato_XXXVIII-B_Tramites_para_acceder_a_los_programas_2023_1.xlsx\">Tr\u00e1mites para acceder a los programas (enero &#8211; marzo 2023)<\/a><\/li>\n<li><a href=\"\/transparencia\/descargar.php?d=\/transparencia\/wp-content\/uploads\/lgtaip\/Formato_XXXVIII-B_Tramites_para_acceder_a_los_programas_2022_4.xlsx\">Tr\u00e1mites para acceder a los programas (octubre &#8211; diciembre 2022)<\/a><\/li>\n<li><a href=\"\/transparencia\/descargar.php?d=\/transparencia\/wp-content\/uploads\/lgtaip\/Formato_XXXVIII-B_Tramites_para_acceder_a_los_programas_2022_3.xlsx\">Tr\u00e1mites para acceder a los programas (julio &#8211; septiembre 2022)<\/a><\/li>\n<li><a href=\"\/transparencia\/descargar.php?d=\/transparencia\/wp-content\/uploads\/lgtaip\/Formato_XXXVIII-B_Tramites_para_acceder_a_los_programas_2022_2.xlsx\">Tr\u00e1mites para acceder a los programas (abril &#8211; junio 2022)<\/a><\/li>\n<li><a href=\"\/transparencia\/descargar.php?d=\/transparencia\/wp-content\/uploads\/lgtaip\/Formato_XXXVIII-B_Tramites_para_acceder_a_los_programas_2022_1.xlsx\">Tr\u00e1mites para acceder a los programas (enero &#8211; marzo 2022)<\/a><\/li>\n<li><a href=\"\/transparencia\/descargar.php?d=\/transparencia\/wp-content\/uploads\/lgtaip\/Formato_XXXVIII-B_Tramites_para_acceder_a_los_programas_2021_4.xlsx\">Tr\u00e1mites para acceder a los programas (octubre &#8211; diciembre 2021)<\/a><\/li>\n<li><a href=\"\/transparencia\/descargar.php?d=\/transparencia\/wp-content\/uploads\/lgtaip\/Formato_XXXVIII-B_Tramites_para_acceder_a_los_programas_2021_3.xlsx\">Tr\u00e1mites para acceder a los programas (julio &#8211; septiembre 2021)<\/a><\/li>\n<li><a href=\"\/transparencia\/descargar.php?d=\/transparencia\/wp-content\/uploads\/lgtaip\/Formato_XXXVIII-B_Tramites_para_acceder_a_los_programas_2021_2.xlsx\">Tr\u00e1mites para acceder a los programas (abril &#8211; junio 2021)<\/a><\/li>\n<li><a href=\"\/transparencia\/descargar.php?d=\/transparencia\/wp-content\/uploads\/lgtaip\/Formato_XXXVIII-B_Tramites_para_acceder_a_los_programas_2021_1.xlsx\">Tr\u00e1mites para acceder a los programas (enero &#8211; marzo 2021)<\/a><\/li>\n<li><a href=\"\/transparencia\/descargar.php?d=\/transparencia\/wp-content\/uploads\/lgtaip\/Formato_XXXVIII-B_Tramites_para_acceder_a_los_programas_2020_4.xlsx\">Tr\u00e1mites para acceder a los programas (octubre &#8211; diciembre 2020)<\/a><\/li>\n<li><a href=\"\/transparencia\/descargar.php?d=\/transparencia\/wp-content\/uploads\/lgtaip\/Formato_XXXVIII-B_Tramites_para_acceder_a_los_programas_2020_3.xlsx\">Tr\u00e1mites para acceder a los programas (julio &#8211; septiembre 2020)<\/a><\/li>\n<li><a href=\"\/transparencia\/descargar.php?d=\/transparencia\/wp-content\/uploads\/lgtaip\/Formato_XXXVIII-B_Tramites_para_acceder_a_los_programas_2020_2.xlsx\">Tr\u00e1mites para acceder a los programas (abril &#8211; junio 2020)<\/a><\/li>\n<li><a href=\"\/transparencia\/descargar.php?d=\/transparencia\/wp-content\/uploads\/lgtaip\/Formato_XXXVIII-B_Tramites_para_acceder_a_los_programas_2020_1.xlsx\">Tr\u00e1mites para acceder a los programas (enero &#8211; marzo 2020)<\/a><\/li>\n<li><a href=\"\/transparencia\/descargar.php?d=\/transparencia\/wp-content\/uploads\/lgtaip\/Formato_XXXVIII-B_Tramites_para_acceder_a_los_programas_2019_4.xlsx\">Tr\u00e1mites para acceder a los programas (octubre &#8211; diciembre 2019)<\/a><\/li>\n<li><a href=\"\/transparencia\/descargar.php?d=\/transparencia\/wp-content\/uploads\/lgtaip\/Formato_XXXVIII-B_Tramites_para_acceder_a_los_programas_2019_3.xlsx\">Tr\u00e1mites para acceder a los programas (julio &#8211; septiembre 2019)<\/a><\/li>\n<li><a href=\"\/transparencia\/descargar.php?d=\/transparencia\/wp-content\/uploads\/lgtaip\/Formato_XXXVIII-B_Tramites_para_acceder_a_los_programas_2019_2.xlsx\">Tr\u00e1mites para acceder a los programas (abril &#8211; junio 2019)<\/a><\/li>\n<li><a href=\"\/transparencia\/descargar.php?d=\/transparencia\/wp-content\/uploads\/lgtaip\/Formato_XXXVIII-B_Tramites_para_acceder_a_los_programas_2019_1.xlsx\">Tr\u00e1mites para acceder a los programas (enero &#8211; marzo 2019)<\/a><\/li>\n<li><a href=\"\/transparencia\/descargar.php?d=\/transparencia\/wp-content\/uploads\/lgtaip\/Formato_XXXVIII-B_Tramites_para_acceder_a_los_programas_2018_4.xlsx\">Tr\u00e1mites para acceder a los programas (octubre &#8211; diciembre 2018)<\/a><\/li>\n<li><a href=\"\/transparencia\/descargar.php?d=\/transparencia\/wp-content\/uploads\/lgtaip\/Formato_XXXVIII-B_Tramites_para_acceder_a_los_programas_2018_1.xlsx\">Tr\u00e1mites para acceder a los programas (enero &#8211; marzo 2018)<\/a><\/li>\n<\/ul>\n","protected":false},"excerpt":{"rendered":"<p>&nbsp; Tr\u00e1mites para acceder a los programas (octubre &#8211; diciembre 2025) Tr\u00e1mites para acceder a los programas (julio &#8211; septiembre 2025) Tr\u00e1mites para acceder a los programas (abril &#8211; junio 2025) Tr\u00e1mites para acceder a los programas (enero &#8211; marzo 2025) Tr\u00e1mites para acceder a los programas (octubre &#8211; diciembre 2024) Tr\u00e1mites para acceder a <a class=\"more-link\" href=\"https:\/\/acapulco.gob.mx\/transparencia\/cumplimiento-de-la-ley-de-transparencia-y-acceso-a-la-informacion-publica\/xxxviii-b\/\">Continue reading <i class=\"fa fa-chevron-right\"><\/i><\/a><\/p>\n","protected":false},"author":1,"featured_media":0,"parent":2286,"menu_order":0,"comment_status":"closed","ping_status":"closed","template":"","meta":[],"_links":{"self":[{"href":"https:\/\/acapulco.gob.mx\/transparencia\/wp-json\/wp\/v2\/pages\/3899"}],"collection":[{"href":"https:\/\/acapulco.gob.mx\/transparencia\/wp-json\/wp\/v2\/pages"}],"about":[{"href":"https:\/\/acapulco.gob.mx\/transparencia\/wp-json\/wp\/v2\/types\/page"}],"author":[{"embeddable":true,"href":"https:\/\/acapulco.gob.mx\/transparencia\/wp-json\/wp\/v2\/users\/1"}],"replies":[{"embeddable":true,"href":"https:\/\/acapulco.gob.mx\/transparencia\/wp-json\/wp\/v2\/comments?post=3899"}],"version-history":[{"count":27,"href":"https:\/\/acapulco.gob.mx\/transparencia\/wp-json\/wp\/v2\/pages\/3899\/revisions"}],"predecessor-version":[{"id":7874,"href":"https:\/\/acapulco.gob.mx\/transparencia\/wp-json\/wp\/v2\/pages\/3899\/revisions\/7874"}],"up":[{"embeddable":true,"href":"https:\/\/acapulco.gob.mx\/transparencia\/wp-json\/wp\/v2\/pages\/2286"}],"wp:attachment":[{"href":"https:\/\/acapulco.gob.mx\/transparencia\/wp-json\/wp\/v2\/media?parent=3899"}],"curies":[{"name":"wp","href":"https:\/\/api.w.org\/{rel}","templated":true}]}}