{"id":3934,"date":"2019-06-11T17:45:52","date_gmt":"2019-06-11T17:45:52","guid":{"rendered":"https:\/\/acapulco.gob.mx\/transparencia\/?page_id=3934"},"modified":"2025-09-10T19:05:01","modified_gmt":"2025-09-10T19:05:01","slug":"informes-de-gobierno","status":"publish","type":"page","link":"https:\/\/acapulco.gob.mx\/transparencia\/informes-de-gobierno\/","title":{"rendered":"Informes de Gobierno"},"content":{"rendered":"<p>&nbsp;<br \/>\n<strong>Administraci\u00f3n 2024-2027<\/strong><\/p>\n<ul style=\"padding-left: 20px;\">\n<li><a href=\"\/transparencia\/descargar.php?d=\/transparencia\/wp-content\/uploads\/informes\/1er_Informe_de_Gobierno_2024-2027.pdf\" target=\"_blank\" rel=\"noopener noreferrer\">Primer Informe de Gobierno.<\/a><\/li>\n<\/ul>\n<hr \/>\n<p><strong>Administraci\u00f3n 2021-2024<\/strong><\/p>\n<ul style=\"padding-left: 20px;\">\n<li><a href=\"\/transparencia\/descargar.php?d=\/transparencia\/wp-content\/uploads\/informes\/1er_Informe_de_Gobierno_2021-2024.pdf\" target=\"_blank\" rel=\"noopener noreferrer\">Primer Informe de Gobierno.<\/a><\/li>\n<li><a href=\"\/transparencia\/descargar.php?d=\/transparencia\/wp-content\/uploads\/informes\/2do_Informe_de_Gobierno_2021-2024.pdf\" target=\"_blank\" rel=\"noopener noreferrer\">Segundo Informe de Gobierno.<\/a><\/li>\n<li><a href=\"\/transparencia\/descargar.php?d=\/transparencia\/wp-content\/uploads\/informes\/3er_Informe_de_Gobierno_2021-2024.pdf\" target=\"_blank\" rel=\"noopener noreferrer\">Tercer Informe de Gobierno.<\/a><\/li>\n<\/ul>\n<hr \/>\n<p><strong>Administraci\u00f3n 2018-2021<\/strong><\/p>\n<ul style=\"padding-left: 20px;\">\n<li><a href=\"\/transparencia\/descargar.php?d=\/transparencia\/wp-content\/uploads\/informes\/1er_Informe_de_Gobierno_2018-2021.pdf\" target=\"_blank\" rel=\"noopener noreferrer\">Primer Informe de Gobierno.<\/a><\/li>\n<li><a href=\"\/transparencia\/descargar.php?d=\/transparencia\/wp-content\/uploads\/informes\/2do_Informe_de_Gobierno_2018-2021.pdf\" target=\"_blank\" rel=\"noopener noreferrer\">Segundo Informe de Gobierno.<\/a><\/li>\n<li><a href=\"\/transparencia\/descargar.php?d=\/transparencia\/wp-content\/uploads\/informes\/3er_Informe_de_Gobierno_2018-2021.pdf\" target=\"_blank\" rel=\"noopener noreferrer\">Tercer Informe de Gobierno.<\/a><\/li>\n<\/ul>\n<hr \/>\n<p><strong>Administraci\u00f3n 2015-2018<\/strong><\/p>\n<ul style=\"padding-left: 20px;\">\n<li><a href=\"\/transparencia\/descargar.php?d=\/transparencia\/wp-content\/uploads\/informes\/1er_Informe_de_Gobierno_2015-2018.pdf\" target=\"_blank\" rel=\"noopener noreferrer\">Primer Informe de Gobierno.<\/a><\/li>\n<li><a href=\"\/transparencia\/descargar.php?d=\/transparencia\/wp-content\/uploads\/informes\/2do_Informe_de_Gobierno_2015-2018.pdf\" target=\"_blank\" rel=\"noopener noreferrer\">Segundo Informe de Gobierno.<\/a><\/li>\n<li><a href=\"\/transparencia\/descargar.php?d=\/transparencia\/wp-content\/uploads\/informes\/3er_Informe_de_Gobierno_2015-2018.pdf\" target=\"_blank\" rel=\"noopener noreferrer\">Tercer Informe de Gobierno.<\/a><\/li>\n<\/ul>\n<hr \/>\n<p><strong>Administraci\u00f3n 2012-2015<\/strong><\/p>\n<ul style=\"padding-left: 20px;\">\n<li><a href=\"\/transparencia\/descargar.php?d=\/transparencia\/wp-content\/uploads\/informes\/1er_Informe_de_Gobierno_2012-2015.pdf\" target=\"_blank\" rel=\"noopener noreferrer\">Primer Informe de Gobierno.<\/a><\/li>\n<li><a href=\"\/transparencia\/descargar.php?d=\/transparencia\/wp-content\/uploads\/informes\/2do_Informe_de_Gobierno_2012-2015.pdf\" target=\"_blank\" rel=\"noopener noreferrer\">Segundo Informe de Gobierno.<\/a><\/li>\n<li><a href=\"\/transparencia\/descargar.php?d=\/transparencia\/wp-content\/uploads\/informes\/3er_Informe_de_Gobierno_2012-2015.pdf\" target=\"_blank\" rel=\"noopener noreferrer\">Tercer Informe de Gobierno.<\/a><\/li>\n<\/ul>\n","protected":false},"excerpt":{"rendered":"<p>&nbsp; Administraci\u00f3n 2024-2027 Primer Informe de Gobierno. Administraci\u00f3n 2021-2024 Primer Informe de Gobierno. Segundo Informe de Gobierno. Tercer Informe de Gobierno. Administraci\u00f3n 2018-2021 Primer Informe de Gobierno. Segundo Informe de Gobierno. Tercer Informe de Gobierno. Administraci\u00f3n 2015-2018 Primer Informe de Gobierno. Segundo Informe de Gobierno. Tercer Informe de Gobierno. Administraci\u00f3n 2012-2015 Primer Informe de Gobierno. <a class=\"more-link\" href=\"https:\/\/acapulco.gob.mx\/transparencia\/informes-de-gobierno\/\">Continue reading <i class=\"fa fa-chevron-right\"><\/i><\/a><\/p>\n","protected":false},"author":1,"featured_media":0,"parent":0,"menu_order":0,"comment_status":"closed","ping_status":"closed","template":"","meta":[],"_links":{"self":[{"href":"https:\/\/acapulco.gob.mx\/transparencia\/wp-json\/wp\/v2\/pages\/3934"}],"collection":[{"href":"https:\/\/acapulco.gob.mx\/transparencia\/wp-json\/wp\/v2\/pages"}],"about":[{"href":"https:\/\/acapulco.gob.mx\/transparencia\/wp-json\/wp\/v2\/types\/page"}],"author":[{"embeddable":true,"href":"https:\/\/acapulco.gob.mx\/transparencia\/wp-json\/wp\/v2\/users\/1"}],"replies":[{"embeddable":true,"href":"https:\/\/acapulco.gob.mx\/transparencia\/wp-json\/wp\/v2\/comments?post=3934"}],"version-history":[{"count":12,"href":"https:\/\/acapulco.gob.mx\/transparencia\/wp-json\/wp\/v2\/pages\/3934\/revisions"}],"predecessor-version":[{"id":7585,"href":"https:\/\/acapulco.gob.mx\/transparencia\/wp-json\/wp\/v2\/pages\/3934\/revisions\/7585"}],"wp:attachment":[{"href":"https:\/\/acapulco.gob.mx\/transparencia\/wp-json\/wp\/v2\/media?parent=3934"}],"curies":[{"name":"wp","href":"https:\/\/api.w.org\/{rel}","templated":true}]}}