{"id":3948,"date":"2019-07-11T04:41:14","date_gmt":"2019-07-11T04:41:14","guid":{"rendered":"https:\/\/acapulco.gob.mx\/transparencia\/?page_id=3948"},"modified":"2024-01-09T16:13:14","modified_gmt":"2024-01-09T16:13:14","slug":"convocatorias","status":"publish","type":"page","link":"https:\/\/acapulco.gob.mx\/transparencia\/convocatorias\/","title":{"rendered":"Convocatorias"},"content":{"rendered":"<p><strong>DIRECCI\u00d3N DE DESARROLLO RURAL<\/strong><\/p>\n<ul>\n<li>Convocatoria para el Programa de Huertos de Traspatios 2022.\n<p><span class=\"descarga\"><a href=\"\/transparencia\/descargar.php?d=\/transparencia\/wp-content\/uploads\/convocatorias\/DDR\/Convocatoria_Programa_Huertos_Traspatios_2022.pdf\" target=\"_blank\" rel=\"noopener noreferrer\">Descargar PDF<\/a><\/span><\/li>\n<li>Convocatoria para el Programa de Sistema de Riego Tecnificado 2022.\n<p><span class=\"descarga\"><a href=\"\/transparencia\/descargar.php?d=\/transparencia\/wp-content\/uploads\/convocatorias\/DDR\/Convocatoria_Programa_Sistema_Riego_Tecnificado_2022.pdf\" target=\"_blank\" rel=\"noopener noreferrer\">Descargar PDF<\/a><\/span><\/li>\n<li>Convocatoria para el Programa Renovaci\u00f3n de Huertos Lim\u00f3n 2022.\n<p><span class=\"descarga\"><a href=\"\/transparencia\/descargar.php?d=\/transparencia\/wp-content\/uploads\/convocatorias\/DDR\/Convocatoria_Programa_Renovacion_Huertos_Limon_2022.pdf\" target=\"_blank\" rel=\"noopener noreferrer\">Descargar PDF<\/a><\/span><\/li>\n<li>Convocatoria para el Programa de Equipamiento Ap\u00edcola e Infraestructura Pecuaria 2022.\n<p><span class=\"descarga\"><a href=\"\/transparencia\/descargar.php?d=\/transparencia\/wp-content\/uploads\/convocatorias\/DDR\/Convocatoria_Programa_Equipamiento_Apicola_Infraestructura_Pecuaria_2022.pdf\" target=\"_blank\" rel=\"noopener noreferrer\">Descargar PDF<\/a><\/span><\/li>\n<li>Lineamientos de la Convocatoria para el Programa de Equipamiento Ap\u00edcola e Infraestructura Pecuaria 2022.\n<p><span class=\"descarga\"><a href=\"\/transparencia\/descargar.php?d=\/transparencia\/wp-content\/uploads\/convocatorias\/DDR\/Convocatoria_Programa_Equipamiento_Apicola_Infraestructura_Pecuaria_2022-Lineamientos.pdf\" target=\"_blank\" rel=\"noopener noreferrer\">Descargar PDF<\/a><\/span><\/li>\n<li>Convocatoria para el Programa Fomento Acu\u00edcola y Pesquero 2022.\n<p><span class=\"descarga\"><a href=\"\/transparencia\/descargar.php?d=\/transparencia\/wp-content\/uploads\/convocatorias\/DDR\/Convocatoria_Programa_Fomento_Acuicola_y_Pesquero_2022.pdf\" target=\"_blank\" rel=\"noopener noreferrer\">Descargar PDF<\/a><\/span><\/li>\n<li>Convocatoria para ser beneficiario de alguno de los programas sociales ofertados por la Direcci\u00f3n de Desarrollo Rural: Fomento Pecuario, Agr\u00edcola y Pesquero 2019.\n<p><span class=\"descarga\"><a href=\"\/transparencia\/descargar.php?d=\/transparencia\/wp-content\/uploads\/convocatorias\/DDR\/Convocatoria_Ventanilla_Desarrollo_Rural_2019.pdf\" target=\"_blank\" rel=\"noopener noreferrer\">Descargar PDF<\/a><\/span><\/li>\n<\/ul>\n","protected":false},"excerpt":{"rendered":"<p>DIRECCI\u00d3N DE DESARROLLO RURAL Convocatoria para el Programa de Huertos de Traspatios 2022. Descargar PDF Convocatoria para el Programa de Sistema de Riego Tecnificado 2022. Descargar PDF Convocatoria para el Programa Renovaci\u00f3n de Huertos Lim\u00f3n 2022. Descargar PDF Convocatoria para el Programa de Equipamiento Ap\u00edcola e Infraestructura Pecuaria 2022. Descargar PDF Lineamientos de la Convocatoria <a class=\"more-link\" href=\"https:\/\/acapulco.gob.mx\/transparencia\/convocatorias\/\">Continue reading <i class=\"fa fa-chevron-right\"><\/i><\/a><\/p>\n","protected":false},"author":1,"featured_media":0,"parent":0,"menu_order":0,"comment_status":"closed","ping_status":"closed","template":"","meta":[],"_links":{"self":[{"href":"https:\/\/acapulco.gob.mx\/transparencia\/wp-json\/wp\/v2\/pages\/3948"}],"collection":[{"href":"https:\/\/acapulco.gob.mx\/transparencia\/wp-json\/wp\/v2\/pages"}],"about":[{"href":"https:\/\/acapulco.gob.mx\/transparencia\/wp-json\/wp\/v2\/types\/page"}],"author":[{"embeddable":true,"href":"https:\/\/acapulco.gob.mx\/transparencia\/wp-json\/wp\/v2\/users\/1"}],"replies":[{"embeddable":true,"href":"https:\/\/acapulco.gob.mx\/transparencia\/wp-json\/wp\/v2\/comments?post=3948"}],"version-history":[{"count":6,"href":"https:\/\/acapulco.gob.mx\/transparencia\/wp-json\/wp\/v2\/pages\/3948\/revisions"}],"predecessor-version":[{"id":6344,"href":"https:\/\/acapulco.gob.mx\/transparencia\/wp-json\/wp\/v2\/pages\/3948\/revisions\/6344"}],"wp:attachment":[{"href":"https:\/\/acapulco.gob.mx\/transparencia\/wp-json\/wp\/v2\/media?parent=3948"}],"curies":[{"name":"wp","href":"https:\/\/api.w.org\/{rel}","templated":true}]}}