{"id":4134,"date":"2019-10-04T01:26:31","date_gmt":"2019-10-04T01:26:31","guid":{"rendered":"https:\/\/acapulco.gob.mx\/transparencia\/?page_id=4134"},"modified":"2026-02-13T20:24:04","modified_gmt":"2026-02-13T20:24:04","slug":"informacion-de-aplicacion-de-los-recursos-del-fortamun","status":"publish","type":"page","link":"https:\/\/acapulco.gob.mx\/transparencia\/finanzas-publicas-y-presupuestos\/informacion-financiera\/informacion-de-aplicacion-de-los-recursos-del-fortamun\/","title":{"rendered":"Informaci\u00f3n de aplicaci\u00f3n de los recursos del FORTAMUN"},"content":{"rendered":"<p>&nbsp;<\/p>\n<ul>\n<li>Informaci\u00f3n de aplicaci\u00f3n de los recursos del FORTAMUN 2025 Cuarto Trimestre\n<p class=\"lip\"><span class=\"descarga\"><a href=\"\/transparencia\/descargar.php?d=\/transparencia\/wp-content\/uploads\/finanzas\/infofinanciera\/Informacion_de_aplicacion_de_recursos_del_FORTAMUN_2025-4.pdf\">Descargar PDF<\/a><\/span><\/p>\n<\/li>\n<li>Informaci\u00f3n de aplicaci\u00f3n de los recursos del FORTAMUN 2025 Tercer Trimestre\n<p class=\"lip\"><span class=\"descarga\"><a href=\"\/transparencia\/descargar.php?d=\/transparencia\/wp-content\/uploads\/finanzas\/infofinanciera\/Informacion_de_aplicacion_de_recursos_del_FORTAMUN_2025-3.pdf\">Descargar PDF<\/a><\/span><\/p>\n<\/li>\n<li>Informaci\u00f3n de aplicaci\u00f3n de los recursos del FORTAMUN 2025 Segundo Trimestre\n<p class=\"lip\"><span class=\"descarga\"><a href=\"\/transparencia\/descargar.php?d=\/transparencia\/wp-content\/uploads\/finanzas\/infofinanciera\/Informacion_de_aplicacion_de_recursos_del_FORTAMUN_2025-2.xlsx\">Descargar XLS<\/a> &#8211; <a href=\"\/transparencia\/descargar.php?d=\/transparencia\/wp-content\/uploads\/finanzas\/infofinanciera\/Informacion_de_aplicacion_de_recursos_del_FORTAMUN_2025-2.pdf\">Descargar PDF<\/a><\/span><\/p>\n<\/li>\n<li>Informaci\u00f3n de aplicaci\u00f3n de los recursos del FORTAMUN 2025 Primer Trimestre\n<p class=\"lip\"><span class=\"descarga\"><a href=\"\/transparencia\/descargar.php?d=\/transparencia\/wp-content\/uploads\/finanzas\/infofinanciera\/Informacion_de_aplicacion_de_recursos_del_FORTAMUN_2025-1.xlsx\">Descargar XLS<\/a><\/span><\/p>\n<\/li>\n<li>Informaci\u00f3n de aplicaci\u00f3n de los recursos del FORTAMUN 2024 Cuarto Trimestre\n<p class=\"lip\"><span class=\"descarga\"><a href=\"\/transparencia\/descargar.php?d=\/transparencia\/wp-content\/uploads\/finanzas\/infofinanciera\/Informacion_de_aplicacion_de_recursos_del_FORTAMUN_2024-4.xlsx\">Descargar XLS<\/a><\/span><\/p>\n<\/li>\n<li>Informaci\u00f3n de aplicaci\u00f3n de los recursos del FORTAMUN 2024 Tercer Trimestre\n<p class=\"lip\"><span class=\"descarga\"><a href=\"\/transparencia\/descargar.php?d=\/transparencia\/wp-content\/uploads\/finanzas\/infofinanciera\/Informacion_de_aplicacion_de_recursos_del_FORTAMUN_2024-3.xlsx\">Descargar XLS<\/a><\/span><\/p>\n<\/li>\n<li>Informaci\u00f3n de aplicaci\u00f3n de los recursos del FORTAMUN 2024 Segundo Trimestre\n<p class=\"lip\"><span class=\"descarga\"><a href=\"\/transparencia\/descargar.php?d=\/transparencia\/wp-content\/uploads\/finanzas\/infofinanciera\/Informacion_de_aplicacion_de_recursos_del_FORTAMUN_2024-2.xlsx\">Descargar XLS<\/a><\/span><\/p>\n<\/li>\n<li>Informaci\u00f3n de aplicaci\u00f3n de los recursos del FORTAMUN 2024 Primer Trimestre\n<p class=\"lip\"><span class=\"descarga\"><a href=\"\/transparencia\/descargar.php?d=\/transparencia\/wp-content\/uploads\/finanzas\/infofinanciera\/Informacion_de_aplicacion_de_recursos_del_FORTAMUN_2024-1.xlsx\">Descargar XLS<\/a><\/span><\/p>\n<\/li>\n<li>Informaci\u00f3n de aplicaci\u00f3n de los recursos del FORTAMUN 2023 Cuarto Trimestre\n<p class=\"lip\"><span class=\"descarga\"><a href=\"\/transparencia\/descargar.php?d=\/transparencia\/wp-content\/uploads\/finanzas\/infofinanciera\/Informacion_de_aplicacion_de_recursos_del_FORTAMUN_2023-4.xlsx\">Descargar XLS<\/a><\/span><\/p>\n<\/li>\n<li>Informaci\u00f3n de aplicaci\u00f3n de los recursos del FORTAMUN 2023 Tercer Trimestre\n<p class=\"lip\"><span class=\"descarga\"><a href=\"\/transparencia\/descargar.php?d=\/transparencia\/wp-content\/uploads\/finanzas\/infofinanciera\/Informacion_de_aplicacion_de_recursos_del_FORTAMUN_2023-3.xlsx\">Descargar XLS<\/a><\/span><\/p>\n<\/li>\n<li>Informaci\u00f3n de aplicaci\u00f3n de los recursos del FORTAMUN 2023 Segundo Trimestre\n<p class=\"lip\"><span class=\"descarga\"><a href=\"\/transparencia\/descargar.php?d=\/transparencia\/wp-content\/uploads\/finanzas\/infofinanciera\/Informacion_de_aplicacion_de_recursos_del_FORTAMUN_2023-2.xlsx\">Descargar XLS<\/a><\/span><\/p>\n<\/li>\n<li>Informaci\u00f3n de aplicaci\u00f3n de los recursos del FORTAMUN 2023 Primer Trimestre\n<p class=\"lip\"><span class=\"descarga\"><a href=\"\/transparencia\/descargar.php?d=\/transparencia\/wp-content\/uploads\/finanzas\/infofinanciera\/Informacion_de_aplicacion_de_recursos_del_FORTAMUN_2023-1.xlsx\">Descargar XLS<\/a><\/span><\/p>\n<\/li>\n<li>Informaci\u00f3n de aplicaci\u00f3n de los recursos del FORTAMUN 2022 Cuarto Trimestre\n<p class=\"lip\"><span class=\"descarga\"><a href=\"\/transparencia\/descargar.php?d=\/transparencia\/wp-content\/uploads\/finanzas\/infofinanciera\/Informacion_de_aplicacion_de_recursos_del_FORTAMUN_2022-4.xlsx\">Descargar XLS<\/a><\/span><\/p>\n<\/li>\n<li>Informaci\u00f3n de aplicaci\u00f3n de los recursos del FORTAMUN 2022 Tercer Trimestre\n<p class=\"lip\"><span class=\"descarga\"><a href=\"\/transparencia\/descargar.php?d=\/transparencia\/wp-content\/uploads\/finanzas\/infofinanciera\/Informacion_de_aplicacion_de_recursos_del_FORTAMUN_2022-3.xlsx\">Descargar XLS<\/a><\/span><\/p>\n<\/li>\n<li>Informaci\u00f3n de aplicaci\u00f3n de los recursos del FORTAMUN 2022 Segundo Trimestre\n<p class=\"lip\"><span class=\"descarga\"><a href=\"\/transparencia\/descargar.php?d=\/transparencia\/wp-content\/uploads\/finanzas\/infofinanciera\/Informacion_de_aplicacion_de_recursos_del_FORTAMUN_2022-2.xlsx\">Descargar XLS<\/a><\/span><\/p>\n<\/li>\n<li>Informaci\u00f3n de aplicaci\u00f3n de los recursos del FORTAMUN 2022 Primer Trimestre\n<p class=\"lip\"><span class=\"descarga\"><a href=\"\/transparencia\/descargar.php?d=\/transparencia\/wp-content\/uploads\/finanzas\/infofinanciera\/Informacion_de_aplicacion_de_recursos_del_FORTAMUN_2022-1.xlsx\">Descargar XLS<\/a><\/span><\/p>\n<\/li>\n<li>Informaci\u00f3n de aplicaci\u00f3n de los recursos del FORTAMUN 2021 Cuarto Trimestre\n<p class=\"lip\"><span class=\"descarga\"><a href=\"\/transparencia\/descargar.php?d=\/transparencia\/wp-content\/uploads\/finanzas\/infofinanciera\/Informacion_de_aplicacion_de_recursos_del_FORTAMUN_2021-4.xlsx\">Descargar XLS<\/a><\/span><\/p>\n<\/li>\n<li>Informaci\u00f3n de aplicaci\u00f3n de los recursos del FORTAMUN 2021 Tercer Trimestre\n<p class=\"lip\"><span class=\"descarga\"><a href=\"\/transparencia\/descargar.php?d=\/transparencia\/wp-content\/uploads\/finanzas\/infofinanciera\/Informacion_de_aplicacion_de_recursos_del_FORTAMUN_2021-3.xlsx\">Descargar XLS<\/a><\/span><\/p>\n<\/li>\n<li>Informaci\u00f3n de aplicaci\u00f3n de los recursos del FORTAMUN 2021 Segundo Trimestre\n<p class=\"lip\"><span class=\"descarga\"><a href=\"\/transparencia\/descargar.php?d=\/transparencia\/wp-content\/uploads\/finanzas\/infofinanciera\/Informacion_de_aplicacion_de_recursos_del_FORTAMUN_2021-2.pdf\">Descargar PDF<\/a><\/span><\/p>\n<\/li>\n<li>Informaci\u00f3n de aplicaci\u00f3n de los recursos del FORTAMUN 2021 Primer Trimestre\n<p class=\"lip\"><span class=\"descarga\"><a href=\"\/transparencia\/descargar.php?d=\/transparencia\/wp-content\/uploads\/finanzas\/infofinanciera\/Informacion_de_aplicacion_de_recursos_del_FORTAMUN_2021-1.xlsx\">Descargar XLS<\/a><\/span><\/p>\n<\/li>\n<li>Informaci\u00f3n de aplicaci\u00f3n de los recursos del FORTAMUN 2020 Cuarto Trimestre\n<p class=\"lip\"><span class=\"descarga\"><a href=\"\/transparencia\/descargar.php?d=\/transparencia\/wp-content\/uploads\/finanzas\/infofinanciera\/Informacion_de_aplicacion_de_recursos_del_FORTAMUN_2020-4.pdf\">Descargar PDF<\/a><\/span><\/p>\n<\/li>\n<li>Informaci\u00f3n de aplicaci\u00f3n de los recursos del FORTAMUN 2020 Tercer Trimestre\n<p class=\"lip\"><span class=\"descarga\"><a href=\"\/transparencia\/descargar.php?d=\/transparencia\/wp-content\/uploads\/finanzas\/infofinanciera\/Informacion_de_aplicacion_de_recursos_del_FORTAMUN_2020-3.pdf\">Descargar PDF<\/a><\/span><\/p>\n<\/li>\n<li>Informaci\u00f3n de aplicaci\u00f3n de los recursos del FORTAMUN 2020 Segundo Trimestre\n<p class=\"lip\"><span class=\"descarga\"><a href=\"\/transparencia\/descargar.php?d=\/transparencia\/wp-content\/uploads\/finanzas\/infofinanciera\/Informacion_de_aplicacion_de_recursos_del_FORTAMUN_2020-2.pdf\">Descargar PDF<\/a><\/span><\/p>\n<\/li>\n<li>Informaci\u00f3n de aplicaci\u00f3n de los recursos del FORTAMUN 2020 Primer Trimestre\n<p class=\"lip\"><span class=\"descarga\"><a href=\"\/transparencia\/descargar.php?d=\/transparencia\/wp-content\/uploads\/finanzas\/infofinanciera\/Informacion_de_aplicacion_de_recursos_del_FORTAMUN_2020-1.pdf\">Descargar PDF<\/a><\/span><\/p>\n<\/li>\n<li>Informaci\u00f3n de aplicaci\u00f3n de los recursos del FORTAMUN 2019 Tercer Trimestre\n<p class=\"lip\"><span class=\"descarga\"><a href=\"\/transparencia\/descargar.php?d=\/transparencia\/wp-content\/uploads\/finanzas\/infofinanciera\/Informacion_de_aplicacion_de_recursos_del_FORTAMUN_2019-3.pdf\">Descargar PDF<\/a><\/span><\/p>\n<\/li>\n<li>Informaci\u00f3n de aplicaci\u00f3n de los recursos del FORTAMUN 2019 Segundo Trimestre\n<p class=\"lip\"><span class=\"descarga\"><a href=\"\/transparencia\/descargar.php?d=\/transparencia\/wp-content\/uploads\/finanzas\/infofinanciera\/Informacion_de_aplicacion_de_recursos_del_FORTAMUN_2019-2.pdf\">Descargar PDF<\/a><\/span><\/p>\n<\/li>\n<li>Informaci\u00f3n de aplicaci\u00f3n de los recursos del FORTAMUN 2019 Primer Trimestre\n<p class=\"lip\"><span class=\"descarga\"><a href=\"\/transparencia\/descargar.php?d=\/transparencia\/wp-content\/uploads\/finanzas\/infofinanciera\/Informacion_de_aplicacion_de_recursos_del_FORTAMUN_2019-1.pdf\">Descargar PDF<\/a><\/span><\/p>\n<\/li>\n<\/ul>\n","protected":false},"excerpt":{"rendered":"<p>&nbsp; Informaci\u00f3n de aplicaci\u00f3n de los recursos del FORTAMUN 2025 Cuarto Trimestre Descargar PDF Informaci\u00f3n de aplicaci\u00f3n de los recursos del FORTAMUN 2025 Tercer Trimestre Descargar PDF Informaci\u00f3n de aplicaci\u00f3n de los recursos del FORTAMUN 2025 Segundo Trimestre Descargar XLS &#8211; Descargar PDF Informaci\u00f3n de aplicaci\u00f3n de los recursos del FORTAMUN 2025 Primer Trimestre Descargar <a class=\"more-link\" href=\"https:\/\/acapulco.gob.mx\/transparencia\/finanzas-publicas-y-presupuestos\/informacion-financiera\/informacion-de-aplicacion-de-los-recursos-del-fortamun\/\">Continue reading <i class=\"fa fa-chevron-right\"><\/i><\/a><\/p>\n","protected":false},"author":1,"featured_media":0,"parent":61,"menu_order":0,"comment_status":"closed","ping_status":"closed","template":"","meta":[],"_links":{"self":[{"href":"https:\/\/acapulco.gob.mx\/transparencia\/wp-json\/wp\/v2\/pages\/4134"}],"collection":[{"href":"https:\/\/acapulco.gob.mx\/transparencia\/wp-json\/wp\/v2\/pages"}],"about":[{"href":"https:\/\/acapulco.gob.mx\/transparencia\/wp-json\/wp\/v2\/types\/page"}],"author":[{"embeddable":true,"href":"https:\/\/acapulco.gob.mx\/transparencia\/wp-json\/wp\/v2\/users\/1"}],"replies":[{"embeddable":true,"href":"https:\/\/acapulco.gob.mx\/transparencia\/wp-json\/wp\/v2\/comments?post=4134"}],"version-history":[{"count":30,"href":"https:\/\/acapulco.gob.mx\/transparencia\/wp-json\/wp\/v2\/pages\/4134\/revisions"}],"predecessor-version":[{"id":7895,"href":"https:\/\/acapulco.gob.mx\/transparencia\/wp-json\/wp\/v2\/pages\/4134\/revisions\/7895"}],"up":[{"embeddable":true,"href":"https:\/\/acapulco.gob.mx\/transparencia\/wp-json\/wp\/v2\/pages\/61"}],"wp:attachment":[{"href":"https:\/\/acapulco.gob.mx\/transparencia\/wp-json\/wp\/v2\/media?parent=4134"}],"curies":[{"name":"wp","href":"https:\/\/api.w.org\/{rel}","templated":true}]}}