{"id":4522,"date":"2020-10-10T23:14:43","date_gmt":"2020-10-10T23:14:43","guid":{"rendered":"https:\/\/acapulco.gob.mx\/transparencia\/?page_id=4522"},"modified":"2020-10-12T02:15:40","modified_gmt":"2020-10-12T02:15:40","slug":"anexos","status":"publish","type":"page","link":"https:\/\/acapulco.gob.mx\/transparencia\/cuentas-publicas\/ejercicio-fiscal-2019\/cuenta-publica-2019\/anexos\/","title":{"rendered":"III. Anexos"},"content":{"rendered":"<p>[learn_more caption=&#8221;6.1 Informaci\u00f3n General&#8221; state=&#8221;open&#8221;]<\/p>\n<ul>\n<li><a href=\"\/transparencia\/descargar.php?d=\/transparencia\/wp-content\/uploads\/finanzas\/cuentapublica\/2019\/cuentapublica\/anexos\/general\/Relacion_de_Bienes_que_Componen_el_Patrimonio_2019.pdf\" target=\"_blank\" rel=\"noopener noreferrer\">Relaci\u00f3n de Bienes que Componen el Patrimonio Municipal<\/a><\/li>\n<\/ul>\n<p>[\/learn_more]<br \/>\n[learn_more caption=&#8221;6.2 Informaci\u00f3n Contable&#8221; state=&#8221;open&#8221;]<\/p>\n<ul>\n<li><a href=\"\/transparencia\/descargar.php?d=\/transparencia\/wp-content\/uploads\/finanzas\/cuentapublica\/2019\/cuentapublica\/anexos\/contable\/Relacion_de_Cuentas_Bancarias_2019.pdf\" target=\"_blank\" rel=\"noopener noreferrer\">Relaci\u00f3n de Cuentas Bancarias<\/a><\/li>\n<li><a href=\"\/transparencia\/descargar.php?d=\/transparencia\/wp-content\/uploads\/finanzas\/cuentapublica\/2019\/cuentapublica\/anexos\/contable\/Reporte_del_Ejercicio_del_Gasto_Federalizado_y_Reintegros_2019.pdf\" target=\"_blank\" rel=\"noopener noreferrer\">Reporte del Ejercicio y Destino del Gasto Federalizado y Reintegros<\/a><\/li>\n<\/ul>\n<p>[\/learn_more]<br \/>\n[learn_more caption=&#8221;6.3 Informaci\u00f3n Presupuestaria&#8221; state=&#8221;open&#8221;]<\/p>\n<ul>\n<li><a href=\"\/transparencia\/descargar.php?d=\/transparencia\/wp-content\/uploads\/finanzas\/cuentapublica\/2019\/cuentapublica\/anexos\/presupuestaria\/Estado_Analitico_de_Ingresos_Presupuestarios_2019-4.pdf\" target=\"_blank\" rel=\"noopener noreferrer\">Estado Anal\u00edtico de Ingresos (Clasificaci\u00f3n por Rubro de Ingresos y por Fuente de Financiamiento)<\/a><\/li>\n<li><a href=\"\/transparencia\/descargar.php?d=\/transparencia\/wp-content\/uploads\/finanzas\/cuentapublica\/2019\/cuentapublica\/anexos\/presupuestaria\/Conciliacion_entre_los_Ingresos_Presupuestarios_y_Contables_2019-4.pdf\" target=\"_blank\" rel=\"noopener noreferrer\">Conciliaci\u00f3n entre los Ingresos Presupuestarios y Contables<\/a><\/li>\n<li><a href=\"\/transparencia\/descargar.php?d=\/transparencia\/wp-content\/uploads\/finanzas\/cuentapublica\/2019\/cuentapublica\/anexos\/presupuestaria\/Estado_Analitico_Ejercicio_Presupuesto_de_Egresos-Clasif_ObjetoDelGasto_2019-4.pdf\" target=\"_blank\" rel=\"noopener noreferrer\">Estado Anal\u00edtico del Ejercicio del Presupuesto de Egresos (Clasificaci\u00f3n por Objeto del Gasto)<\/a><\/li>\n<li><a href=\"\/transparencia\/descargar.php?d=\/transparencia\/wp-content\/uploads\/finanzas\/cuentapublica\/2019\/cuentapublica\/anexos\/presupuestaria\/Estado_Analitico_Ejercicio_Presupuesto_de_Egresos-Clasif_Economica_2019-4.pdf\" target=\"_blank\" rel=\"noopener noreferrer\">Estado Anal\u00edtico del Ejercicio del Presupuesto de Egresos (Clasificaci\u00f3n Econ\u00f3mica)<\/a><\/li>\n<li><a href=\"\/transparencia\/descargar.php?d=\/transparencia\/wp-content\/uploads\/finanzas\/cuentapublica\/2019\/cuentapublica\/anexos\/presupuestaria\/Estado_Analitico_Ejercicio_Presupuesto_de_Egresos-Clasif_Administrativa_2019-4.pdf\" target=\"_blank\" rel=\"noopener noreferrer\">Estado Anal\u00edtico del Ejercicio del Presupuesto de Egresos (Clasificaci\u00f3n Administrativa)<\/a><\/li>\n<li><a href=\"\/transparencia\/descargar.php?d=\/transparencia\/wp-content\/uploads\/finanzas\/cuentapublica\/2019\/cuentapublica\/anexos\/presupuestaria\/Estado_Analitico_Ejercicio_Presupuesto_de_Egresos-Clasif_Funcional_2019-4.pdf\" target=\"_blank\" rel=\"noopener noreferrer\">Estado Anal\u00edtico del Ejercicio del Presupuesto de Egresos (Clasificaci\u00f3n Funcional)<\/a><\/li>\n<li><a href=\"\/transparencia\/descargar.php?d=\/transparencia\/wp-content\/uploads\/finanzas\/cuentapublica\/2019\/cuentapublica\/anexos\/presupuestaria\/Comparativo_de_Egresos_Devengados_contra_Presupuesto_Autorizado_2019-4.pdf\" target=\"_blank\" rel=\"noopener noreferrer\">Comparativo de Egresos Devengados contra Presupuesto Autorizado<\/a><\/li>\n<li><a href=\"\/transparencia\/descargar.php?d=\/transparencia\/wp-content\/uploads\/finanzas\/cuentapublica\/2019\/cuentapublica\/anexos\/presupuestaria\/Cedula_de_Modificaciones_Presupuestales_2019-4.pdf\" target=\"_blank\" rel=\"noopener noreferrer\">C\u00e9dula de Modificaciones Presupuestales<\/a><\/li>\n<li><a href=\"\/transparencia\/descargar.php?d=\/transparencia\/wp-content\/uploads\/finanzas\/cuentapublica\/2019\/cuentapublica\/anexos\/presupuestaria\/Conciliacion_entre_los_Egresos_Presupuestarios_y_los_Gastos_Contables_2019-4.pdf\" target=\"_blank\" rel=\"noopener noreferrer\">Conciliaci\u00f3n entre los Egresos Presupuestarios y los Gastos Contables<\/a><\/li>\n<li><a href=\"\/transparencia\/descargar.php?d=\/transparencia\/wp-content\/uploads\/finanzas\/cuentapublica\/2019\/cuentapublica\/anexos\/presupuestaria\/Montos_Pagados_por_Ayuda_y_Subsidios_2019-4.pdf\" target=\"_blank\" rel=\"noopener noreferrer\">Montos Pagados por Ayuda y Subsidios<\/a><\/li>\n<\/ul>\n<p>[\/learn_more]<br \/>\n[learn_more caption=&#8221;6.4 Informaci\u00f3n de Deuda P\u00fablica&#8221; state=&#8221;open&#8221;]<\/p>\n<ul>\n<li><a href=\"\/transparencia\/descargar.php?d=\/transparencia\/wp-content\/uploads\/finanzas\/cuentapublica\/2019\/cuentapublica\/anexos\/deudapublica\/Reporte_Analitico_de_la_Deuda_y_Otros_Pasivos_2019.pdf\" target=\"_blank\" rel=\"noopener noreferrer\">Reporte Anal\u00edtico de la Deuda y Otros Pasivos<\/a><\/li>\n<li><a href=\"\/transparencia\/descargar.php?d=\/transparencia\/wp-content\/uploads\/finanzas\/cuentapublica\/2019\/cuentapublica\/anexos\/deudapublica\/Resumen_de_Amortizaciones_2019.pdf\" target=\"_blank\" rel=\"noopener noreferrer\">Resumen de Amortizaciones<\/a><\/li>\n<\/ul>\n<p>[\/learn_more]<br \/>\n[learn_more caption=&#8221;6.5 Informaci\u00f3n de Disciplina Financiera&#8221; state=&#8221;open&#8221;]<\/p>\n<ul>\n<li><a href=\"\/transparencia\/descargar.php?d=\/transparencia\/wp-content\/uploads\/finanzas\/cuentapublica\/2019\/cuentapublica\/anexos\/disciplinafinanciera\/Estado_de_Situacion_Financiera_Detallado_2019-4.pdf\" target=\"_blank\" rel=\"noopener noreferrer\">Estado de Situaci\u00f3n Financiera Detallado<\/a><\/li>\n<li><a href=\"\/transparencia\/descargar.php?d=\/transparencia\/wp-content\/uploads\/finanzas\/cuentapublica\/2019\/cuentapublica\/anexos\/disciplinafinanciera\/Informe_Analitico_de_Deuda_Publica_y_Otros_Pasivos_2019-4.pdf\" target=\"_blank\" rel=\"noopener noreferrer\">Informe Anal\u00edtico de Deuda P\u00fablica y Otros Pasivos<\/a><\/li>\n<li><a href=\"\/transparencia\/descargar.php?d=\/transparencia\/wp-content\/uploads\/finanzas\/cuentapublica\/2019\/cuentapublica\/anexos\/disciplinafinanciera\/Informe_Analitico_de_Obligaciones_Diferentes_de_Financiamientos_2019-4.pdf\" target=\"_blank\" rel=\"noopener noreferrer\">Informe Anal\u00edtico de Obligaciones Diferentes de Financiamiento<\/a><\/li>\n<li><a href=\"\/transparencia\/descargar.php?d=\/transparencia\/wp-content\/uploads\/finanzas\/cuentapublica\/2019\/cuentapublica\/anexos\/disciplinafinanciera\/Balance_Presupuestario_2019-4.pdf\" target=\"_blank\" rel=\"noopener noreferrer\">Balance Presupuestario<\/a><\/li>\n<li><a href=\"\/transparencia\/descargar.php?d=\/transparencia\/wp-content\/uploads\/finanzas\/cuentapublica\/2019\/cuentapublica\/anexos\/disciplinafinanciera\/Estado_Analitico_de_Ingresos_Detallado_2019-4.pdf\" target=\"_blank\" rel=\"noopener noreferrer\">Estado Anal\u00edtico de Ingresos Detallado<\/a><\/li>\n<li><a href=\"\/transparencia\/descargar.php?d=\/transparencia\/wp-content\/uploads\/finanzas\/cuentapublica\/2019\/cuentapublica\/anexos\/disciplinafinanciera\/Estado_Analitico_Ejercicio_Presupuesto_de_Egresos_LDF-Clasif_Administrativa_2019-4.pdf\" target=\"_blank\" rel=\"noopener noreferrer\">Estado Anal\u00edtico del Ejercicio del Presupuesto de Egresos Detallado (Clasificaci\u00f3n Administrativa)<\/a><\/li>\n<li><a href=\"\/transparencia\/descargar.php?d=\/transparencia\/wp-content\/uploads\/finanzas\/cuentapublica\/2019\/cuentapublica\/anexos\/disciplinafinanciera\/Estado_Analitico_Ejercicio_Presupuesto_de_Egresos_LDF-Clasif_Funcional_2019-4.pdf\" target=\"_blank\" rel=\"noopener noreferrer\">Estado Anal\u00edtico del Ejercicio del Presupuesto de Egresos Detallado (Clasificaci\u00f3n Funcional)<\/a><\/li>\n<li><a href=\"\/transparencia\/descargar.php?d=\/transparencia\/wp-content\/uploads\/finanzas\/cuentapublica\/2019\/cuentapublica\/anexos\/disciplinafinanciera\/Estado_Analitico_Ejercicio_Presupuesto_de_Egresos_LDF-Clasif_ObjetoDelGasto_2019-4.pdf\" target=\"_blank\" rel=\"noopener noreferrer\">Estado Anal\u00edtico del Ejercicio del Presupuesto de Egresos Detallado (Clasificaci\u00f3n por Objeto del Gasto)<\/a><\/li>\n<li><a href=\"\/transparencia\/descargar.php?d=\/transparencia\/wp-content\/uploads\/finanzas\/cuentapublica\/2019\/cuentapublica\/anexos\/disciplinafinanciera\/Estado_Analitico_Ejercicio_Presupuesto_de_Egresos_LDF-Clasif_ServiciosPersonales_2019-4.pdf\" target=\"_blank\" rel=\"noopener noreferrer\">Estado Anal\u00edtico del Ejercicio del Presupuesto de Egresos Detallado (Clasificaci\u00f3n de Servicios Personales por Categor\u00eda)<\/a><\/li>\n<p>\t<!--li><a href=\"\/transparencia\/descargar.php?d=\/transparencia\/wp-content\/uploads\/finanzas\/cuentapublica\/2019\/cuentapublica\/anexos\/disciplinafinanciera\/Guia_de_Cumplimiento_LDF_2019-4.pdf\" target=\"_blank\" rel=\"noopener noreferrer\">Guia de Cumplimiento de la Ley de Disciplina Financiera<\/a><\/li-->\n<\/ul>\n<p>[\/learn_more]<\/p>\n","protected":false},"excerpt":{"rendered":"<p>[learn_more caption=&#8221;6.1 Informaci\u00f3n General&#8221; state=&#8221;open&#8221;] Relaci\u00f3n de Bienes que Componen el Patrimonio Municipal [\/learn_more] [learn_more caption=&#8221;6.2 Informaci\u00f3n Contable&#8221; state=&#8221;open&#8221;] Relaci\u00f3n de Cuentas Bancarias Reporte del Ejercicio y Destino del Gasto Federalizado y Reintegros [\/learn_more] [learn_more caption=&#8221;6.3 Informaci\u00f3n Presupuestaria&#8221; state=&#8221;open&#8221;] Estado Anal\u00edtico de Ingresos (Clasificaci\u00f3n por Rubro de Ingresos y por Fuente de Financiamiento) Conciliaci\u00f3n entre <a class=\"more-link\" href=\"https:\/\/acapulco.gob.mx\/transparencia\/cuentas-publicas\/ejercicio-fiscal-2019\/cuenta-publica-2019\/anexos\/\">Continue reading <i class=\"fa fa-chevron-right\"><\/i><\/a><\/p>\n","protected":false},"author":1,"featured_media":0,"parent":4516,"menu_order":0,"comment_status":"closed","ping_status":"closed","template":"","meta":[],"_links":{"self":[{"href":"https:\/\/acapulco.gob.mx\/transparencia\/wp-json\/wp\/v2\/pages\/4522"}],"collection":[{"href":"https:\/\/acapulco.gob.mx\/transparencia\/wp-json\/wp\/v2\/pages"}],"about":[{"href":"https:\/\/acapulco.gob.mx\/transparencia\/wp-json\/wp\/v2\/types\/page"}],"author":[{"embeddable":true,"href":"https:\/\/acapulco.gob.mx\/transparencia\/wp-json\/wp\/v2\/users\/1"}],"replies":[{"embeddable":true,"href":"https:\/\/acapulco.gob.mx\/transparencia\/wp-json\/wp\/v2\/comments?post=4522"}],"version-history":[{"count":2,"href":"https:\/\/acapulco.gob.mx\/transparencia\/wp-json\/wp\/v2\/pages\/4522\/revisions"}],"predecessor-version":[{"id":4526,"href":"https:\/\/acapulco.gob.mx\/transparencia\/wp-json\/wp\/v2\/pages\/4522\/revisions\/4526"}],"up":[{"embeddable":true,"href":"https:\/\/acapulco.gob.mx\/transparencia\/wp-json\/wp\/v2\/pages\/4516"}],"wp:attachment":[{"href":"https:\/\/acapulco.gob.mx\/transparencia\/wp-json\/wp\/v2\/media?parent=4522"}],"curies":[{"name":"wp","href":"https:\/\/api.w.org\/{rel}","templated":true}]}}