{"id":4617,"date":"2020-11-09T17:58:56","date_gmt":"2020-11-09T17:58:56","guid":{"rendered":"https:\/\/acapulco.gob.mx\/transparencia\/?page_id=4617"},"modified":"2026-03-13T21:46:52","modified_gmt":"2026-03-13T21:46:52","slug":"programa-anual-de-evaluacion","status":"publish","type":"page","link":"https:\/\/acapulco.gob.mx\/transparencia\/finanzas-publicas-y-presupuestos\/informacion-presupuestaria\/informes\/programa-anual-de-evaluacion\/","title":{"rendered":"Programa Anual de Evaluaci\u00f3n (PAE)"},"content":{"rendered":"<p>&nbsp;<\/p>\n<ul>\n<li><a href=\"\/transparencia\/descargar.php?d=\/transparencia\/wp-content\/uploads\/finanzas\/infofinanciera\/Programa_Anual_de_Evaluacion_2026.pdf\">Programa Anual de Evaluaci\u00f3n 2026<\/a><\/li>\n<li><a href=\"\/transparencia\/descargar.php?d=\/transparencia\/wp-content\/uploads\/finanzas\/infofinanciera\/Terminos_de_Referencia_Acapulco_2026.pdf\">T\u00e9rminos de Referencia Acapulco 2026<\/a><\/li>\n<li><a href=\"\/transparencia\/descargar.php?d=\/transparencia\/wp-content\/uploads\/finanzas\/infofinanciera\/Mecanismo_ASM_2026.pdf\">Mecanismo para el seguimiento de los Aspectos Susceptibles de Mejora (ASM) 2026<\/a><\/li>\n<\/ul>\n<hr>\n<p>&nbsp;<\/p>\n<ul>\n<li><a href=\"\/transparencia\/descargar.php?d=\/transparencia\/wp-content\/uploads\/finanzas\/infofinanciera\/Programa_Anual_de_Evaluacion_2025.pdf\">Programa Anual de Evaluaci\u00f3n 2025<\/a><\/li>\n<li><a href=\"\/transparencia\/descargar.php?d=\/transparencia\/wp-content\/uploads\/finanzas\/infofinanciera\/Terminos_de_Referencia_Acapulco_2025.pdf\">T\u00e9rminos de Referencia Acapulco 2025<\/a><\/li>\n<li>Evaluaci\u00f3n de los Programas Presupuestarios 2025 de:<\/li>\n<ul style=\"padding: 0 0 0px 16px !important;\">\n<li><a href=\"\/transparencia\/descargar.php?d=\/transparencia\/wp-content\/uploads\/buengobierno\/PAE_2025_E008_Alumbrado_Publico.pdf\">Alumbrado P\u00fablico<\/a><\/li>\n<li><a href=\"\/transparencia\/descargar.php?d=\/transparencia\/wp-content\/uploads\/buengobierno\/PAE_2025_E012_Prog_Esp_Alerta_Violencia_Genero.pdf\">Programa Especial para Atender la Alerta de G\u00e9nero<\/a><\/li>\n<\/ul>\n<li>Difusi\u00f3n de los Resultados de las Evaluaciones 2025 de:<\/a><\/li>\n<ul style=\"padding: 0 0 0px 16px !important;\">\n<li><a href=\"\/transparencia\/descargar.php?d=\/transparencia\/wp-content\/uploads\/buengobierno\/Difusion_2025_E008_Alumbrado_Publico.pdf\">Alumbrado P\u00fablico<\/a><\/li>\n<li><a href=\"\/transparencia\/descargar.php?d=\/transparencia\/wp-content\/uploads\/buengobierno\/Difusion_2025_E012_Programa_Especial_Alerta_Genero.pdf\">Programa Especial para Atender la Alerta de G\u00e9nero<\/a><\/li>\n<\/ul>\n<li>Seguimiento a los Aspectos Suceptibles de Mejora (ASM):<\/a><\/li>\n<ul style=\"padding: 0 0 0px 16px !important;\">\n<li><a href=\"\/transparencia\/descargar.php?d=\/transparencia\/wp-content\/uploads\/buengobierno\/Seguimiento_ASM-E008_Alumbrado_Publico.pdf\">Alumbrado P\u00fablico<\/a><\/li>\n<li><a href=\"\/transparencia\/descargar.php?d=\/transparencia\/wp-content\/uploads\/buengobierno\/Seguimiento_ASM-E012_Prog_Esp_Alerta_Violencia_Genero.pdf\">Programa Especial para atender la Alerta de Violencia de G\u00e9nero<\/a><\/li>\n<\/ul>\n<li>Posici\u00f3n Institucional:<\/a><\/li>\n<ul style=\"padding: 0 0 0px 16px !important;\">\n<li><a href=\"\/transparencia\/descargar.php?d=\/transparencia\/wp-content\/uploads\/buengobierno\/Posicion_Institucional-E008_Alumbrado_Publico.pdf\">Alumbrado P\u00fablico<\/a><\/li>\n<li><a href=\"\/transparencia\/descargar.php?d=\/transparencia\/wp-content\/uploads\/buengobierno\/Posicion_Institucional-E012_Programa_Especial_para_atender_la_Alerta_de_Violencia_de_Genero.pdf\">Programa Especial para atender la Alerta de Violencia de G\u00e9nero<\/a><\/li>\n<\/ul>\n<\/ul>\n<hr>\n<ul>\n<li><a href=\"\/transparencia\/descargar.php?d=\/transparencia\/wp-content\/uploads\/finanzas\/infofinanciera\/Programa_Anual_de_Evaluacion_2024.pdf\">Programa Anual de Evaluaci\u00f3n 2024<\/a><\/li>\n<li><a href=\"\/transparencia\/descargar.php?d=\/transparencia\/wp-content\/uploads\/finanzas\/infofinanciera\/Terminos_de_Referencia_Acapulco_2024.pdf\">T\u00e9rminos de Referencia Acapulco 2024<\/a><\/li>\n<li><a href=\"\/transparencia\/descargar.php?d=\/transparencia\/wp-content\/uploads\/finanzas\/infofinanciera\/ASM_Seguimiento_Acapulco.pdf\">Mecanismo para el seguimiento a los Aspectos Susceptibles de Mejora<\/a><\/li>\n<li>Evaluaci\u00f3n de los Programas Presupuestarios 2024 de:<\/li>\n<ul style=\"padding: 0 0 0px 16px !important;\">\n<li><a href=\"\/transparencia\/descargar.php?d=\/transparencia\/wp-content\/uploads\/buengobierno\/Evaluacion_2024_E006_Dignificacion_de_los_servicios_basicos_de_la_vivienda.pdf\">Dignificaci\u00f3n de los Servicios B\u00e1sicos de la Vivienda<\/a><\/li>\n<li><a href=\"\/transparencia\/descargar.php?d=\/transparencia\/wp-content\/uploads\/buengobierno\/Evaluacion_2024_P002_Planeacion_para_resultados.pdf\">Planeaci\u00f3n para Resultados<\/a><\/li>\n<\/ul>\n<li>Difusi\u00f3n de los Resultados de las Evaluaciones 2024 de:<\/a><\/li>\n<ul style=\"padding: 0 0 0px 16px !important;\">\n<li><a href=\"\/transparencia\/descargar.php?d=\/transparencia\/wp-content\/uploads\/buengobierno\/Difusion_2024_E006_Dignificacion_de_los_servicios_basicos_de_la_vivienda.pdf\">Dignificaci\u00f3n de los Servicios B\u00e1sicos de la Vivienda<\/a><\/li>\n<li><a href=\"\/transparencia\/descargar.php?d=\/transparencia\/wp-content\/uploads\/buengobierno\/Difusion_2024_P002_Planeacion_para_resultados.pdf\">Planeaci\u00f3n para Resultados<\/a><\/li>\n<\/ul>\n<\/ul>\n<hr>\n<ul>\n<li><a href=\"\/transparencia\/descargar.php?d=\/transparencia\/wp-content\/uploads\/finanzas\/infofinanciera\/Programa_Anual_de_Evaluacion_2023.pdf\">Programa Anual de Evaluaci\u00f3n 2023<\/a><\/li>\n<li><a href=\"\/transparencia\/descargar.php?d=\/transparencia\/wp-content\/uploads\/finanzas\/infofinanciera\/Terminos_de_Referencia_Acapulco_2023.pdf\">T\u00e9rminos de Referencia Acapulco 2023<\/a><\/li>\n<li>Evaluaci\u00f3n de los Programas Presupuestarios 2023 de:<\/li>\n<ul style=\"padding: 0 0 0px 16px !important;\">\n<li><a href=\"\/transparencia\/descargar.php?d=\/transparencia\/wp-content\/uploads\/buengobierno\/Evaluacion_2023_F006_Infraestructura_y_Fomento_Deportivo_para_la_Prevencion_de_la_Violencia.pdf\">Infraestructura y Fomento Deportivo para la Prevenci\u00f3n de la Violencia<\/a><\/li>\n<li><a href=\"\/transparencia\/descargar.php?d=\/transparencia\/wp-content\/uploads\/buengobierno\/Evaluacion_2023_F007_Fomento_y_Fortalecimiento_para_el_Acceso_Igualitario_a_la_Educacion.pdf\">Fomento y Fortalecimiento para el Acceso Igualitario a la Educaci\u00f3n<\/a><\/li>\n<\/ul>\n<li>Difusi\u00f3n de los Resultados de las Evaluaciones 2023 de:<\/a><\/li>\n<ul style=\"padding: 0 0 0px 16px !important;\">\n<li><a href=\"\/transparencia\/descargar.php?d=\/transparencia\/wp-content\/uploads\/buengobierno\/Evaluacion_2023_Difusion_de_resultados_F006.pdf\">Infraestructura y Fomento Deportivo para la Prevenci\u00f3n de la Violencia<\/a><\/li>\n<li><a href=\"\/transparencia\/descargar.php?d=\/transparencia\/wp-content\/uploads\/buengobierno\/Evaluacion_2023_Difusion_de_resultados_F007.pdf\">Fomento y Fortalecimiento para el Acceso Igualitario a la Educaci\u00f3n<\/a><\/li>\n<\/ul>\n<li>Posici\u00f3n Institucional:<\/a><\/li>\n<ul style=\"padding: 0 0 0px 16px !important;\">\n<li><a href=\"\/transparencia\/descargar.php?d=\/transparencia\/wp-content\/uploads\/buengobierno\/Posicion_Institucional-F006_Infraestructura_y_fomento_deportivo_para_la_prevencion_de_la_violencia.pdf\">Posici\u00f3n Institucional-F006. Infraestructura y fomento deportivo para la prevenci\u00f3n de la violencia<\/a><\/li>\n<li><a href=\"\/transparencia\/descargar.php?d=\/transparencia\/wp-content\/uploads\/buengobierno\/Posicion_Institucional-F007_Fomento_y_fortalecimiento_para_el_acceso_igualitario_a_la_educacion.pdf\">Posici\u00f3n Institucional-F007. Fomento y fortalecimiento para el acceso igualitario a la educaci\u00f3n<\/a><\/li>\n<\/ul>\n<\/ul>\n<hr>\n<ul>\n<li><a href=\"\/transparencia\/descargar.php?d=\/transparencia\/wp-content\/uploads\/finanzas\/infofinanciera\/Programa_Anual_de_Evaluacion_2022.pdf\">Programa Anual de Evaluaci\u00f3n 2022<\/a><\/li>\n<li><a href=\"\/transparencia\/descargar.php?d=\/transparencia\/wp-content\/uploads\/finanzas\/infofinanciera\/Terminos_de_Referencia_Acapulco_2022.pdf\">T\u00e9rminos de Referencia Acapulco 2022<\/a><\/li>\n<li>Evaluaci\u00f3n de los Programas Presupuestarios 2022 de:<\/li>\n<ul style=\"padding: 0 0 0px 16px !important;\">\n<li><a href=\"\/transparencia\/descargar.php?d=\/transparencia\/wp-content\/uploads\/buengobierno\/Evaluacion_2022_E003_Disminucion_de_la_Violencia_de_Genero.pdf\">Programa Integral para la Disminuci\u00f3n de la Violencia de G\u00e9nero<\/a><\/li>\n<li><a href=\"\/transparencia\/descargar.php?d=\/transparencia\/wp-content\/uploads\/buengobierno\/Evaluacion_2022_E006_Dignificacion_Servicios_Basicos_Vivienda.pdf\">Dignificaci\u00f3n en los Servicios B\u00e1sicos de la Vivienda<\/a><\/li>\n<li><a href=\"\/transparencia\/descargar.php?d=\/transparencia\/wp-content\/uploads\/buengobierno\/Evaluacion_2022_E007_Mejoramiento_Inf_Eficiente_Agua.pdf\">Mejoramiento de la Infraestructura para la Provisi\u00f3n Eficiente del Agua Potable<\/a><\/li>\n<li><a href=\"\/transparencia\/descargar.php?d=\/transparencia\/wp-content\/uploads\/buengobierno\/Evaluacion_2022_E012_Proteccion_Civil_Prevencion_Riesgos.pdf\">Protecci\u00f3n Civil como Cultura de Prevenci\u00f3n y Gesti\u00f3n Integral de Riesgos<\/a><\/li>\n<\/ul>\n<li>Difusi\u00f3n de los Resultados de las Evaluaciones 2022 de:<\/a><\/li>\n<ul style=\"padding: 0 0 0px 16px !important;\">\n<li><a href=\"\/transparencia\/descargar.php?d=\/transparencia\/wp-content\/uploads\/buengobierno\/Evaluacion_2022_Difusion_E003_Disminucion_de_la_Violencia_de_Genero.pdf\">Programa Integral para la Disminuci\u00f3n de la Violencia de G\u00e9nero<\/a><\/li>\n<li><a href=\"\/transparencia\/descargar.php?d=\/transparencia\/wp-content\/uploads\/buengobierno\/Evaluacion_2022_Difusion_E006_Dignificacion_Servicios_Basicos_Vivienda.pdf\">Dignificaci\u00f3n en los Servicios B\u00e1sicos de la Vivienda<\/a><\/li>\n<li><a href=\"\/transparencia\/descargar.php?d=\/transparencia\/wp-content\/uploads\/buengobierno\/Evaluacion_2022_Difusion_E007_Mejoramiento_Inf_Eficiente_Agua.pdf\">Mejoramiento de la Infraestructura para la Provisi\u00f3n Eficiente del Agua Potable<\/a><\/li>\n<li><a href=\"\/transparencia\/descargar.php?d=\/transparencia\/wp-content\/uploads\/buengobierno\/Evaluacion_2022_Difusion_E012_Proteccion_Civil_Prevencion_Riesgos.pdf\">Protecci\u00f3n Civil como Cultura de Prevenci\u00f3n y Gesti\u00f3n Integral de Riesgos<\/a><\/li>\n<\/ul>\n<\/ul>\n<hr>\n<ul>\n<li><a href=\"\/transparencia\/descargar.php?d=\/transparencia\/wp-content\/uploads\/finanzas\/infofinanciera\/Programa_Anual_de_Evaluacion_2021.pdf\">Programa Anual de Evaluaci\u00f3n 2021<\/a><\/li>\n<li>Evaluaci\u00f3n de los Programas Presupuestarios 2021 de:<\/li>\n<ul style=\"padding: 0 0 0px 16px !important;\">\n<li><a href=\"\/transparencia\/descargar.php?d=\/transparencia\/wp-content\/uploads\/buengobierno\/Evaluacion_2021_PAE_ALUMBRADO.pdf\">Alumbrado<\/a><\/li>\n<li><a href=\"\/transparencia\/descargar.php?d=\/transparencia\/wp-content\/uploads\/buengobierno\/Evaluacion_2021_PAE_MERCADOS.pdf\">Mercados<\/a><\/li>\n<li><a href=\"\/transparencia\/descargar.php?d=\/transparencia\/wp-content\/uploads\/buengobierno\/Evaluacion_2021_PAE_CALLES_Y_AVENIDAS.pdf\">Obras<\/a><\/li>\n<li><a href=\"\/transparencia\/descargar.php?d=\/transparencia\/wp-content\/uploads\/buengobierno\/Evaluacion_2021_PAE_SALUD.pdf\">Salud<\/a><\/li>\n<\/ul>\n<li>Difusi\u00f3n de los Resultados de las Evaluaciones 2021 de:<\/a><\/li>\n<ul style=\"padding: 0 0 0px 16px !important;\">\n<li><a href=\"\/transparencia\/descargar.php?d=\/transparencia\/wp-content\/uploads\/buengobierno\/Evaluacion_2021_Difusion_ANEXOS_ALUMBRADO_PUBLICO.pdf\">Alumbrado<\/a><\/li>\n<li><a href=\"\/transparencia\/descargar.php?d=\/transparencia\/wp-content\/uploads\/buengobierno\/Evaluacion_2021_Difusion_ANEXOS_MERCADOS.pdf\">Mercados<\/a><\/li>\n<li><a href=\"\/transparencia\/descargar.php?d=\/transparencia\/wp-content\/uploads\/buengobierno\/Evaluacion_2021_Difusion_ANEXOS_CALLES_Y_AVENIDAS.pdf\">Obras<\/a><\/li>\n<li><a href=\"\/transparencia\/descargar.php?d=\/transparencia\/wp-content\/uploads\/buengobierno\/Evaluacion_2021_Difusion_ANEXOS_SALUD.pdf\">Salud<\/a><\/li>\n<\/ul>\n<\/ul>\n<hr>\n<ul>\n<li><a href=\"\/transparencia\/descargar.php?d=\/transparencia\/wp-content\/uploads\/finanzas\/infofinanciera\/Programa_Anual_de_Evaluacion_2020.pdf\">Programa Anual de Evaluaci\u00f3n 2020<\/a><\/li>\n<li>Evaluaci\u00f3n de los Programas Presupuestarios 2020 de:<\/li>\n<ul style=\"padding: 0 0 0px 16px !important;\">\n<li><a href=\"\/transparencia\/descargar.php?d=\/transparencia\/wp-content\/uploads\/buengobierno\/Evaluacion_2020_Bienestar_en_la_Educacion.pdf\">Bienestar en la Educaci\u00f3n<\/a><\/li>\n<li><a href=\"\/transparencia\/descargar.php?d=\/transparencia\/wp-content\/uploads\/buengobierno\/Evaluacion_2020_Desarrollo_agropecuario_pesquero_y_acuicola.pdf\">Desarrollo Agropecuario, Pesquero y Acu\u00edcola<\/a><\/li>\n<li><a href=\"\/transparencia\/descargar.php?d=\/transparencia\/wp-content\/uploads\/buengobierno\/Evaluacion_2020_Recoleccion_de_Residuos_Solidos.pdf\">Recolecci\u00f3n de Residuos S\u00f3lidos<\/a><\/li>\n<\/ul>\n<li><a href=\"\/transparencia\/descargar.php?d=\/transparencia\/wp-content\/uploads\/buengobierno\/Evaluacion_2020_Difusion_de_los_Resultados.pdf\">Difusi\u00f3n de los Resultados de las Evaluaciones 2020.<\/a><\/li>\n<\/ul>\n<hr>\n<ul>\n<li><a href=\"\/transparencia\/descargar.php?d=\/transparencia\/wp-content\/uploads\/finanzas\/infofinanciera\/Programa_Anual_de_Evaluacion_2019.pdf\">Programa Anual de Evaluaci\u00f3n 2019<\/a><\/li>\n<li>Evaluaci\u00f3n de los Programas Presupuestarios 2019 de:<\/li>\n<ul style=\"padding: 0 0 0px 16px !important;\">\n<li><a href=\"\/transparencia\/descargar.php?d=\/transparencia\/wp-content\/uploads\/buengobierno\/Evaluacion_2019_Impulso_a_la_Cultura.pdf\">Impulso a la Cultura<\/a><\/li>\n<li><a href=\"\/transparencia\/descargar.php?d=\/transparencia\/wp-content\/uploads\/buengobierno\/Evaluacion_2019_Atencion_a_las_Juventudes.pdf\">Atenci\u00f3n a las Juventudes<\/a><\/li>\n<li><a href=\"\/transparencia\/descargar.php?d=\/transparencia\/wp-content\/uploads\/buengobierno\/Evaluacion_2019_Agua_y_Drenaje.pdf\">Agua y Drenaje<\/a><\/li>\n<li><a href=\"\/transparencia\/descargar.php?d=\/transparencia\/wp-content\/uploads\/buengobierno\/Evaluacion_2019_Mejoramiento_de_Vivienda.pdf\">Mejoramiento de Vivienda<\/a><\/li>\n<\/ul>\n<li><a href=\"\/transparencia\/descargar.php?d=\/transparencia\/wp-content\/uploads\/buengobierno\/Evaluacion_2019_Difusion_de_los_Resultados.pdf\">Difusi\u00f3n de los Resultados de las Evaluaciones 2019.<\/a><\/li>\n<\/ul>\n","protected":false},"excerpt":{"rendered":"<p>&nbsp; Programa Anual de Evaluaci\u00f3n 2026 T\u00e9rminos de Referencia Acapulco 2026 Mecanismo para el seguimiento de los Aspectos Susceptibles de Mejora (ASM) 2026 &nbsp; Programa Anual de Evaluaci\u00f3n 2025 T\u00e9rminos de Referencia Acapulco 2025 Evaluaci\u00f3n de los Programas Presupuestarios 2025 de: Alumbrado P\u00fablico Programa Especial para Atender la Alerta de G\u00e9nero Difusi\u00f3n de los Resultados <a class=\"more-link\" href=\"https:\/\/acapulco.gob.mx\/transparencia\/finanzas-publicas-y-presupuestos\/informacion-presupuestaria\/informes\/programa-anual-de-evaluacion\/\">Continue reading <i class=\"fa fa-chevron-right\"><\/i><\/a><\/p>\n","protected":false},"author":1,"featured_media":0,"parent":1883,"menu_order":0,"comment_status":"closed","ping_status":"closed","template":"","meta":[],"_links":{"self":[{"href":"https:\/\/acapulco.gob.mx\/transparencia\/wp-json\/wp\/v2\/pages\/4617"}],"collection":[{"href":"https:\/\/acapulco.gob.mx\/transparencia\/wp-json\/wp\/v2\/pages"}],"about":[{"href":"https:\/\/acapulco.gob.mx\/transparencia\/wp-json\/wp\/v2\/types\/page"}],"author":[{"embeddable":true,"href":"https:\/\/acapulco.gob.mx\/transparencia\/wp-json\/wp\/v2\/users\/1"}],"replies":[{"embeddable":true,"href":"https:\/\/acapulco.gob.mx\/transparencia\/wp-json\/wp\/v2\/comments?post=4617"}],"version-history":[{"count":37,"href":"https:\/\/acapulco.gob.mx\/transparencia\/wp-json\/wp\/v2\/pages\/4617\/revisions"}],"predecessor-version":[{"id":7908,"href":"https:\/\/acapulco.gob.mx\/transparencia\/wp-json\/wp\/v2\/pages\/4617\/revisions\/7908"}],"up":[{"embeddable":true,"href":"https:\/\/acapulco.gob.mx\/transparencia\/wp-json\/wp\/v2\/pages\/1883"}],"wp:attachment":[{"href":"https:\/\/acapulco.gob.mx\/transparencia\/wp-json\/wp\/v2\/media?parent=4617"}],"curies":[{"name":"wp","href":"https:\/\/api.w.org\/{rel}","templated":true}]}}