{"id":4845,"date":"2021-04-27T14:52:23","date_gmt":"2021-04-27T14:52:23","guid":{"rendered":"https:\/\/acapulco.gob.mx\/transparencia\/?page_id=4845"},"modified":"2021-10-01T14:47:50","modified_gmt":"2021-10-01T14:47:50","slug":"informacion-contable","status":"publish","type":"page","link":"https:\/\/acapulco.gob.mx\/transparencia\/cuentas-publicas\/ejercicio-fiscal-2020\/cuenta-publica-2020\/informacion-contable\/","title":{"rendered":"I. Informaci\u00f3n Contable"},"content":{"rendered":"<p>[learn_more caption=&#8221;&#8221; state=&#8221;open&#8221;]<\/p>\n<ul>\n<li><a href=\"\/transparencia\/descargar.php?d=\/transparencia\/wp-content\/uploads\/finanzas\/cuentapublica\/2020\/cuentapublica\/infocontable\/Estado_Analitico_del_Activo_2020-4.pdf\" target=\"_blank\" rel=\"noopener noreferrer\">Estado Anal\u00edtico del Activo<\/a><\/li>\n<li><a href=\"\/transparencia\/descargar.php?d=\/transparencia\/wp-content\/uploads\/finanzas\/cuentapublica\/2020\/cuentapublica\/infocontable\/Estado_de_Actividades_2020-4.pdf\" target=\"_blank\" rel=\"noopener noreferrer\">Estado de Actividades<\/a><\/li>\n<li><a href=\"\/transparencia\/descargar.php?d=\/transparencia\/wp-content\/uploads\/finanzas\/cuentapublica\/2020\/cuentapublica\/infocontable\/Estado_de_Cambios_en_la_Situacion_Financiera_2020-4.pdf\" target=\"_blank\" rel=\"noopener noreferrer\">Estado de Cambios en la Situaci\u00f3n Financiera<\/a><\/li>\n<li><a href=\"\/transparencia\/descargar.php?d=\/transparencia\/wp-content\/uploads\/finanzas\/cuentapublica\/2020\/cuentapublica\/infocontable\/Estado_de_Flujos_de_Efectivo_2020-4.pdf\" target=\"_blank\" rel=\"noopener noreferrer\">Estado de Flujos de Efectivo<\/a><\/li>\n<li><a href=\"\/transparencia\/descargar.php?d=\/transparencia\/wp-content\/uploads\/finanzas\/cuentapublica\/2020\/cuentapublica\/infocontable\/Estado_de_Situacion_Financiera_2020-4.pdf\" target=\"_blank\" rel=\"noopener noreferrer\">Estado de Situaci\u00f3n Financiera<\/a><\/li>\n<li><a href=\"\/transparencia\/descargar.php?d=\/transparencia\/wp-content\/uploads\/finanzas\/cuentapublica\/2020\/cuentapublica\/infocontable\/Estado_de_Variaciones_en_la_Hacienda_Publica_2020-4.pdf\" target=\"_blank\" rel=\"noopener noreferrer\">Estado de Variaciones en la Hacienda P\u00fablica<\/a><\/li>\n<li><a href=\"\/transparencia\/descargar.php?d=\/transparencia\/wp-content\/uploads\/finanzas\/cuentapublica\/2020\/cuentapublica\/infocontable\/Notas_a_los_Estados_Financieros_Desgloce_2020-4.pdf\" target=\"_blank\" rel=\"noopener noreferrer\">Notas a los estados financieros<\/a><\/li>\n<li><a href=\"\/transparencia\/descargar.php?d=\/transparencia\/wp-content\/uploads\/finanzas\/cuentapublica\/2020\/cuentapublica\/infocontable\/Estado_Analitico_de_Ingresos_Detallado_2020-4.pdf\" target=\"_blank\" rel=\"noopener noreferrer\">Estado Anal\u00edtico de Ingresos Detallado<\/a><\/li>\n<li><a href=\"\/transparencia\/descargar.php?d=\/transparencia\/wp-content\/uploads\/finanzas\/cuentapublica\/2020\/cuentapublica\/infocontable\/Informe_Analitico_de_Deuda_Publica_y_Otros_Pasivos_2020-4.pdf\" target=\"_blank\" rel=\"noopener noreferrer\">Informe Anal\u00edtico de la Deuda P\u00fablica y Otros Pasivos<\/a><\/li>\n<\/ul>\n<p>[\/learn_more]<\/p>\n","protected":false},"excerpt":{"rendered":"<p>[learn_more caption=&#8221;&#8221; state=&#8221;open&#8221;] Estado Anal\u00edtico del Activo Estado de Actividades Estado de Cambios en la Situaci\u00f3n Financiera Estado de Flujos de Efectivo Estado de Situaci\u00f3n Financiera Estado de Variaciones en la Hacienda P\u00fablica Notas a los estados financieros Estado Anal\u00edtico de Ingresos Detallado Informe Anal\u00edtico de la Deuda P\u00fablica y Otros Pasivos [\/learn_more]<\/p>\n","protected":false},"author":1,"featured_media":0,"parent":4842,"menu_order":0,"comment_status":"closed","ping_status":"closed","template":"","meta":[],"_links":{"self":[{"href":"https:\/\/acapulco.gob.mx\/transparencia\/wp-json\/wp\/v2\/pages\/4845"}],"collection":[{"href":"https:\/\/acapulco.gob.mx\/transparencia\/wp-json\/wp\/v2\/pages"}],"about":[{"href":"https:\/\/acapulco.gob.mx\/transparencia\/wp-json\/wp\/v2\/types\/page"}],"author":[{"embeddable":true,"href":"https:\/\/acapulco.gob.mx\/transparencia\/wp-json\/wp\/v2\/users\/1"}],"replies":[{"embeddable":true,"href":"https:\/\/acapulco.gob.mx\/transparencia\/wp-json\/wp\/v2\/comments?post=4845"}],"version-history":[{"count":4,"href":"https:\/\/acapulco.gob.mx\/transparencia\/wp-json\/wp\/v2\/pages\/4845\/revisions"}],"predecessor-version":[{"id":5036,"href":"https:\/\/acapulco.gob.mx\/transparencia\/wp-json\/wp\/v2\/pages\/4845\/revisions\/5036"}],"up":[{"embeddable":true,"href":"https:\/\/acapulco.gob.mx\/transparencia\/wp-json\/wp\/v2\/pages\/4842"}],"wp:attachment":[{"href":"https:\/\/acapulco.gob.mx\/transparencia\/wp-json\/wp\/v2\/media?parent=4845"}],"curies":[{"name":"wp","href":"https:\/\/api.w.org\/{rel}","templated":true}]}}