{"id":4847,"date":"2021-04-27T14:58:36","date_gmt":"2021-04-27T14:58:36","guid":{"rendered":"https:\/\/acapulco.gob.mx\/transparencia\/?page_id=4847"},"modified":"2021-10-01T14:53:02","modified_gmt":"2021-10-01T14:53:02","slug":"informacion-presupuestaria","status":"publish","type":"page","link":"https:\/\/acapulco.gob.mx\/transparencia\/cuentas-publicas\/ejercicio-fiscal-2020\/cuenta-publica-2020\/informacion-presupuestaria\/","title":{"rendered":"II. Informaci\u00f3n Presupuestaria"},"content":{"rendered":"<p>[learn_more caption=&#8221;&#8221; state=&#8221;open&#8221;]<\/p>\n<ul>\n<li><a href=\"\/transparencia\/descargar.php?d=\/transparencia\/wp-content\/uploads\/finanzas\/cuentapublica\/2020\/cuentapublica\/infopresupuestaria\/Balance_Presupuestario_2020-4.pdf\" target=\"_blank\" rel=\"noopener noreferrer\">Balance Presupuestario<\/a><\/li>\n<li><a href=\"\/transparencia\/descargar.php?d=\/transparencia\/wp-content\/uploads\/finanzas\/cuentapublica\/2020\/cuentapublica\/infopresupuestaria\/Estado_Analitico_de_Ingresos_Presupuestarios_2020-4.pdf\" target=\"_blank\" rel=\"noopener noreferrer\">Estado Anal\u00edtico de Ingresos Presupuestarios<\/a><\/li>\n<li>Estado Anal\u00edtico del Ejercicio del Presupuesto de Egresos\n<ul>\n<li><a href=\"\/transparencia\/descargar.php?d=\/transparencia\/wp-content\/uploads\/finanzas\/cuentapublica\/2020\/cuentapublica\/infopresupuestaria\/Estado_Analitico_Ejercicio_Presupuesto_de_Egresos-Clasif_Administrativa_2020-4.pdf\" target=\"_blank\" rel=\"noopener noreferrer\">Clasificaci\u00f3n Administrativa<\/a><\/li>\n<li><a href=\"\/transparencia\/descargar.php?d=\/transparencia\/wp-content\/uploads\/finanzas\/cuentapublica\/2020\/cuentapublica\/infopresupuestaria\/Estado_Analitico_Ejercicio_Presupuesto_de_Egresos-Clasif_Economica_2020-4.pdf\" target=\"_blank\" rel=\"noopener noreferrer\">Clasificaci\u00f3n Econ\u00f3mica<\/a><\/li>\n<li><a href=\"\/transparencia\/descargar.php?d=\/transparencia\/wp-content\/uploads\/finanzas\/cuentapublica\/2020\/cuentapublica\/infopresupuestaria\/Estado_Analitico_Ejercicio_Presupuesto_de_Egresos-Clasif_Funcional_2020-4.pdf\" target=\"_blank\" rel=\"noopener noreferrer\">Clasificaci\u00f3n Funcional<\/a><\/li>\n<li><a href=\"\/transparencia\/descargar.php?d=\/transparencia\/wp-content\/uploads\/finanzas\/cuentapublica\/2020\/cuentapublica\/infopresupuestaria\/Estado_Analitico_Ejercicio_Presupuesto_de_Egresos-Clasif_ObjetoDelGasto_2020-4.pdf\" target=\"_blank\" rel=\"noopener noreferrer\">Clasificaci\u00f3n por Objeto del Gasto<\/a><\/li>\n<\/ul>\n<\/li>\n<li><a href=\"\/transparencia\/descargar.php?d=\/transparencia\/wp-content\/uploads\/finanzas\/cuentapublica\/2020\/cuentapublica\/infopresupuestaria\/Reporte_Analitico_de_la_Deuda_y_Otros_Pasivos_2020-4.pdf\" target=\"_blank\" rel=\"noopener noreferrer\">Estado anal\u00edtico de la deuda y otros pasivos<\/a><\/li>\n<li><a href=\"\/transparencia\/descargar.php?d=\/transparencia\/wp-content\/uploads\/finanzas\/cuentapublica\/2020\/cuentapublica\/infopresupuestaria\/Endeudamiento_Neto_2020-4.pdf\" target=\"_blank\" rel=\"noopener noreferrer\">Endeudamiento neto<\/a><\/li>\n<li><a href=\"\/transparencia\/descargar.php?d=\/transparencia\/wp-content\/uploads\/finanzas\/cuentapublica\/2020\/cuentapublica\/infopresupuestaria\/Intereses_de_la_Deuda_2020-4.pdf\" target=\"_blank\" rel=\"noopener noreferrer\">Intereses de la deuda<\/a><\/li>\n<\/ul>\n<p>[\/learn_more]<\/p>\n","protected":false},"excerpt":{"rendered":"<p>[learn_more caption=&#8221;&#8221; state=&#8221;open&#8221;] Balance Presupuestario Estado Anal\u00edtico de Ingresos Presupuestarios Estado Anal\u00edtico del Ejercicio del Presupuesto de Egresos Clasificaci\u00f3n Administrativa Clasificaci\u00f3n Econ\u00f3mica Clasificaci\u00f3n Funcional Clasificaci\u00f3n por Objeto del Gasto Estado anal\u00edtico de la deuda y otros pasivos Endeudamiento neto Intereses de la deuda [\/learn_more]<\/p>\n","protected":false},"author":1,"featured_media":0,"parent":4842,"menu_order":0,"comment_status":"closed","ping_status":"closed","template":"","meta":[],"_links":{"self":[{"href":"https:\/\/acapulco.gob.mx\/transparencia\/wp-json\/wp\/v2\/pages\/4847"}],"collection":[{"href":"https:\/\/acapulco.gob.mx\/transparencia\/wp-json\/wp\/v2\/pages"}],"about":[{"href":"https:\/\/acapulco.gob.mx\/transparencia\/wp-json\/wp\/v2\/types\/page"}],"author":[{"embeddable":true,"href":"https:\/\/acapulco.gob.mx\/transparencia\/wp-json\/wp\/v2\/users\/1"}],"replies":[{"embeddable":true,"href":"https:\/\/acapulco.gob.mx\/transparencia\/wp-json\/wp\/v2\/comments?post=4847"}],"version-history":[{"count":3,"href":"https:\/\/acapulco.gob.mx\/transparencia\/wp-json\/wp\/v2\/pages\/4847\/revisions"}],"predecessor-version":[{"id":5037,"href":"https:\/\/acapulco.gob.mx\/transparencia\/wp-json\/wp\/v2\/pages\/4847\/revisions\/5037"}],"up":[{"embeddable":true,"href":"https:\/\/acapulco.gob.mx\/transparencia\/wp-json\/wp\/v2\/pages\/4842"}],"wp:attachment":[{"href":"https:\/\/acapulco.gob.mx\/transparencia\/wp-json\/wp\/v2\/media?parent=4847"}],"curies":[{"name":"wp","href":"https:\/\/api.w.org\/{rel}","templated":true}]}}