{"id":5731,"date":"2022-11-22T19:15:25","date_gmt":"2022-11-22T19:15:25","guid":{"rendered":"https:\/\/acapulco.gob.mx\/transparencia\/?page_id=5731"},"modified":"2026-02-09T23:01:45","modified_gmt":"2026-02-09T23:01:45","slug":"ii-a","status":"publish","type":"page","link":"https:\/\/acapulco.gob.mx\/transparencia\/cumplimiento-de-la-ley-de-transparencia-y-acceso-a-la-informacion-publica\/ii-a\/","title":{"rendered":"II-A"},"content":{"rendered":"<p>&nbsp;<\/p>\n<ul>\n<li><a href=\"\/transparencia\/descargar.php?d=\/transparencia\/wp-content\/uploads\/lgtaip\/Formato_II-A_Estructura_Organica_2025_4.xlsx\">Estructura Org\u00e1nica (octubre &#8211; diciembre 2025)<\/a><\/li>\n<li><a href=\"\/transparencia\/descargar.php?d=\/transparencia\/wp-content\/uploads\/lgtaip\/Formato_II-A_Estructura_Organica_2025_3.xlsx\">Estructura Org\u00e1nica (julio &#8211; septiembre 2025)<\/a><\/li>\n<li><a href=\"\/transparencia\/descargar.php?d=\/transparencia\/wp-content\/uploads\/lgtaip\/Formato_II-A_Estructura_Organica_2025_2.xlsx\">Estructura Org\u00e1nica (abril &#8211; junio 2025)<\/a><\/li>\n<li><a href=\"\/transparencia\/descargar.php?d=\/transparencia\/wp-content\/uploads\/lgtaip\/Formato_II-A_Estructura_Organica_2025_1.xlsx\">Estructura Org\u00e1nica (enero &#8211; marzo 2025)<\/a><\/li>\n<li><a href=\"\/transparencia\/descargar.php?d=\/transparencia\/wp-content\/uploads\/lgtaip\/Formato_II-A_Estructura_Organica_2024_4.xlsx\">Estructura Org\u00e1nica (octubre &#8211; diciembre 2024)<\/a><\/li>\n<li><a href=\"\/transparencia\/descargar.php?d=\/transparencia\/wp-content\/uploads\/lgtaip\/Formato_II-A_Estructura_Organica_2024_3.xlsx\">Estructura Org\u00e1nica (julio &#8211; septiembre 2024)<\/a><\/li>\n<li><a href=\"\/transparencia\/descargar.php?d=\/transparencia\/wp-content\/uploads\/lgtaip\/Formato_II-A_Estructura_Organica_2024_2.xlsx\">Estructura Org\u00e1nica (abril &#8211; junio 2024)<\/a><\/li>\n<li><a href=\"\/transparencia\/descargar.php?d=\/transparencia\/wp-content\/uploads\/lgtaip\/Formato_II-A_Estructura_Organica_2024_1.xlsx\">Estructura Org\u00e1nica (enero &#8211; marzo 2024)<\/a><\/li>\n<li><a href=\"\/transparencia\/descargar.php?d=\/transparencia\/wp-content\/uploads\/lgtaip\/Formato_II-A_Estructura_Organica_2023_4.xlsx\">Estructura Org\u00e1nica (octubre &#8211; diciembre 2023)<\/a><\/li>\n<li><a href=\"\/transparencia\/descargar.php?d=\/transparencia\/wp-content\/uploads\/lgtaip\/Formato_II-A_Estructura_Organica_2023_3.xlsx\">Estructura Org\u00e1nica (julio &#8211; septiembre 2023)<\/a><\/li>\n<li><a href=\"\/transparencia\/descargar.php?d=\/transparencia\/wp-content\/uploads\/lgtaip\/Formato_II-A_Estructura_Organica_2023_2.xlsx\">Estructura Org\u00e1nica (abril &#8211; junio 2023)<\/a><\/li>\n<li><a href=\"\/transparencia\/descargar.php?d=\/transparencia\/wp-content\/uploads\/lgtaip\/Formato_II-A_Estructura_Organica_2023_1.xlsx\">Estructura Org\u00e1nica (enero &#8211; marzo 2023)<\/a><\/li>\n<li><a href=\"\/transparencia\/descargar.php?d=\/transparencia\/wp-content\/uploads\/lgtaip\/Formato_II-A_Estructura_Organica_2022_4.xlsx\">Estructura Org\u00e1nica (octubre &#8211; diciembre 2022)<\/a><\/li>\n<li><a href=\"\/transparencia\/descargar.php?d=\/transparencia\/wp-content\/uploads\/lgtaip\/Formato_II-A_Estructura_Organica_2022_3.xlsx\">Estructura Org\u00e1nica (julio &#8211; septiembre 2022)<\/a><\/li>\n<li><a href=\"\/transparencia\/descargar.php?d=\/transparencia\/wp-content\/uploads\/lgtaip\/Formato_II-A_Estructura_Organica_2022_2.xlsx\">Estructura Org\u00e1nica (abril &#8211; junio 2022)<\/a><\/li>\n<li><a href=\"\/transparencia\/descargar.php?d=\/transparencia\/wp-content\/uploads\/lgtaip\/Formato_II-A_Estructura_Organica_2022_1.xlsx\">Estructura Org\u00e1nica (enero &#8211; marzo 2022)<\/a><\/li>\n<li><a href=\"\/transparencia\/descargar.php?d=\/transparencia\/wp-content\/uploads\/lgtaip\/Formato_II-A_Estructura_Organica_2021_4.xlsx\">Estructura Org\u00e1nica (octubre &#8211; diciembre 2021)<\/a><\/li>\n<li><a href=\"\/transparencia\/descargar.php?d=\/transparencia\/wp-content\/uploads\/lgtaip\/Formato_II-A_Estructura_Organica_2021_3.xlsx\">Estructura Org\u00e1nica (julio &#8211; septiembre 2021)<\/a><\/li>\n<li><a href=\"\/transparencia\/descargar.php?d=\/transparencia\/wp-content\/uploads\/lgtaip\/Formato_II-A_Estructura_Organica_2021_2.xlsx\">Estructura Org\u00e1nica (abril &#8211; junio 2021)<\/a><\/li>\n<li><a href=\"\/transparencia\/descargar.php?d=\/transparencia\/wp-content\/uploads\/lgtaip\/Formato_II-A_Estructura_Organica_2021_1.xlsx\">Estructura Org\u00e1nica (enero &#8211; marzo 2021)<\/a><\/li>\n<\/ul>\n","protected":false},"excerpt":{"rendered":"<p>&nbsp; Estructura Org\u00e1nica (octubre &#8211; diciembre 2025) Estructura Org\u00e1nica (julio &#8211; septiembre 2025) Estructura Org\u00e1nica (abril &#8211; junio 2025) Estructura Org\u00e1nica (enero &#8211; marzo 2025) Estructura Org\u00e1nica (octubre &#8211; diciembre 2024) Estructura Org\u00e1nica (julio &#8211; septiembre 2024) Estructura Org\u00e1nica (abril &#8211; junio 2024) Estructura Org\u00e1nica (enero &#8211; marzo 2024) Estructura Org\u00e1nica (octubre &#8211; diciembre 2023) <a class=\"more-link\" href=\"https:\/\/acapulco.gob.mx\/transparencia\/cumplimiento-de-la-ley-de-transparencia-y-acceso-a-la-informacion-publica\/ii-a\/\">Continue reading <i class=\"fa fa-chevron-right\"><\/i><\/a><\/p>\n","protected":false},"author":1,"featured_media":0,"parent":2286,"menu_order":0,"comment_status":"closed","ping_status":"closed","template":"","meta":[],"_links":{"self":[{"href":"https:\/\/acapulco.gob.mx\/transparencia\/wp-json\/wp\/v2\/pages\/5731"}],"collection":[{"href":"https:\/\/acapulco.gob.mx\/transparencia\/wp-json\/wp\/v2\/pages"}],"about":[{"href":"https:\/\/acapulco.gob.mx\/transparencia\/wp-json\/wp\/v2\/types\/page"}],"author":[{"embeddable":true,"href":"https:\/\/acapulco.gob.mx\/transparencia\/wp-json\/wp\/v2\/users\/1"}],"replies":[{"embeddable":true,"href":"https:\/\/acapulco.gob.mx\/transparencia\/wp-json\/wp\/v2\/comments?post=5731"}],"version-history":[{"count":14,"href":"https:\/\/acapulco.gob.mx\/transparencia\/wp-json\/wp\/v2\/pages\/5731\/revisions"}],"predecessor-version":[{"id":7847,"href":"https:\/\/acapulco.gob.mx\/transparencia\/wp-json\/wp\/v2\/pages\/5731\/revisions\/7847"}],"up":[{"embeddable":true,"href":"https:\/\/acapulco.gob.mx\/transparencia\/wp-json\/wp\/v2\/pages\/2286"}],"wp:attachment":[{"href":"https:\/\/acapulco.gob.mx\/transparencia\/wp-json\/wp\/v2\/media?parent=5731"}],"curies":[{"name":"wp","href":"https:\/\/api.w.org\/{rel}","templated":true}]}}