{"id":6538,"date":"2024-02-01T21:45:46","date_gmt":"2024-02-01T21:45:46","guid":{"rendered":"https:\/\/acapulco.gob.mx\/transparencia\/?page_id=6538"},"modified":"2026-02-06T18:59:40","modified_gmt":"2026-02-06T18:59:40","slug":"82-ii-b","status":"publish","type":"page","link":"https:\/\/acapulco.gob.mx\/transparencia\/cumplimiento-de-la-ley-de-transparencia-y-acceso-a-la-informacion-publica\/82-ii-b\/","title":{"rendered":"II-B"},"content":{"rendered":"<p>&nbsp;<\/p>\n<ul>\n<li><a href=\"\/transparencia\/descargar.php?d=\/transparencia\/wp-content\/uploads\/lgtaip\/Formato_82_II-B_Egresos_y_Formulas_de_Distribucion_de_Recursos_2025_4.xlsx\">Egresos y F\u00f3rmulas de Distribuci\u00f3n de Recursos (octubre &#8211; diciembre 2025)<\/a><\/li>\n<li><a href=\"\/transparencia\/descargar.php?d=\/transparencia\/wp-content\/uploads\/lgtaip\/Formato_82_II-B_Egresos_y_Formulas_de_Distribucion_de_Recursos_2025_3.xlsx\">Egresos y F\u00f3rmulas de Distribuci\u00f3n de Recursos (julio &#8211; septiembre 2025)<\/a><\/li>\n<li><a href=\"\/transparencia\/descargar.php?d=\/transparencia\/wp-content\/uploads\/lgtaip\/Formato_82_II-B_Egresos_y_Formulas_de_Distribucion_de_Recursos_2025_2.xlsx\">Egresos y F\u00f3rmulas de Distribuci\u00f3n de Recursos (abril &#8211; junio 2025)<\/a><\/li>\n<li><a href=\"\/transparencia\/descargar.php?d=\/transparencia\/wp-content\/uploads\/lgtaip\/Formato_82_II-B_Egresos_y_Formulas_de_Distribucion_de_Recursos_2024_4.xlsx\">Egresos y F\u00f3rmulas de Distribuci\u00f3n de Recursos (octubre &#8211; diciembre 2024)<\/a><\/li>\n<li><a href=\"\/transparencia\/descargar.php?d=\/transparencia\/wp-content\/uploads\/lgtaip\/Formato_82_II-B_Egresos_y_Formulas_de_Distribucion_de_Recursos_2024_2.xlsx\">Egresos y F\u00f3rmulas de Distribuci\u00f3n de Recursos (abril &#8211; junio 2024)<\/a><\/li>\n<li><a href=\"\/transparencia\/descargar.php?d=\/transparencia\/wp-content\/uploads\/lgtaip\/Formato_82_II-B_Egresos_y_Formulas_de_Distribucion_de_Recursos_2024_1.xlsx\">Egresos y F\u00f3rmulas de Distribuci\u00f3n de Recursos (enero &#8211; marzo 2024)<\/a><\/li>\n<li><a href=\"\/transparencia\/descargar.php?d=\/transparencia\/wp-content\/uploads\/lgtaip\/Formato_82_II-B_Egresos_y_Formulas_de_Distribucion_de_Recursos_2023_4.xlsx\">Egresos y F\u00f3rmulas de Distribuci\u00f3n de Recursos (octubre &#8211; diciembre 2023)<\/a><\/li>\n<\/ul>\n","protected":false},"excerpt":{"rendered":"<p>&nbsp; Egresos y F\u00f3rmulas de Distribuci\u00f3n de Recursos (octubre &#8211; diciembre 2025) Egresos y F\u00f3rmulas de Distribuci\u00f3n de Recursos (julio &#8211; septiembre 2025) Egresos y F\u00f3rmulas de Distribuci\u00f3n de Recursos (abril &#8211; junio 2025) Egresos y F\u00f3rmulas de Distribuci\u00f3n de Recursos (octubre &#8211; diciembre 2024) Egresos y F\u00f3rmulas de Distribuci\u00f3n de Recursos (abril &#8211; junio <a class=\"more-link\" href=\"https:\/\/acapulco.gob.mx\/transparencia\/cumplimiento-de-la-ley-de-transparencia-y-acceso-a-la-informacion-publica\/82-ii-b\/\">Continue reading <i class=\"fa fa-chevron-right\"><\/i><\/a><\/p>\n","protected":false},"author":1,"featured_media":0,"parent":2286,"menu_order":0,"comment_status":"closed","ping_status":"closed","template":"","meta":[],"_links":{"self":[{"href":"https:\/\/acapulco.gob.mx\/transparencia\/wp-json\/wp\/v2\/pages\/6538"}],"collection":[{"href":"https:\/\/acapulco.gob.mx\/transparencia\/wp-json\/wp\/v2\/pages"}],"about":[{"href":"https:\/\/acapulco.gob.mx\/transparencia\/wp-json\/wp\/v2\/types\/page"}],"author":[{"embeddable":true,"href":"https:\/\/acapulco.gob.mx\/transparencia\/wp-json\/wp\/v2\/users\/1"}],"replies":[{"embeddable":true,"href":"https:\/\/acapulco.gob.mx\/transparencia\/wp-json\/wp\/v2\/comments?post=6538"}],"version-history":[{"count":8,"href":"https:\/\/acapulco.gob.mx\/transparencia\/wp-json\/wp\/v2\/pages\/6538\/revisions"}],"predecessor-version":[{"id":7804,"href":"https:\/\/acapulco.gob.mx\/transparencia\/wp-json\/wp\/v2\/pages\/6538\/revisions\/7804"}],"up":[{"embeddable":true,"href":"https:\/\/acapulco.gob.mx\/transparencia\/wp-json\/wp\/v2\/pages\/2286"}],"wp:attachment":[{"href":"https:\/\/acapulco.gob.mx\/transparencia\/wp-json\/wp\/v2\/media?parent=6538"}],"curies":[{"name":"wp","href":"https:\/\/api.w.org\/{rel}","templated":true}]}}