{"id":6704,"date":"2024-04-30T22:06:27","date_gmt":"2024-04-30T22:06:27","guid":{"rendered":"https:\/\/acapulco.gob.mx\/transparencia\/?page_id=6704"},"modified":"2026-02-06T19:01:44","modified_gmt":"2026-02-06T19:01:44","slug":"82-iv-b","status":"publish","type":"page","link":"https:\/\/acapulco.gob.mx\/transparencia\/cumplimiento-de-la-ley-de-transparencia-y-acceso-a-la-informacion-publica\/82-iv-b\/","title":{"rendered":"IV-B"},"content":{"rendered":"<p>&nbsp;<\/p>\n<ul>\n<li><a href=\"\/transparencia\/descargar.php?d=\/transparencia\/wp-content\/uploads\/lgtaip\/Formato_82_IV-B_Estadisticas_sobre_Excenciones_2025_4.xlsx\">Estad\u00edsticas sobre exenciones (octubre &#8211; diciembre 2025)<\/a><\/li>\n<li><a href=\"\/transparencia\/descargar.php?d=\/transparencia\/wp-content\/uploads\/lgtaip\/Formato_82_IV-B_Estadisticas_sobre_Excenciones_2025_3.xlsx\">Estad\u00edsticas sobre exenciones (julio &#8211; septiembre 2025)<\/a><\/li>\n<li><a href=\"\/transparencia\/descargar.php?d=\/transparencia\/wp-content\/uploads\/lgtaip\/Formato_82_IV-B_Estadisticas_sobre_Excenciones_2025_2.xlsx\">Estad\u00edsticas sobre exenciones (abril &#8211; junio 2025)<\/a><\/li>\n<li><a href=\"\/transparencia\/descargar.php?d=\/transparencia\/wp-content\/uploads\/lgtaip\/Formato_82_IV-B_Estadisticas_sobre_Excenciones_2025_1.xlsx\">Estad\u00edsticas sobre exenciones (enero &#8211; marzo 2025)<\/a><\/li>\n<li><a href=\"\/transparencia\/descargar.php?d=\/transparencia\/wp-content\/uploads\/lgtaip\/Formato_82_IV-B_Estadisticas_sobre_Excenciones_2024_4.xlsx\">Estad\u00edsticas sobre exenciones (octubre &#8211; diciembre 2024)<\/a><\/li>\n<li><a href=\"\/transparencia\/descargar.php?d=\/transparencia\/wp-content\/uploads\/lgtaip\/Formato_82_IV-B_Estadisticas_sobre_Excenciones_2024_2.xlsx\">Estad\u00edsticas sobre exenciones (abril &#8211; junio 2024)<\/a><\/li>\n<li><a href=\"\/transparencia\/descargar.php?d=\/transparencia\/wp-content\/uploads\/lgtaip\/Formato_82_IV-B_Estadisticas_sobre_Excenciones_2024_1.xlsx\">Estad\u00edsticas sobre exenciones (enero &#8211; marzo 2024)<\/a><\/li>\n<\/ul>\n","protected":false},"excerpt":{"rendered":"<p>&nbsp; Estad\u00edsticas sobre exenciones (octubre &#8211; diciembre 2025) Estad\u00edsticas sobre exenciones (julio &#8211; septiembre 2025) Estad\u00edsticas sobre exenciones (abril &#8211; junio 2025) Estad\u00edsticas sobre exenciones (enero &#8211; marzo 2025) Estad\u00edsticas sobre exenciones (octubre &#8211; diciembre 2024) Estad\u00edsticas sobre exenciones (abril &#8211; junio 2024) Estad\u00edsticas sobre exenciones (enero &#8211; marzo 2024)<\/p>\n","protected":false},"author":1,"featured_media":0,"parent":2286,"menu_order":0,"comment_status":"closed","ping_status":"closed","template":"","meta":[],"_links":{"self":[{"href":"https:\/\/acapulco.gob.mx\/transparencia\/wp-json\/wp\/v2\/pages\/6704"}],"collection":[{"href":"https:\/\/acapulco.gob.mx\/transparencia\/wp-json\/wp\/v2\/pages"}],"about":[{"href":"https:\/\/acapulco.gob.mx\/transparencia\/wp-json\/wp\/v2\/types\/page"}],"author":[{"embeddable":true,"href":"https:\/\/acapulco.gob.mx\/transparencia\/wp-json\/wp\/v2\/users\/1"}],"replies":[{"embeddable":true,"href":"https:\/\/acapulco.gob.mx\/transparencia\/wp-json\/wp\/v2\/comments?post=6704"}],"version-history":[{"count":7,"href":"https:\/\/acapulco.gob.mx\/transparencia\/wp-json\/wp\/v2\/pages\/6704\/revisions"}],"predecessor-version":[{"id":7806,"href":"https:\/\/acapulco.gob.mx\/transparencia\/wp-json\/wp\/v2\/pages\/6704\/revisions\/7806"}],"up":[{"embeddable":true,"href":"https:\/\/acapulco.gob.mx\/transparencia\/wp-json\/wp\/v2\/pages\/2286"}],"wp:attachment":[{"href":"https:\/\/acapulco.gob.mx\/transparencia\/wp-json\/wp\/v2\/media?parent=6704"}],"curies":[{"name":"wp","href":"https:\/\/api.w.org\/{rel}","templated":true}]}}