{"id":6716,"date":"2024-05-03T18:24:44","date_gmt":"2024-05-03T18:24:44","guid":{"rendered":"https:\/\/acapulco.gob.mx\/transparencia\/?page_id=6716"},"modified":"2024-10-08T22:46:18","modified_gmt":"2024-10-08T22:46:18","slug":"informacion-presupuestaria","status":"publish","type":"page","link":"https:\/\/acapulco.gob.mx\/transparencia\/cuentas-publicas\/ejercicio-fiscal-2023\/cuenta-publica-2023\/informacion-presupuestaria\/","title":{"rendered":"II. Informaci\u00f3n Presupuestaria"},"content":{"rendered":"<p>&nbsp;<\/p>\n<ul>\n<li><a href=\"\/transparencia\/descargar.php?d=\/transparencia\/wp-content\/uploads\/finanzas\/cuentapublica\/2023\/cuentapublica\/infopresupuestaria\/Balance_Presupuestario_2023-4.pdf\" target=\"_blank\" rel=\"noopener noreferrer\">Balance Presupuestario<\/a><\/li>\n<li><a href=\"\/transparencia\/descargar.php?d=\/transparencia\/wp-content\/uploads\/finanzas\/cuentapublica\/2023\/cuentapublica\/infopresupuestaria\/Estado_Analitico_de_Ingresos_Presupuestarios_2023-4.pdf\" target=\"_blank\" rel=\"noopener noreferrer\">Estado Anal\u00edtico de Ingresos Presupuestarios<\/a><\/li>\n<li>Estado Anal\u00edtico del Ejercicio del Presupuesto de Egresos\n<ul>\n<li><a href=\"\/transparencia\/descargar.php?d=\/transparencia\/wp-content\/uploads\/finanzas\/cuentapublica\/2023\/cuentapublica\/infopresupuestaria\/Estado_Analitico_Ejercicio_Presupuesto_de_Egresos-Clasif_Administrativa_2023-4.pdf\" target=\"_blank\" rel=\"noopener noreferrer\">Clasificaci\u00f3n Administrativa<\/a><\/li>\n<li><a href=\"\/transparencia\/descargar.php?d=\/transparencia\/wp-content\/uploads\/finanzas\/cuentapublica\/2023\/cuentapublica\/infopresupuestaria\/Estado_Analitico_Ejercicio_Presupuesto_de_Egresos-Clasif_Economica_2023-4.pdf\" target=\"_blank\" rel=\"noopener noreferrer\">Clasificaci\u00f3n Econ\u00f3mica<\/a><\/li>\n<li><a href=\"\/transparencia\/descargar.php?d=\/transparencia\/wp-content\/uploads\/finanzas\/cuentapublica\/2023\/cuentapublica\/infopresupuestaria\/Estado_Analitico_Ejercicio_Presupuesto_de_Egresos-Clasif_Funcional_2023-4.pdf\" target=\"_blank\" rel=\"noopener noreferrer\">Clasificaci\u00f3n Funcional<\/a><\/li>\n<li><a href=\"\/transparencia\/descargar.php?d=\/transparencia\/wp-content\/uploads\/finanzas\/cuentapublica\/2023\/cuentapublica\/infopresupuestaria\/Estado_Analitico_Ejercicio_Presupuesto_de_Egresos-Clasif_ObjetoDelGasto_2023-4.pdf\" target=\"_blank\" rel=\"noopener noreferrer\">Clasificaci\u00f3n por Objeto del Gasto<\/a><\/li>\n<\/ul>\n<\/li>\n<li><a href=\"\/transparencia\/descargar.php?d=\/transparencia\/wp-content\/uploads\/finanzas\/cuentapublica\/2023\/cuentapublica\/infopresupuestaria\/Endeudamiento_Neto_2023-4.pdf\" target=\"_blank\" rel=\"noopener noreferrer\">Endeudamiento Neto<\/a><\/li>\n<li><a href=\"\/transparencia\/descargar.php?d=\/transparencia\/wp-content\/uploads\/finanzas\/cuentapublica\/2023\/cuentapublica\/infopresupuestaria\/Intereses_de_la_Deuda_2023-4.pdf\" target=\"_blank\" rel=\"noopener noreferrer\">Intereses de la Deuda<\/a><\/li>\n<li><a href=\"\/transparencia\/descargar.php?d=\/transparencia\/wp-content\/uploads\/finanzas\/cuentapublica\/2023\/cuentapublica\/infopresupuestaria\/Gasto_por_Categoria_Programatica_2023-4.pdf\" target=\"_blank\" rel=\"noopener noreferrer\">Gasto por Categor\u00eda Program\u00e1tica<\/a><\/li>\n<\/ul>\n","protected":false},"excerpt":{"rendered":"<p>&nbsp; Balance Presupuestario Estado Anal\u00edtico de Ingresos Presupuestarios Estado Anal\u00edtico del Ejercicio del Presupuesto de Egresos Clasificaci\u00f3n Administrativa Clasificaci\u00f3n Econ\u00f3mica Clasificaci\u00f3n Funcional Clasificaci\u00f3n por Objeto del Gasto Endeudamiento Neto Intereses de la Deuda Gasto por Categor\u00eda Program\u00e1tica<\/p>\n","protected":false},"author":1,"featured_media":0,"parent":6711,"menu_order":0,"comment_status":"closed","ping_status":"closed","template":"","meta":[],"_links":{"self":[{"href":"https:\/\/acapulco.gob.mx\/transparencia\/wp-json\/wp\/v2\/pages\/6716"}],"collection":[{"href":"https:\/\/acapulco.gob.mx\/transparencia\/wp-json\/wp\/v2\/pages"}],"about":[{"href":"https:\/\/acapulco.gob.mx\/transparencia\/wp-json\/wp\/v2\/types\/page"}],"author":[{"embeddable":true,"href":"https:\/\/acapulco.gob.mx\/transparencia\/wp-json\/wp\/v2\/users\/1"}],"replies":[{"embeddable":true,"href":"https:\/\/acapulco.gob.mx\/transparencia\/wp-json\/wp\/v2\/comments?post=6716"}],"version-history":[{"count":4,"href":"https:\/\/acapulco.gob.mx\/transparencia\/wp-json\/wp\/v2\/pages\/6716\/revisions"}],"predecessor-version":[{"id":6976,"href":"https:\/\/acapulco.gob.mx\/transparencia\/wp-json\/wp\/v2\/pages\/6716\/revisions\/6976"}],"up":[{"embeddable":true,"href":"https:\/\/acapulco.gob.mx\/transparencia\/wp-json\/wp\/v2\/pages\/6711"}],"wp:attachment":[{"href":"https:\/\/acapulco.gob.mx\/transparencia\/wp-json\/wp\/v2\/media?parent=6716"}],"curies":[{"name":"wp","href":"https:\/\/api.w.org\/{rel}","templated":true}]}}