{"id":6720,"date":"2024-05-03T18:27:37","date_gmt":"2024-05-03T18:27:37","guid":{"rendered":"https:\/\/acapulco.gob.mx\/transparencia\/?page_id=6720"},"modified":"2025-09-18T22:04:12","modified_gmt":"2025-09-18T22:04:12","slug":"anexos","status":"publish","type":"page","link":"https:\/\/acapulco.gob.mx\/transparencia\/cuentas-publicas\/ejercicio-fiscal-2023\/cuenta-publica-2023\/anexos\/","title":{"rendered":"III. Anexos"},"content":{"rendered":"<p>&nbsp;<br \/>\n<strong>6.1 Informaci\u00f3n General<\/strong><\/p>\n<ul>\n<li><a href=\"\/transparencia\/descargar.php?d=\/transparencia\/wp-content\/uploads\/finanzas\/cuentapublica\/2023\/cuentapublica\/anexos\/general\/Relacion_de_Bienes_que_Componen_el_Patrimonio_2023.pdf\" target=\"_blank\" rel=\"noopener noreferrer\">Relaci\u00f3n de Bienes que Componen el Patrimonio Municipal<\/a><\/li>\n<\/ul>\n<hr \/>\n<p><strong>6.2 Informaci\u00f3n Contable<\/strong><\/p>\n<ul>\n<li><a href=\"\/transparencia\/descargar.php?d=\/transparencia\/wp-content\/uploads\/finanzas\/cuentapublica\/2023\/cuentapublica\/anexos\/contable\/Relacion_de_Cuentas_Bancarias_2023.pdf\" target=\"_blank\" rel=\"noopener noreferrer\">Relaci\u00f3n de Cuentas Bancarias<\/a><\/li>\n<li><a href=\"\/transparencia\/descargar.php?d=\/transparencia\/wp-content\/uploads\/finanzas\/cuentapublica\/2023\/cuentapublica\/anexos\/contable\/Ejercicio_del_Gasto_Federalizado_y_Reintegros_2023.pdf\" target=\"_blank\" rel=\"noopener noreferrer\">Ejercicio y Destino del Gasto Federalizado y Reintegros<\/a><\/li>\n<\/ul>\n<hr \/>\n<p><strong>6.3 Informaci\u00f3n Presupuestaria<\/strong><\/p>\n<ul>\n<li><a href=\"\/transparencia\/descargar.php?d=\/transparencia\/wp-content\/uploads\/finanzas\/cuentapublica\/2023\/cuentapublica\/anexos\/presupuestaria\/Estado_Analitico_de_Ingresos_Presupuestarios_2023-4.pdf\" target=\"_blank\" rel=\"noopener noreferrer\">Estado Anal\u00edtico de Ingresos (Clasificaci\u00f3n por Rubro de Ingresos y por Fuente de Financiamiento)<\/a><\/li>\n<li><a href=\"\/transparencia\/descargar.php?d=\/transparencia\/wp-content\/uploads\/finanzas\/cuentapublica\/2023\/cuentapublica\/anexos\/presupuestaria\/Conciliacion_entre_los_Ingresos_Presupuestarios_y_Contables_2023-4.pdf\" target=\"_blank\" rel=\"noopener noreferrer\">Conciliaci\u00f3n entre los Ingresos Presupuestarios y Contables<\/a><\/li>\n<li><a href=\"\/transparencia\/descargar.php?d=\/transparencia\/wp-content\/uploads\/finanzas\/cuentapublica\/2023\/cuentapublica\/anexos\/presupuestaria\/Estado_Analitico_Ejercicio_Presupuesto_de_Egresos-Clasif_ObjetoDelGasto_2023-4.pdf\" target=\"_blank\" rel=\"noopener noreferrer\">Estado Anal\u00edtico del Ejercicio del Presupuesto de Egresos (Clasificaci\u00f3n por Objeto del Gasto)<\/a><\/li>\n<li><a href=\"\/transparencia\/descargar.php?d=\/transparencia\/wp-content\/uploads\/finanzas\/cuentapublica\/2023\/cuentapublica\/anexos\/presupuestaria\/Estado_Analitico_Ejercicio_Presupuesto_de_Egresos-Clasif_Economica_2023-4.pdf\" target=\"_blank\" rel=\"noopener noreferrer\">Estado Anal\u00edtico del Ejercicio del Presupuesto de Egresos (Clasificaci\u00f3n Econ\u00f3mica)<\/a><\/li>\n<li><a href=\"\/transparencia\/descargar.php?d=\/transparencia\/wp-content\/uploads\/finanzas\/cuentapublica\/2023\/cuentapublica\/anexos\/presupuestaria\/Estado_Analitico_Ejercicio_Presupuesto_de_Egresos-Clasif_Administrativa_2023-4.pdf\" target=\"_blank\" rel=\"noopener noreferrer\">Estado Anal\u00edtico del Ejercicio del Presupuesto de Egresos (Clasificaci\u00f3n Administrativa)<\/a><\/li>\n<li><a href=\"\/transparencia\/descargar.php?d=\/transparencia\/wp-content\/uploads\/finanzas\/cuentapublica\/2023\/cuentapublica\/anexos\/presupuestaria\/Estado_Analitico_Ejercicio_Presupuesto_de_Egresos-Clasif_Funcional_2023-4.pdf\" target=\"_blank\" rel=\"noopener noreferrer\">Estado Anal\u00edtico del Ejercicio del Presupuesto de Egresos (Clasificaci\u00f3n Funcional)<\/a><\/li>\n<li><a href=\"\/transparencia\/descargar.php?d=\/transparencia\/wp-content\/uploads\/finanzas\/cuentapublica\/2023\/cuentapublica\/anexos\/presupuestaria\/Comparativo_de_Egresos_Pagados_y_los_Modificados_2023-4.pdf\" target=\"_blank\" rel=\"noopener noreferrer\">Comparativo entre los Egresos Pagados y los Modificados<\/a><\/li>\n<li><a href=\"\/transparencia\/descargar.php?d=\/transparencia\/wp-content\/uploads\/finanzas\/cuentapublica\/2023\/cuentapublica\/anexos\/presupuestaria\/Cedula_de_Modificaciones_Presupuestales_2023-4.pdf\" target=\"_blank\" rel=\"noopener noreferrer\">C\u00e9dula de Modificaciones Presupuestales<\/a><\/li>\n<li><a href=\"\/transparencia\/descargar.php?d=\/transparencia\/wp-content\/uploads\/finanzas\/cuentapublica\/2023\/cuentapublica\/anexos\/presupuestaria\/Conciliacion_entre_los_Egresos_Presupuestarios_y_los_Gastos_Contables_2023-4.pdf\" target=\"_blank\" rel=\"noopener noreferrer\">Conciliaci\u00f3n entre los Egresos Presupuestarios y los Gastos Contables<\/a><\/li>\n<li><a href=\"\/transparencia\/descargar.php?d=\/transparencia\/wp-content\/uploads\/finanzas\/cuentapublica\/2023\/cuentapublica\/anexos\/presupuestaria\/Montos_Pagados_por_Ayuda_y_Subsidios_2023-4.pdf\" target=\"_blank\" rel=\"noopener noreferrer\">Montos Pagados por Ayuda y Subsidios<\/a><\/li>\n<li><a href=\"\/transparencia\/descargar.php?d=\/transparencia\/wp-content\/uploads\/finanzas\/cuentapublica\/2023\/cuentapublica\/anexos\/presupuestaria\/Programas_y_Proyectos_de_Inversion_2023-4.pdf\" target=\"_blank\" rel=\"noopener noreferrer\">Programas y Proyectos de Inversi\u00f3n<\/a><\/li>\n<li><a href=\"\/transparencia\/descargar.php?d=\/transparencia\/wp-content\/uploads\/finanzas\/cuentapublica\/2023\/cuentapublica\/anexos\/presupuestaria\/Indicadores_de_Resultados_2023-4.pdf\" target=\"_blank\" rel=\"noopener noreferrer\">Indicadores de Resultados<\/a><\/li>\n<\/ul>\n<hr \/>\n<p><strong>6.4 Informaci\u00f3n de Deuda P\u00fablica<\/strong><\/p>\n<ul>\n<li><a href=\"\/transparencia\/descargar.php?d=\/transparencia\/wp-content\/uploads\/finanzas\/cuentapublica\/2023\/cuentapublica\/anexos\/deudapublica\/Estado_Analitico_de_la_Deuda_y_Otros_Pasivos_2023.pdf\" target=\"_blank\" rel=\"noopener noreferrer\">Estado Anal\u00edtico de la Deuda y Otros Pasivos<\/a><\/li>\n<li><a href=\"\/transparencia\/descargar.php?d=\/transparencia\/wp-content\/uploads\/finanzas\/cuentapublica\/2023\/cuentapublica\/anexos\/deudapublica\/Resumen_de_Amortizaciones_2023.pdf\" target=\"_blank\" rel=\"noopener noreferrer\">Resumen de Amortizaciones<\/a><\/li>\n<li><a href=\"\/transparencia\/descargar.php?d=\/transparencia\/wp-content\/uploads\/finanzas\/cuentapublica\/2023\/cuentapublica\/anexos\/deudapublica\/Informe_de_Pasivos_Contingentes_2023.pdf\" target=\"_blank\" rel=\"noopener noreferrer\">Informe de pasivos contingentes<\/a><\/li>\n<\/ul>\n<hr \/>\n<p><strong>6.5 Informaci\u00f3n de Disciplina Financiera<\/strong><\/p>\n<ul>\n<li><a href=\"\/transparencia\/descargar.php?d=\/transparencia\/wp-content\/uploads\/finanzas\/cuentapublica\/2023\/cuentapublica\/anexos\/disciplinafinanciera\/Estado_de_Situacion_Financiera_Detallado_2023-4.pdf\" target=\"_blank\" rel=\"noopener noreferrer\">Estado de Situaci\u00f3n Financiera Detallado<\/a><\/li>\n<li><a href=\"\/transparencia\/descargar.php?d=\/transparencia\/wp-content\/uploads\/finanzas\/cuentapublica\/2023\/cuentapublica\/anexos\/disciplinafinanciera\/Informe_Analitico_de_Deuda_Publica_y_Otros_Pasivos_2023-4.pdf\" target=\"_blank\" rel=\"noopener noreferrer\">Informe Anal\u00edtico de Deuda P\u00fablica y Otros Pasivos<\/a><\/li>\n<li><a href=\"\/transparencia\/descargar.php?d=\/transparencia\/wp-content\/uploads\/finanzas\/cuentapublica\/2023\/cuentapublica\/anexos\/disciplinafinanciera\/Informe_Analitico_de_Obligaciones_Diferentes_de_Financiamientos_2023-4.pdf\" target=\"_blank\" rel=\"noopener noreferrer\">Informe Anal\u00edtico de Obligaciones Diferentes de Financiamiento<\/a><\/li>\n<li><a href=\"\/transparencia\/descargar.php?d=\/transparencia\/wp-content\/uploads\/finanzas\/cuentapublica\/2023\/cuentapublica\/anexos\/disciplinafinanciera\/Balance_Presupuestario_2023-4.pdf\" target=\"_blank\" rel=\"noopener noreferrer\">Balance Presupuestario<\/a><\/li>\n<li><a href=\"\/transparencia\/descargar.php?d=\/transparencia\/wp-content\/uploads\/finanzas\/cuentapublica\/2023\/cuentapublica\/anexos\/disciplinafinanciera\/Estado_Analitico_de_Ingresos_Detallado_2023-4.pdf\" target=\"_blank\" rel=\"noopener noreferrer\">Estado Anal\u00edtico de Ingresos Detallado<\/a><\/li>\n<li><a href=\"\/transparencia\/descargar.php?d=\/transparencia\/wp-content\/uploads\/finanzas\/cuentapublica\/2023\/cuentapublica\/anexos\/disciplinafinanciera\/Estado_Analitico_Ejercicio_Presupuesto_de_Egresos_LDF-Clasif_Administrativa_2023-4.pdf\" target=\"_blank\" rel=\"noopener noreferrer\">Estado Anal\u00edtico del Ejercicio del Presupuesto de Egresos Detallado (Clasificaci\u00f3n Administrativa)<\/a><\/li>\n<li><a href=\"\/transparencia\/descargar.php?d=\/transparencia\/wp-content\/uploads\/finanzas\/cuentapublica\/2023\/cuentapublica\/anexos\/disciplinafinanciera\/Estado_Analitico_Ejercicio_Presupuesto_de_Egresos_LDF-Clasif_Funcional_2023-4.pdf\" target=\"_blank\" rel=\"noopener noreferrer\">Estado Anal\u00edtico del Ejercicio del Presupuesto de Egresos Detallado (Clasificaci\u00f3n Funcional)<\/a><\/li>\n<li><a href=\"\/transparencia\/descargar.php?d=\/transparencia\/wp-content\/uploads\/finanzas\/cuentapublica\/2023\/cuentapublica\/anexos\/disciplinafinanciera\/Estado_Analitico_Ejercicio_Presupuesto_de_Egresos_LDF-Clasif_ObjetoDelGasto_2023-4.pdf\" target=\"_blank\" rel=\"noopener noreferrer\">Estado Anal\u00edtico del Ejercicio del Presupuesto de Egresos Detallado (Clasificaci\u00f3n por Objeto del Gasto)<\/a><\/li>\n<li><a href=\"\/transparencia\/descargar.php?d=\/transparencia\/wp-content\/uploads\/finanzas\/cuentapublica\/2023\/cuentapublica\/anexos\/disciplinafinanciera\/Estado_Analitico_Ejercicio_Presupuesto_de_Egresos_LDF-Clasif_ServiciosPersonales_2023-4.pdf\" target=\"_blank\" rel=\"noopener noreferrer\">Estado Anal\u00edtico del Ejercicio del Presupuesto de Egresos Detallado (Clasificaci\u00f3n de Servicios Personales por Categor\u00eda)<\/a><\/li>\n<\/ul>\n<hr \/>\n<p><strong><\/strong><\/p>\n<ul>\n<li><a href=\"\/transparencia\/descargar.php?d=\/transparencia\/wp-content\/uploads\/finanzas\/cuentapublica\/2023\/cuentapublica\/anexos\/Indicadores_de_Postura_Fiscal_2023-4.pdf\" target=\"_blank\" rel=\"noopener noreferrer\">Indicadores de Postura Fiscal<\/a><\/li>\n<li><a href=\"\/transparencia\/descargar.php?d=\/transparencia\/wp-content\/uploads\/finanzas\/cuentapublica\/2023\/cuentapublica\/anexos\/Relacion_de_Esquemas_Bursatiles_2023-4.pdf\" target=\"_blank\" rel=\"noopener noreferrer\">Relaci\u00f3n de Esquemas Burs\u00e1tiles<\/a><\/li>\n<\/ul>\n","protected":false},"excerpt":{"rendered":"<p>&nbsp; 6.1 Informaci\u00f3n General Relaci\u00f3n de Bienes que Componen el Patrimonio Municipal 6.2 Informaci\u00f3n Contable Relaci\u00f3n de Cuentas Bancarias Ejercicio y Destino del Gasto Federalizado y Reintegros 6.3 Informaci\u00f3n Presupuestaria Estado Anal\u00edtico de Ingresos (Clasificaci\u00f3n por Rubro de Ingresos y por Fuente de Financiamiento) Conciliaci\u00f3n entre los Ingresos Presupuestarios y Contables Estado Anal\u00edtico del Ejercicio <a class=\"more-link\" href=\"https:\/\/acapulco.gob.mx\/transparencia\/cuentas-publicas\/ejercicio-fiscal-2023\/cuenta-publica-2023\/anexos\/\">Continue reading <i class=\"fa fa-chevron-right\"><\/i><\/a><\/p>\n","protected":false},"author":1,"featured_media":0,"parent":6711,"menu_order":0,"comment_status":"closed","ping_status":"closed","template":"","meta":[],"_links":{"self":[{"href":"https:\/\/acapulco.gob.mx\/transparencia\/wp-json\/wp\/v2\/pages\/6720"}],"collection":[{"href":"https:\/\/acapulco.gob.mx\/transparencia\/wp-json\/wp\/v2\/pages"}],"about":[{"href":"https:\/\/acapulco.gob.mx\/transparencia\/wp-json\/wp\/v2\/types\/page"}],"author":[{"embeddable":true,"href":"https:\/\/acapulco.gob.mx\/transparencia\/wp-json\/wp\/v2\/users\/1"}],"replies":[{"embeddable":true,"href":"https:\/\/acapulco.gob.mx\/transparencia\/wp-json\/wp\/v2\/comments?post=6720"}],"version-history":[{"count":5,"href":"https:\/\/acapulco.gob.mx\/transparencia\/wp-json\/wp\/v2\/pages\/6720\/revisions"}],"predecessor-version":[{"id":7587,"href":"https:\/\/acapulco.gob.mx\/transparencia\/wp-json\/wp\/v2\/pages\/6720\/revisions\/7587"}],"up":[{"embeddable":true,"href":"https:\/\/acapulco.gob.mx\/transparencia\/wp-json\/wp\/v2\/pages\/6711"}],"wp:attachment":[{"href":"https:\/\/acapulco.gob.mx\/transparencia\/wp-json\/wp\/v2\/media?parent=6720"}],"curies":[{"name":"wp","href":"https:\/\/api.w.org\/{rel}","templated":true}]}}