{"id":6769,"date":"2024-05-21T18:14:59","date_gmt":"2024-05-21T18:14:59","guid":{"rendered":"https:\/\/acapulco.gob.mx\/transparencia\/?page_id=6769"},"modified":"2024-10-30T19:29:25","modified_gmt":"2024-10-30T19:29:25","slug":"formatos-de-entrega-recepcion","status":"publish","type":"page","link":"https:\/\/acapulco.gob.mx\/transparencia\/formatos-de-entrega-recepcion\/","title":{"rendered":"Formatos de Entrega-Recepci\u00f3n"},"content":{"rendered":"<p style=\"text-align: justify;\">Formatos de Entrega-Recepci\u00f3n, que emite el \u00d3rgano de Control Interno Municipal de Acapulco de Ju\u00e1rez, Guerrero, en t\u00e9rminos de los art\u00edculos 8 parrafo primero, y 14 parrafo segundo, de la Ley 213 de Entrega Recepci\u00f3n de las Administraciones P\u00fablicas del Estado y Municipios de Guerrero.<\/p>\n<ul>\n<li><a href=\"https:\/\/acapulco.gob.mx\/transparencia\/wp-content\/uploads\/buengobierno\/entrega-recepcion\/ER2024\/FER_1_Estructura_Organica_2024.xlsx\">FER 1. Estructura Org\u00e1nica.<\/a><\/li>\n<li><a href=\"https:\/\/acapulco.gob.mx\/transparencia\/wp-content\/uploads\/buengobierno\/entrega-recepcion\/ER2024\/FER_2_Marco_Juridico_2024.xlsx\">FER 2. Marco Jur\u00eddico.<\/a><\/li>\n<li><a href=\"https:\/\/acapulco.gob.mx\/transparencia\/wp-content\/uploads\/buengobierno\/entrega-recepcion\/ER2024\/FER_3_Plantilla_de_Personal_2024.xlsx\">FER 3. Plantilla de Personal.<\/a><\/li>\n<li><a href=\"https:\/\/acapulco.gob.mx\/transparencia\/wp-content\/uploads\/buengobierno\/entrega-recepcion\/ER2024\/FER_4_Relacion_de_Personal_de_Pago_de_Honorarios_2024.xlsx\">FER 4. Relaci\u00f3n de Personal de Pago de Honorarios.<\/a><\/li>\n<li><a href=\"https:\/\/acapulco.gob.mx\/transparencia\/wp-content\/uploads\/buengobierno\/entrega-recepcion\/ER2024\/FER_5_Relacion_de_Personal_con_Permiso_Licencia_o_Comision_2024.xlsx\">FER 5. Relaci\u00f3n de Personal con Permiso Licencia o Comisi\u00f3n.<\/a><\/li>\n<li><a href=\"https:\/\/acapulco.gob.mx\/transparencia\/wp-content\/uploads\/buengobierno\/entrega-recepcion\/ER2024\/FER_6_Relacion_de_Expedientes_de_Personal_2024.xlsx\">FER 6. Relaci\u00f3n de Expedientes de Personal.<\/a><\/li>\n<li><a href=\"https:\/\/acapulco.gob.mx\/transparencia\/wp-content\/uploads\/buengobierno\/entrega-recepcion\/ER2024\/FER_7_Expedientes_de_Recursos_Humanos_y_Sistemas_de_Nomina_2024.xlsx\">FER 7. Expedientes de Recursos Humanos y Sistemas de N\u00f3mina.<\/a><\/li>\n<li><a href=\"https:\/\/acapulco.gob.mx\/transparencia\/wp-content\/uploads\/buengobierno\/entrega-recepcion\/ER2024\/FER_8_Relacion_Por_Unidad_Administrativa_de_Mobiliario_y_Equipo_2024.xlsx\">FER 8. Relaci\u00f3n por Unidad Administrativa de Mobiliario y Equipo.<\/a><\/li>\n<li><a href=\"https:\/\/acapulco.gob.mx\/transparencia\/wp-content\/uploads\/buengobierno\/entrega-recepcion\/ER2024\/FER_8A_Relacion_Por_Unidad_Administrativa_Resguardante_del_Mobiliario_Y_Equipo_de_Oficina_Bienes_No_Localizados_2024.xlsx\">FER 8A. Relaci\u00f3n por Unidad Administrativa Resguardante del Mobiliario y Equipo de Oficina, Bienes No Localizados.<\/a><\/li>\n<li><a href=\"https:\/\/acapulco.gob.mx\/transparencia\/wp-content\/uploads\/buengobierno\/entrega-recepcion\/ER2024\/FER_9_Relacion_de_Equipo_de_Transporte_y_Maquinaria_por_Unidad_Administrativa_Responsable_2024.xlsx\">FER 9. Relaci\u00f3n de Equipo de Transporte y Maquinaria, por Unidad Administrativa Responsable.<\/a><\/li>\n<li><a href=\"https:\/\/acapulco.gob.mx\/transparencia\/wp-content\/uploads\/buengobierno\/entrega-recepcion\/ER2024\/FER_10_Relacion_de_Equipo_de_Comunicacion_por_Unidad_Administrativa_Responsable_2024.xlsx\">FER 10. Relaci\u00f3n de Equipo de Comunicaci\u00f3n, por Unidad Administrativa Responsable.<\/a><\/li>\n<li><a href=\"https:\/\/acapulco.gob.mx\/transparencia\/wp-content\/uploads\/buengobierno\/entrega-recepcion\/ER2024\/FER_11_Relacion_por_Unidad_Administrativa_del_Armamento_Oficial_2024.xlsx\">FER 11. Relaci\u00f3n por Unidad Administrativa, del Armamento Oficial.<\/a><\/li>\n<li><a href=\"https:\/\/acapulco.gob.mx\/transparencia\/wp-content\/uploads\/buengobierno\/entrega-recepcion\/ER2024\/FER_12_Relacion_de_Inventario_de_Almacen_por_Unidad_Administrativa_Responsable_2024.xlsx\">FER 12. Relaci\u00f3n de Inventario de Almac\u00e9n por Unidad Administrativa Responsable.<\/a><\/li>\n<li><a href=\"https:\/\/acapulco.gob.mx\/transparencia\/wp-content\/uploads\/buengobierno\/entrega-recepcion\/ER2024\/FER_13_Relacion_de_Bienes_Inmuebles_2024.xlsx\">FER 13. Relaci\u00f3n de Bienes Inmuebles.<\/a><\/li>\n<li><a href=\"https:\/\/acapulco.gob.mx\/transparencia\/wp-content\/uploads\/buengobierno\/entrega-recepcion\/ER2024\/FER_14_Estados_Financieros_2024.xlsx\">FER 14. Estados Financieros.<\/a><\/li>\n<li><a href=\"https:\/\/acapulco.gob.mx\/transparencia\/wp-content\/uploads\/buengobierno\/entrega-recepcion\/ER2024\/FER_15_Sistema_de_Contabilidad_Gubernamental_2024.xlsx\">FER 15. Sistema de Contabilidad Gubernamental.<\/a><\/li>\n<li><a href=\"https:\/\/acapulco.gob.mx\/transparencia\/wp-content\/uploads\/buengobierno\/entrega-recepcion\/ER2024\/FER_16_Libros_Registros_y_Polizas_con_Documentacion_Comprobatoria_2024.xlsx\">FER 16. Libros, Registros y P\u00f3lizas con Documentaci\u00f3n Comprobatoria.<\/a><\/li>\n<li><a href=\"https:\/\/acapulco.gob.mx\/transparencia\/wp-content\/uploads\/buengobierno\/entrega-recepcion\/ER2024\/FER_17_Cuentas_Bancarias_2024a.xlsx\">FER 17. Cuentas Bancarias.<\/a><\/li>\n<li><a href=\"https:\/\/acapulco.gob.mx\/transparencia\/wp-content\/uploads\/buengobierno\/entrega-recepcion\/ER2024\/FER_18_Cheques_Pendientes_de_Entregar_2024.xlsx\">FER 18. Cheques Pendientes de Entregar.<\/a><\/li>\n<li><a href=\"https:\/\/acapulco.gob.mx\/transparencia\/wp-content\/uploads\/buengobierno\/entrega-recepcion\/ER2024\/FER_19_Ingresos_Pendientes_de_Deposito_2024.xlsx\">FER 19. Ingresos Pendientes de Dep\u00f3sito.<\/a><\/li>\n<li><a href=\"https:\/\/acapulco.gob.mx\/transparencia\/wp-content\/uploads\/buengobierno\/entrega-recepcion\/ER2024\/FER_20_Documentos_y_Cuentas_por_Cobrar_2024.xlsx\">FER 20. Documentos y Cuentas por Cobrar.<\/a><\/li>\n<li><a href=\"https:\/\/acapulco.gob.mx\/transparencia\/wp-content\/uploads\/buengobierno\/entrega-recepcion\/ER2024\/FER_21_Pasivos_a_Corto_Mediano_y_Largo_Plazo_2024.xlsx\">FER 21. Pasivos a Corto, Mediano y Largo Plazo.<\/a><\/li>\n<li><a href=\"https:\/\/acapulco.gob.mx\/transparencia\/wp-content\/uploads\/buengobierno\/entrega-recepcion\/ER2024\/FER_22_Obligaciones_o_Deudas_Contraidas_con_el_Sector_Financiero_2024.xlsx\">FER 22. Obligaciones o Deudas Contra\u00eddas con el Sector Financiero.<\/a><\/li>\n<li><a href=\"https:\/\/acapulco.gob.mx\/transparencia\/wp-content\/uploads\/buengobierno\/entrega-recepcion\/ER2024\/FER_23_Fondos_de_Caja_o_Ahorro_para_pago_de_sueldos_y_prestaciones_al_personal_2024.xlsx\">FER 23. Fondos de Caja o Ahorro para Pago de Sueldos y Prestaciones al Personal.<\/a><\/li>\n<li><a href=\"https:\/\/acapulco.gob.mx\/transparencia\/wp-content\/uploads\/buengobierno\/entrega-recepcion\/ER2024\/FER_24_Pasivos_Contingentes_2024.xlsx\">FER 24. Pasivos Contingentes.<\/a><\/li>\n<li><a href=\"https:\/\/acapulco.gob.mx\/transparencia\/wp-content\/uploads\/buengobierno\/entrega-recepcion\/ER2024\/FER_25_Ministraciones_2024.xlsx\">FER 25. Ministraciones.<\/a><\/li>\n<li><a href=\"https:\/\/acapulco.gob.mx\/transparencia\/wp-content\/uploads\/buengobierno\/entrega-recepcion\/ER2024\/FER_26_Presupuesto_de_Egresos_con_Momentos_Contables_2024.xlsx\">FER 26. Presupuesto de Egresos con Momentos Contables.<\/a><\/li>\n<li><a href=\"https:\/\/acapulco.gob.mx\/transparencia\/wp-content\/uploads\/buengobierno\/entrega-recepcion\/ER2024\/FER_27_Inventario_de_Obras_pot_Tipo_e_Inversion_2024.xlsx\">FER 27. Inventario de Obras por Tipo e Inversi\u00f3n.<\/a><\/li>\n<li><a href=\"https:\/\/acapulco.gob.mx\/transparencia\/wp-content\/uploads\/buengobierno\/entrega-recepcion\/ER2024\/FER_28_Relacion_de_Anticipos_de_Obra_pendiente_de_Amortizar_2024.xlsx\">FER 28. Relaci\u00f3n de Anticipos de Obra pendiente de Amortizar.<\/a><\/li>\n<li><a href=\"https:\/\/acapulco.gob.mx\/transparencia\/wp-content\/uploads\/buengobierno\/entrega-recepcion\/ER2024\/FER_29_Relacion_de_Inventario_de_Desarrollo_Social_por_Tipo_de_Inversion_2024.xlsx\">FER 29. Relaci\u00f3n de Inventario de Desarrollo Social por Tipo de Inversi\u00f3n.<\/a><\/li>\n<li><a href=\"https:\/\/acapulco.gob.mx\/transparencia\/wp-content\/uploads\/buengobierno\/entrega-recepcion\/ER2024\/FER_30_Relacion_de_Contratos_2024.xlsx\">FER 30. Relaci\u00f3n de Contratos.<\/a><\/li>\n<li><a href=\"https:\/\/acapulco.gob.mx\/transparencia\/wp-content\/uploads\/buengobierno\/entrega-recepcion\/ER2024\/FER_31_Relacion_de_Convenios_2024.xlsx\">FER 31. Relaci\u00f3n de Convenios.<\/a><\/li>\n<li><a href=\"https:\/\/acapulco.gob.mx\/transparencia\/wp-content\/uploads\/buengobierno\/entrega-recepcion\/ER2024\/FER_32_Relacion_de_Acuerdos_de_Coordinacion_y_Anexos_de_Ejecucion_derivados_de_Convenios_de_Desarrollo_Social_2024.xlsx\">FER 32. Relaci\u00f3n de Acuerdos de Coordinaci\u00f3n y Anexos de Ejecuci\u00f3n Derivados de Convenios de Desarrollo Social.<\/a><\/li>\n<li><a href=\"https:\/\/acapulco.gob.mx\/transparencia\/wp-content\/uploads\/buengobierno\/entrega-recepcion\/ER2024\/FER_33_Relacion_de_Subcomites_del_Comite_de_Planeacion_para_el_Desarrollo_del_Municipio_2024.xlsx\">FER 33. Relaci\u00f3n de Subcomit\u00e9s del Comit\u00e9 de Planeaci\u00f3n para el Desarrollo del Municipio.<\/a><\/li>\n<li><a href=\"https:\/\/acapulco.gob.mx\/transparencia\/wp-content\/uploads\/buengobierno\/entrega-recepcion\/ER2024\/FER_34_Relacion_de_Contratos_de_Fideicomiso_2024.xlsx\">FER 34. Relaci\u00f3n de Contratos de Fideicomiso.<\/a><\/li>\n<li><a href=\"https:\/\/acapulco.gob.mx\/transparencia\/wp-content\/uploads\/buengobierno\/entrega-recepcion\/ER2024\/FER_35_Relacion_de_Archivos_por_Unidad_Administrativa_Responsable_2024.xlsx\">FER 35. Relaci\u00f3n de Archivos por Unidad Administrativa Responsable.<\/a><\/li>\n<li><a href=\"https:\/\/acapulco.gob.mx\/transparencia\/wp-content\/uploads\/buengobierno\/entrega-recepcion\/ER2024\/FER_36_Libros_del_Registro_Civil_y_sus_Duplicados_2024.xlsx\">FER 36. Libros del Registro Civil y sus Duplicados.<\/a><\/li>\n<li><a href=\"https:\/\/acapulco.gob.mx\/transparencia\/wp-content\/uploads\/buengobierno\/entrega-recepcion\/ER2024\/FER_37_Archivos_Historicos_del_Municipio_2024.xlsx\">FER 37. Archivos Hist\u00f3ricos del Municipio.<\/a><\/li>\n<li><a href=\"https:\/\/acapulco.gob.mx\/transparencia\/wp-content\/uploads\/buengobierno\/entrega-recepcion\/ER2024\/FER_38_Relacion_de_Asuntos_en_Tramite_Pendientes_por_Resolver_2024.xlsx\">FER 38. Relaci\u00f3n de Asuntos en Tr\u00e1mite, Pendientes por Resolver.<\/a><\/li>\n<li><a href=\"https:\/\/acapulco.gob.mx\/transparencia\/wp-content\/uploads\/buengobierno\/entrega-recepcion\/ER2024\/FER_39_Relacion_de_Formas_Oficiales_2024.xlsx\">FER 39. Relaci\u00f3n de Formas Oficiales.<\/a><\/li>\n<li><a href=\"https:\/\/acapulco.gob.mx\/transparencia\/wp-content\/uploads\/buengobierno\/entrega-recepcion\/ER2024\/FER_40_Relacion_de_Asuntos_Jurisdiccionales_2024.xlsx\">FER 40. Relaci\u00f3n de Asuntos Jurisdiccionales.<\/a><\/li>\n<li><a href=\"https:\/\/acapulco.gob.mx\/transparencia\/wp-content\/uploads\/buengobierno\/entrega-recepcion\/ER2024\/FER_41_Asuntos_Resueltos_o_Pendientes_por_Resolver_2024.xlsx\">FER 41. Asuntos Resueltos o Pendientes por Resolver.<\/a><\/li>\n<li><a href=\"https:\/\/acapulco.gob.mx\/transparencia\/wp-content\/uploads\/buengobierno\/entrega-recepcion\/ER2024\/FER_42_Libros_de_Actas_de_Cabildo_2024.xlsx\">FER 42. Libros de Actas de Cabildo.<\/a><\/li>\n<li><a href=\"https:\/\/acapulco.gob.mx\/transparencia\/wp-content\/uploads\/buengobierno\/entrega-recepcion\/ER2024\/FER_43_Acuerdos_de_Cabildo_Pendientes_de_Cumplir_2024.xlsx\">FER 43. Acuerdos de Cabildo Pendientes de Cumplir.<\/a><\/li>\n<li><a href=\"https:\/\/acapulco.gob.mx\/transparencia\/wp-content\/uploads\/buengobierno\/entrega-recepcion\/ER2024\/FER_44_Relacion_de_Convenios_Celebrados_con_Otros_Municipios_el_Estado_o_Federacion_2024.xlsx\">FER 44. Relaci\u00f3n de Convenios Celebrados con Otros Municipios, el Estado o Federaci\u00f3n.<\/a><\/li>\n<li><a href=\"https:\/\/acapulco.gob.mx\/transparencia\/wp-content\/uploads\/buengobierno\/entrega-recepcion\/ER2024\/FER_45_Relacion_de_Capitales_y_Creditos_a_Favor_del_Municipio_2024.xlsx\">FER 45. Relaci\u00f3n de Capitales y Cr\u00e9ditos a Favor del Municipio.<\/a><\/li>\n<li><a href=\"https:\/\/acapulco.gob.mx\/transparencia\/wp-content\/uploads\/buengobierno\/entrega-recepcion\/ER2024\/FER_46_Relacion_de_Donaciones_Legados_y_Herencias_Recibidas_2024.xlsx\">FER 46. Relaci\u00f3n de Donaciones, Legados y Herencias Recibidas.<\/a><\/li>\n<li><a href=\"https:\/\/acapulco.gob.mx\/transparencia\/wp-content\/uploads\/buengobierno\/entrega-recepcion\/ER2024\/FER_47_Participaciones_que_Perciban_de_Acuerdo_con_las_Leyes_Federales_y_del_Estado_2024.xlsx\">FER 47. Participaciones que Perciban de Acuerdo con las Leyes Federales y del Estado.<\/a><\/li>\n<li><a href=\"https:\/\/acapulco.gob.mx\/transparencia\/wp-content\/uploads\/buengobierno\/entrega-recepcion\/ER2024\/FER_48_Relacion_de_las_Rentas_y_Productos_de_Todos_los_Bienes_Municipales_2024.xlsx\">FER 48. Relaci\u00f3n de las Rentas y Productos de Todos los Bienes Municipales.<\/a><\/li>\n<li><a href=\"https:\/\/acapulco.gob.mx\/transparencia\/wp-content\/uploads\/buengobierno\/entrega-recepcion\/ER2024\/FER_49_Relacion_de_Contribuciones_Compensadas_y_Devueltas_por_las_Autoridades_Fiscales_2024.xlsx\">FER 49. Relaci\u00f3n de Contribuciones Compensadas y Devueltas por las Autoridades Fiscales.<\/a><\/li>\n<li><a href=\"https:\/\/acapulco.gob.mx\/transparencia\/wp-content\/uploads\/buengobierno\/entrega-recepcion\/ER2024\/FER_50_Relacion_de_Contribuciones_Adeudadas_a_las_Autoridades_Fiscales_2024.xlsx\">FER 50. Relaci\u00f3n de Contribuciones Adeudadas a las Autoridades Fiscales.<\/a><\/li>\n<li><a href=\"https:\/\/acapulco.gob.mx\/transparencia\/wp-content\/uploads\/buengobierno\/entrega-recepcion\/ER2024\/FER_51_Libros_Blancos-Informe_Ejecutivo_2024.xlsx\">FER 51. Libros Blancos &#8211; Informe Ejecutivo.<\/a><\/li>\n<li><a href=\"https:\/\/acapulco.gob.mx\/transparencia\/wp-content\/uploads\/buengobierno\/entrega-recepcion\/ER2024\/FER_52_Informe_Detallado_de_las_Obras_Ejecutadas_en_el_Ultimo_Ejercicio_y_las_Obras_Inconclusas_2024.xlsx\">FER 52. Informe Detallado de las Obras Ejecutadas en el \u00daltimo Ejercicio y las Obras Inconclusas.<\/a><\/li>\n<li><a href=\"https:\/\/acapulco.gob.mx\/transparencia\/wp-content\/uploads\/buengobierno\/entrega-recepcion\/ER2024\/FER_53_Reporte_de_Avance_del_Cumplimiento_del_Convenio_Unico_de_Desarrollo_Estado-Municipio_y_Acuerdos_con_el_Estado_2024.xlsx\">FER 53. Reporte de Avance del Cumplimiento del Convenio \u00danico de Desarrollo Estado-Municipio y Acuerdos con el Estado.<\/a><\/li>\n<li><a href=\"https:\/\/acapulco.gob.mx\/transparencia\/wp-content\/uploads\/buengobierno\/entrega-recepcion\/ER2024\/FER_54_ConcesionesPermisos_y_Autorizaciones_Otorgadas_2024.xlsx\">FER 54. Concesiones, Permisos y Autorizaciones Otorgadas.<\/a><\/li>\n<li><a href=\"https:\/\/acapulco.gob.mx\/transparencia\/wp-content\/uploads\/buengobierno\/entrega-recepcion\/ER2024\/FER_55_Padron_de_Contribuyentes_del_Impuesto_Predial_2024.xlsx\">FER 55. Padr\u00f3n de Contribuyentes del Impuesto Predial.<\/a><\/li>\n<li><a href=\"https:\/\/acapulco.gob.mx\/transparencia\/wp-content\/uploads\/buengobierno\/entrega-recepcion\/ER2024\/FER_56_Relacion_de_Padron_de_Contribuyentes_2024.xlsx\">FER 56. Relaci\u00f3n de Padr\u00f3n de Contribuyentes.<\/a><\/li>\n<li><a href=\"https:\/\/acapulco.gob.mx\/transparencia\/wp-content\/uploads\/buengobierno\/entrega-recepcion\/ER2024\/FER_57_Licencias_de_los_Softwares_o_Programas_2024.xlsx\">FER 57. Licencias de los Softwares o Programas.<\/a><\/li>\n<li><a href=\"https:\/\/acapulco.gob.mx\/transparencia\/wp-content\/uploads\/buengobierno\/entrega-recepcion\/ER2024\/FER_58_Padron_de_Usuarios_de_Agua_Potable_y_Alcantarillado_2024.xlsx\">FER 58. Padr\u00f3n de Usuarios de Agua Potable y Alcantarillado.<\/a><\/li>\n<li><a href=\"https:\/\/acapulco.gob.mx\/transparencia\/wp-content\/uploads\/buengobierno\/entrega-recepcion\/ER2024\/FER_59_Cuentas_Publicas_y_Presupuesto_de_Ingresos_y_Egresos_2024.xlsx\">FER 59. Cuentas P\u00fablicas y Presupuesto de Ingresos y Egresos.<\/a><\/li>\n<li><a href=\"https:\/\/acapulco.gob.mx\/transparencia\/wp-content\/uploads\/buengobierno\/entrega-recepcion\/ER2024\/FER_60_Estatus_de_los_Procedimientos_de_Ejecucion_Fiscal_2024.xlsx\">FER 60. Estatus de los Procedimientos de Ejecuci\u00f3n Fiscal.<\/a><\/li\n\t\n\n<li><a href=\"https:\/\/acapulco.gob.mx\/transparencia\/wp-content\/uploads\/buengobierno\/entrega-recepcion\/ER2024\/FER_61_Relacion_de_recibos_Oficiales_de_Ingresos_y_Egresos_2024.xlsx\">FER 61. Relaci\u00f3n de Recibos Oficiales de Ingresos y Egresos.<\/a><\/li>\n<li><a href=\"https:\/\/acapulco.gob.mx\/transparencia\/wp-content\/uploads\/buengobierno\/entrega-recepcion\/ER2024\/FER_62_Relacion_de_Contribuyentes_con_Rezago_en_el_Pago_del_Impuesto_Predial_2024.xlsx\">FER 62. Relaci\u00f3n de Contribuyentes con Rezago en el Pago del Impuesto Predial.<\/a><\/li>\n<li><a href=\"https:\/\/acapulco.gob.mx\/transparencia\/wp-content\/uploads\/buengobierno\/entrega-recepcion\/ER2024\/FER_63_Relacion_de_Contribuyentes_con_Rezago_en_el_Pago_de_Derechos_2024.xlsx\">FER 63. Relaci\u00f3n de Contribuyentes con Rezago en el Pago de Derechos.<\/a><\/li>\n<li><a href=\"https:\/\/acapulco.gob.mx\/transparencia\/wp-content\/uploads\/buengobierno\/entrega-recepcion\/ER2024\/FER_64_Padron_de_Contribuyentes_de_Licencias_Comerciales_2024.xlsx\">FER 64. Padr\u00f3n de Contribuyentes de Licencias Comerciales.<\/a><\/li>\n<li><a href=\"https:\/\/acapulco.gob.mx\/transparencia\/wp-content\/uploads\/buengobierno\/entrega-recepcion\/ER2024\/FER_65_Formatos_y_Pre_Cartilla_del_Servicio_Militar_Nacional_2024.xlsx\">FER 65. Formatos y Pre Cartilla del Servicio Militar Nacional.<\/a><\/li>\n<li><a href=\"https:\/\/acapulco.gob.mx\/transparencia\/wp-content\/uploads\/buengobierno\/entrega-recepcion\/ER2024\/FER_66_Libre_Sellos_Oficiales_2024.xlsx\">FER 66. Libre Sellos Oficiales.<\/a><\/li>\n<li><a href=\"https:\/\/acapulco.gob.mx\/transparencia\/wp-content\/uploads\/buengobierno\/entrega-recepcion\/ER2024\/FER_67_Libre_Llaves_Oficiales_2024.xlsx\">FER 67. Libre Llaves Oficiales.<\/a><\/li>\n<li><a href=\"https:\/\/acapulco.gob.mx\/transparencia\/wp-content\/uploads\/buengobierno\/entrega-recepcion\/ER2024\/FER_68_Libre_Corte_de_Caja_2024.xlsx\">FER 68. Libre Corte de Caja.<\/a><\/li>\n<li><a href=\"https:\/\/acapulco.gob.mx\/transparencia\/wp-content\/uploads\/buengobierno\/entrega-recepcion\/ER2024\/FER_69_Libre_Cargadores_y_Municiones_2024.xlsx\">FER 69. Libre Cargadores y Municiones.<\/a><\/li>\n<li><a href=\"https:\/\/acapulco.gob.mx\/transparencia\/wp-content\/uploads\/buengobierno\/entrega-recepcion\/ER2024\/FER_70_Libre_Padron_de_Contratista_y_Proveedores_2024.xlsx\">FER 70. Libre Padr\u00f3n de Contratista y Proveedores.<\/a><\/li>\n<li><a href=\"https:\/\/acapulco.gob.mx\/transparencia\/wp-content\/uploads\/buengobierno\/entrega-recepcion\/ER2024\/FER_71_Libre_Relacion_de_Dispositivos_de_Seguridad_Cuentas_Bancarias_Token_2024.xlsx\">FER 71. Libre Relaci\u00f3n de Dispositivos de Seguridad Cuentas Bancarias Token.<\/a><\/li>\n<li><a href=\"https:\/\/acapulco.gob.mx\/transparencia\/wp-content\/uploads\/buengobierno\/entrega-recepcion\/ER2024\/FER_72_Libre_Sistema_de_Gestion_de_Calidad_Norma_ISO_9001_2015_2024.xlsx\">FER 72. Libre Sistema de Gesti\u00f3n de Calidad Norma ISO 9001. 2015.<\/a><\/li>\n<li><a href=\"https:\/\/acapulco.gob.mx\/transparencia\/wp-content\/uploads\/buengobierno\/entrega-recepcion\/ER2024\/FER_73_Libre_Software_2024.xlsx\">FER 73. Libre Software.<\/a><\/li>\n<li><a href=\"https:\/\/acapulco.gob.mx\/transparencia\/wp-content\/uploads\/buengobierno\/entrega-recepcion\/ER2024\/FER_74_Libre_Reporte_de_Auxiliar_de_Cuenta_2024.xlsx\">FER 74. Libre Reporte de Auxiliar de Cuenta.<\/a><\/li>\n<li><a href=\"https:\/\/acapulco.gob.mx\/transparencia\/wp-content\/uploads\/buengobierno\/entrega-recepcion\/ER2024\/FER_75_Libre_Fondo_de_Caja_Asignado_2024.xlsx\">FER 75. Libre Fondo de Caja Asignado.<\/a><\/li>\n<li><a href=\"https:\/\/acapulco.gob.mx\/transparencia\/wp-content\/uploads\/buengobierno\/entrega-recepcion\/ER2024\/FER_76_Relacion_de_Cajas_Fuertes_2024.xlsx\">FER 76. Relaci\u00f3n de Cajas Fuertes.<\/a><\/li>\n<li><a href=\"https:\/\/acapulco.gob.mx\/transparencia\/wp-content\/uploads\/buengobierno\/entrega-recepcion\/ER2024\/FER_77_Relacion_de_Fondos_de_Inversion_2024.xlsx\">FER 77. Relaci\u00f3n de Fondos de Inversi\u00f3n.<\/a><\/li>\n<\/ul>\n","protected":false},"excerpt":{"rendered":"<p>Formatos de Entrega-Recepci\u00f3n, que emite el \u00d3rgano de Control Interno Municipal de Acapulco de Ju\u00e1rez, Guerrero, en t\u00e9rminos de los art\u00edculos 8 parrafo primero, y 14 parrafo segundo, de la Ley 213 de Entrega Recepci\u00f3n de las Administraciones P\u00fablicas del Estado y Municipios de Guerrero. FER 1. Estructura Org\u00e1nica. FER 2. Marco Jur\u00eddico. FER 3. <a class=\"more-link\" href=\"https:\/\/acapulco.gob.mx\/transparencia\/formatos-de-entrega-recepcion\/\">Continue reading <i class=\"fa fa-chevron-right\"><\/i><\/a><\/p>\n","protected":false},"author":1,"featured_media":0,"parent":0,"menu_order":0,"comment_status":"closed","ping_status":"closed","template":"","meta":[],"_links":{"self":[{"href":"https:\/\/acapulco.gob.mx\/transparencia\/wp-json\/wp\/v2\/pages\/6769"}],"collection":[{"href":"https:\/\/acapulco.gob.mx\/transparencia\/wp-json\/wp\/v2\/pages"}],"about":[{"href":"https:\/\/acapulco.gob.mx\/transparencia\/wp-json\/wp\/v2\/types\/page"}],"author":[{"embeddable":true,"href":"https:\/\/acapulco.gob.mx\/transparencia\/wp-json\/wp\/v2\/users\/1"}],"replies":[{"embeddable":true,"href":"https:\/\/acapulco.gob.mx\/transparencia\/wp-json\/wp\/v2\/comments?post=6769"}],"version-history":[{"count":8,"href":"https:\/\/acapulco.gob.mx\/transparencia\/wp-json\/wp\/v2\/pages\/6769\/revisions"}],"predecessor-version":[{"id":7021,"href":"https:\/\/acapulco.gob.mx\/transparencia\/wp-json\/wp\/v2\/pages\/6769\/revisions\/7021"}],"wp:attachment":[{"href":"https:\/\/acapulco.gob.mx\/transparencia\/wp-json\/wp\/v2\/media?parent=6769"}],"curies":[{"name":"wp","href":"https:\/\/api.w.org\/{rel}","templated":true}]}}