{"id":7367,"date":"2025-05-02T16:45:05","date_gmt":"2025-05-02T16:45:05","guid":{"rendered":"https:\/\/acapulco.gob.mx\/transparencia\/?page_id=7367"},"modified":"2025-05-02T16:46:39","modified_gmt":"2025-05-02T16:46:39","slug":"informacion-contable","status":"publish","type":"page","link":"https:\/\/acapulco.gob.mx\/transparencia\/cuentas-publicas\/ejercicio-fiscal-2024\/cuenta-publica-2024\/informacion-contable\/","title":{"rendered":"I. Informaci\u00f3n Contable"},"content":{"rendered":"<p>&nbsp;<\/p>\n<ul>\n<li><a href=\"\/transparencia\/descargar.php?d=\/transparencia\/wp-content\/uploads\/finanzas\/cuentapublica\/2024\/cuentapublica\/infocontable\/Estado_de_Situacion_Financiera_2024-4.pdf\" target=\"_blank\" rel=\"noopener noreferrer\">Estado de Situaci\u00f3n Financiera<\/a><\/li>\n<li><a href=\"\/transparencia\/descargar.php?d=\/transparencia\/wp-content\/uploads\/finanzas\/cuentapublica\/2024\/cuentapublica\/infocontable\/Estado_de_Actividades_2024-4.pdf\" target=\"_blank\" rel=\"noopener noreferrer\">Estado de Actividades<\/a><\/li>\n<li><a href=\"\/transparencia\/descargar.php?d=\/transparencia\/wp-content\/uploads\/finanzas\/cuentapublica\/2024\/cuentapublica\/infocontable\/Estado_de_Variaciones_en_la_Hacienda_Publica_2024-4.pdf\" target=\"_blank\" rel=\"noopener noreferrer\">Estado de Variaciones en la Hacienda P\u00fablica<\/a><\/li>\n<li><a href=\"\/transparencia\/descargar.php?d=\/transparencia\/wp-content\/uploads\/finanzas\/cuentapublica\/2024\/cuentapublica\/infocontable\/Estado_de_Cambios_en_la_Situacion_Financiera_2024-4.pdf\" target=\"_blank\" rel=\"noopener noreferrer\">Estado de Cambios en la Situaci\u00f3n Financiera<\/a><\/li>\n<li><a href=\"\/transparencia\/descargar.php?d=\/transparencia\/wp-content\/uploads\/finanzas\/cuentapublica\/2024\/cuentapublica\/infocontable\/Estado_de_Flujos_de_Efectivo_2024-4.pdf\" target=\"_blank\" rel=\"noopener noreferrer\">Estado de Flujos de Efectivo<\/a><\/li>\n<li><a href=\"\/transparencia\/descargar.php?d=\/transparencia\/wp-content\/uploads\/finanzas\/cuentapublica\/2024\/cuentapublica\/infocontable\/Estado_Analitico_del_Activo_2024-4.pdf\" target=\"_blank\" rel=\"noopener noreferrer\">Estado Anal\u00edtico del Activo<\/a><\/li>\n<li><a href=\"\/transparencia\/descargar.php?d=\/transparencia\/wp-content\/uploads\/finanzas\/cuentapublica\/2024\/cuentapublica\/infocontable\/Notas_a_los_Estados_Financieros_Desgloce_2024-4.pdf\" target=\"_blank\" rel=\"noopener noreferrer\">Notas a los Estados Financieros<\/a><\/li>\n<li><a href=\"\/transparencia\/descargar.php?d=\/transparencia\/wp-content\/uploads\/finanzas\/cuentapublica\/2024\/cuentapublica\/infocontable\/Estado_Analitico_de_Deuda_Publica_y_Otros_Pasivos_2024-4.pdf\" target=\"_blank\" rel=\"noopener noreferrer\">Estado Anal\u00edtico de la Deuda P\u00fablica y Otros Pasivos<\/a><\/li>\n<\/ul>\n","protected":false},"excerpt":{"rendered":"<p>&nbsp; Estado de Situaci\u00f3n Financiera Estado de Actividades Estado de Variaciones en la Hacienda P\u00fablica Estado de Cambios en la Situaci\u00f3n Financiera Estado de Flujos de Efectivo Estado Anal\u00edtico del Activo Notas a los Estados Financieros Estado Anal\u00edtico de la Deuda P\u00fablica y Otros Pasivos<\/p>\n","protected":false},"author":1,"featured_media":0,"parent":7365,"menu_order":0,"comment_status":"closed","ping_status":"closed","template":"","meta":[],"_links":{"self":[{"href":"https:\/\/acapulco.gob.mx\/transparencia\/wp-json\/wp\/v2\/pages\/7367"}],"collection":[{"href":"https:\/\/acapulco.gob.mx\/transparencia\/wp-json\/wp\/v2\/pages"}],"about":[{"href":"https:\/\/acapulco.gob.mx\/transparencia\/wp-json\/wp\/v2\/types\/page"}],"author":[{"embeddable":true,"href":"https:\/\/acapulco.gob.mx\/transparencia\/wp-json\/wp\/v2\/users\/1"}],"replies":[{"embeddable":true,"href":"https:\/\/acapulco.gob.mx\/transparencia\/wp-json\/wp\/v2\/comments?post=7367"}],"version-history":[{"count":2,"href":"https:\/\/acapulco.gob.mx\/transparencia\/wp-json\/wp\/v2\/pages\/7367\/revisions"}],"predecessor-version":[{"id":7369,"href":"https:\/\/acapulco.gob.mx\/transparencia\/wp-json\/wp\/v2\/pages\/7367\/revisions\/7369"}],"up":[{"embeddable":true,"href":"https:\/\/acapulco.gob.mx\/transparencia\/wp-json\/wp\/v2\/pages\/7365"}],"wp:attachment":[{"href":"https:\/\/acapulco.gob.mx\/transparencia\/wp-json\/wp\/v2\/media?parent=7367"}],"curies":[{"name":"wp","href":"https:\/\/api.w.org\/{rel}","templated":true}]}}