{"id":7373,"date":"2025-05-02T17:05:56","date_gmt":"2025-05-02T17:05:56","guid":{"rendered":"https:\/\/acapulco.gob.mx\/transparencia\/?page_id=7373"},"modified":"2025-09-18T22:03:33","modified_gmt":"2025-09-18T22:03:33","slug":"anexos","status":"publish","type":"page","link":"https:\/\/acapulco.gob.mx\/transparencia\/cuentas-publicas\/ejercicio-fiscal-2024\/cuenta-publica-2024\/anexos\/","title":{"rendered":"III. Anexos"},"content":{"rendered":"<p>&nbsp;<br \/>\n<strong>6.1 Informaci\u00f3n General<\/strong><\/p>\n<ul>\n<li><a href=\"\/transparencia\/descargar.php?d=\/transparencia\/wp-content\/uploads\/finanzas\/cuentapublica\/2024\/cuentapublica\/anexos\/general\/Relacion_de_Bienes_que_Componen_el_Patrimonio_2024.pdf\" target=\"_blank\" rel=\"noopener noreferrer\">Relaci\u00f3n de Bienes que Componen el Patrimonio Municipal<\/a><\/li>\n<li><a href=\"\/transparencia\/descargar.php?d=\/transparencia\/wp-content\/uploads\/finanzas\/cuentapublica\/2024\/cuentapublica\/anexos\/general\/Informe_de_Pasivos_Contingentes_2024.pdf\" target=\"_blank\" rel=\"noopener noreferrer\">Informe de Pasivos (Obligaciones) Contingentes<\/a><\/li>\n<\/ul>\n<hr \/>\n<p><strong>6.2 Informaci\u00f3n Contable<\/strong><\/p>\n<ul>\n<li><a href=\"\/transparencia\/descargar.php?d=\/transparencia\/wp-content\/uploads\/finanzas\/cuentapublica\/2024\/cuentapublica\/anexos\/contable\/Relacion_de_Cuentas_Bancarias_2024.pdf\" target=\"_blank\" rel=\"noopener noreferrer\">Relaci\u00f3n de Cuentas Bancarias Productivas<\/a><\/li>\n<li><a href=\"\/transparencia\/descargar.php?d=\/transparencia\/wp-content\/uploads\/finanzas\/cuentapublica\/2024\/cuentapublica\/anexos\/contable\/Ejercicio_del_Gasto_Federalizado_y_Reintegros_2024.pdf\" target=\"_blank\" rel=\"noopener noreferrer\">Ejercicio y Destino del Gasto Federalizado y Reintegros<\/a><\/li>\n<li><a href=\"\/transparencia\/descargar.php?d=\/transparencia\/wp-content\/uploads\/finanzas\/cuentapublica\/2024\/cuentapublica\/anexos\/contable\/Aplicacion_de_los_recursos_FORTAMUN_2024.pdf\" target=\"_blank\" rel=\"noopener noreferrer\">Aplicaci\u00f3n de los recursos (FORTAMUN-DF)<\/a><\/li>\n<li><a href=\"\/transparencia\/descargar.php?d=\/transparencia\/wp-content\/uploads\/finanzas\/cuentapublica\/2024\/cuentapublica\/anexos\/contable\/Montos_que_reciban_obras_y_acciones_a_realizar_FAISMUN_2024.pdf\" target=\"_blank\" rel=\"noopener noreferrer\">Montos que reciban, obras y acciones a realizar (FAISMUN)<\/a><\/li>\n<\/ul>\n<hr \/>\n<p><strong>6.3 Informaci\u00f3n Presupuestaria<\/strong><\/p>\n<ul>\n<li><a href=\"\/transparencia\/descargar.php?d=\/transparencia\/wp-content\/uploads\/finanzas\/cuentapublica\/2024\/cuentapublica\/anexos\/presupuestaria\/Estado_Analitico_de_Ingresos_Presupuestarios_2024-4.pdf\" target=\"_blank\" rel=\"noopener noreferrer\">Estado Anal\u00edtico de Ingresos (Clasificaci\u00f3n por Rubro de Ingresos y por Fuente de Financiamiento)<\/a><\/li>\n<li><a href=\"\/transparencia\/descargar.php?d=\/transparencia\/wp-content\/uploads\/finanzas\/cuentapublica\/2024\/cuentapublica\/anexos\/presupuestaria\/Conciliacion_entre_los_Ingresos_Presupuestarios_y_Contables_2024-4.pdf\" target=\"_blank\" rel=\"noopener noreferrer\">Conciliaci\u00f3n entre los Ingresos Presupuestarios y Contables<\/a><\/li>\n<li><a href=\"\/transparencia\/descargar.php?d=\/transparencia\/wp-content\/uploads\/finanzas\/cuentapublica\/2024\/cuentapublica\/anexos\/presupuestaria\/Comparativo_entre_los_Ingresos_Recaudados_y_Estimados_a_Nivel_Detalle_2024-4.pdf\" target=\"_blank\" rel=\"noopener noreferrer\">Comparativo entre los Ingresos Recaudados y Estimados a Nivel de Detalle<\/a><\/li>\n<li><a href=\"\/transparencia\/descargar.php?d=\/transparencia\/wp-content\/uploads\/finanzas\/cuentapublica\/2024\/cuentapublica\/anexos\/presupuestaria\/Comparativo_entre_los_Recursos_Pagados_y_los_Modificados_2024-4.pdf\" target=\"_blank\" rel=\"noopener noreferrer\">Comparativo entre los Recursos Pagados y los Modificados<\/a><\/li>\n<li><a href=\"\/transparencia\/descargar.php?d=\/transparencia\/wp-content\/uploads\/finanzas\/cuentapublica\/2024\/cuentapublica\/anexos\/presupuestaria\/Conciliacion_entre_los_Egresos_Presupuestarios_y_los_Gastos_Contables_2024-4.pdf\" target=\"_blank\" rel=\"noopener noreferrer\">Conciliaci\u00f3n entre los Egresos Presupuestarios y los Gastos Contables<\/a><\/li>\n<li><a href=\"\/transparencia\/descargar.php?d=\/transparencia\/wp-content\/uploads\/finanzas\/cuentapublica\/2024\/cuentapublica\/anexos\/presupuestaria\/Montos_Pagados_por_Ayuda_y_Subsidios_2024-4.pdf\" target=\"_blank\" rel=\"noopener noreferrer\">Montos Pagados por Ayuda y Subsidios<\/a><\/li>\n<li><a href=\"\/transparencia\/descargar.php?d=\/transparencia\/wp-content\/uploads\/finanzas\/cuentapublica\/2024\/cuentapublica\/anexos\/presupuestaria\/Cedula_de_Modificaciones_Presupuestales_2024-4.pdf\" target=\"_blank\" rel=\"noopener noreferrer\">C\u00e9dula de Modificaciones Presupuestales<\/a><\/li>\n<\/ul>\n<hr \/>\n<p><strong>6.4 Informaci\u00f3n Program\u00e1tica y de Deuda P\u00fablica<\/strong><\/p>\n<ul>\n<li><a href=\"\/transparencia\/descargar.php?d=\/transparencia\/wp-content\/uploads\/finanzas\/cuentapublica\/2024\/cuentapublica\/anexos\/deudapublica\/Gasto_por_Categoria_Programatica_2024.pdf\" target=\"_blank\" rel=\"noopener noreferrer\">Gasto por Categor\u00eda Program\u00e1tica<\/a><\/li>\n<li><a href=\"\/transparencia\/descargar.php?d=\/transparencia\/wp-content\/uploads\/finanzas\/cuentapublica\/2024\/cuentapublica\/anexos\/deudapublica\/Resumen_de_Amortizaciones_2024.pdf\" target=\"_blank\" rel=\"noopener noreferrer\">Resumen de Amortizaciones al Capital y Pago de Intereses de Deuda P\u00fablica<\/a><\/li>\n<li><a href=\"\/transparencia\/descargar.php?d=\/transparencia\/wp-content\/uploads\/finanzas\/cuentapublica\/2024\/cuentapublica\/anexos\/deudapublica\/Apendice_Estadistico_de_la_Deuda_Publica_2024.pdf\" target=\"_blank\" rel=\"noopener noreferrer\">Ap\u00e9ndice Estad\u00edstico de la Deuda P\u00fablica<\/a><\/li>\n<\/ul>\n<hr \/>\n<p><strong>6.5 Informaci\u00f3n de Disciplina Financiera<\/strong><\/p>\n<ul>\n<li><a href=\"\/transparencia\/descargar.php?d=\/transparencia\/wp-content\/uploads\/finanzas\/cuentapublica\/2024\/cuentapublica\/anexos\/disciplinafinanciera\/Estado_de_Situacion_Financiera_Detallado_2024-4.pdf\" target=\"_blank\" rel=\"noopener noreferrer\">Estado de Situaci\u00f3n Financiera Detallado<\/a><\/li>\n<li><a href=\"\/transparencia\/descargar.php?d=\/transparencia\/wp-content\/uploads\/finanzas\/cuentapublica\/2024\/cuentapublica\/anexos\/disciplinafinanciera\/Informe_Analitico_de_Deuda_Publica_y_Otros_Pasivos_2024-4.pdf\" target=\"_blank\" rel=\"noopener noreferrer\">Informe Anal\u00edtico de Deuda P\u00fablica y Otros Pasivos<\/a><\/li>\n<li><a href=\"\/transparencia\/descargar.php?d=\/transparencia\/wp-content\/uploads\/finanzas\/cuentapublica\/2024\/cuentapublica\/anexos\/disciplinafinanciera\/Informe_Analitico_de_Obligaciones_Diferentes_de_Financiamientos_2024-4.pdf\" target=\"_blank\" rel=\"noopener noreferrer\">Informe Anal\u00edtico de Obligaciones Diferentes de Financiamiento<\/a><\/li>\n<li><a href=\"\/transparencia\/descargar.php?d=\/transparencia\/wp-content\/uploads\/finanzas\/cuentapublica\/2024\/cuentapublica\/anexos\/disciplinafinanciera\/Estado_Analitico_de_Ingresos_Detallado_2024-4.pdf\" target=\"_blank\" rel=\"noopener noreferrer\">Estado Anal\u00edtico de Ingresos Detallado<\/a><\/li>\n<li><a href=\"\/transparencia\/descargar.php?d=\/transparencia\/wp-content\/uploads\/finanzas\/cuentapublica\/2024\/cuentapublica\/anexos\/disciplinafinanciera\/Estado_Analitico_Ejercicio_Presupuesto_de_Egresos_LDF-Clasif_ObjetoDelGasto_2024-4.pdf\" target=\"_blank\" rel=\"noopener noreferrer\">Estado Anal\u00edtico del Ejercicio del Presupuesto de Egresos Detallado (Clasificaci\u00f3n por Objeto del Gasto)<\/a><\/li>\n<\/ul>\n<hr \/>\n<p><strong>6.6 Informaci\u00f3n de Obras P\u00fablicas y Servicios<\/strong><\/p>\n<ul>\n<li><a href=\"\/transparencia\/descargar.php?d=\/transparencia\/wp-content\/uploads\/finanzas\/cuentapublica\/2024\/cuentapublica\/anexos\/obraspublicas\/Programa_Proyectos_de_Inversion_2024.pdf\" target=\"_blank\" rel=\"noopener noreferrer\">Programa Proyectos de Inversi\u00f3n<\/a><\/li>\n<li><a href=\"\/transparencia\/descargar.php?d=\/transparencia\/wp-content\/uploads\/finanzas\/cuentapublica\/2024\/cuentapublica\/anexos\/obraspublicas\/Relacion_Actualizada_de_Convenios_2024.pdf\" target=\"_blank\" rel=\"noopener noreferrer\">Relaci\u00f3n Actualizada de Convenios<\/a><\/li>\n<li><a href=\"\/transparencia\/descargar.php?d=\/transparencia\/wp-content\/uploads\/finanzas\/cuentapublica\/2024\/cuentapublica\/anexos\/obraspublicas\/Reporte_del_Avance_Fisico_Financiero_2024.pdf\" target=\"_blank\" rel=\"noopener noreferrer\">Reporte del Avance F\u00edsico-financiero<\/a><\/li>\n<\/ul>\n<hr \/>\n<p><strong>6.7 Informaci\u00f3n de Evaluaci\u00f3n al Desempe\u00f1o<\/strong><\/p>\n<ul>\n<li><a href=\"\/transparencia\/descargar.php?d=\/transparencia\/wp-content\/uploads\/finanzas\/cuentapublica\/2024\/cuentapublica\/anexos\/evaluacion\/Indicadores_de_Resultados_Estrategicos_y_de_Gestion_2024.pdf\" target=\"_blank\" rel=\"noopener noreferrer\">Indicadores de Resultados Estrat\u00e9gicos y de Gesti\u00f3n<\/a><\/li>\n<\/ul>\n<hr \/>\n<p><strong><\/strong><\/p>\n<ul>\n<li><a href=\"\/transparencia\/descargar.php?d=\/transparencia\/wp-content\/uploads\/finanzas\/cuentapublica\/2024\/cuentapublica\/anexos\/Indicadores_de_Postura_Fiscal_2024-4.pdf\" target=\"_blank\" rel=\"noopener noreferrer\">Indicadores de Postura Fiscal<\/a><\/li>\n<li><a href=\"\/transparencia\/descargar.php?d=\/transparencia\/wp-content\/uploads\/finanzas\/cuentapublica\/2024\/cuentapublica\/anexos\/Relacion_de_Esquemas_Bursatiles_2024-4.pdf\" target=\"_blank\" rel=\"noopener noreferrer\">Relaci\u00f3n de Esquemas Burs\u00e1tiles<\/a><\/li>\n<\/ul>\n","protected":false},"excerpt":{"rendered":"<p>&nbsp; 6.1 Informaci\u00f3n General Relaci\u00f3n de Bienes que Componen el Patrimonio Municipal Informe de Pasivos (Obligaciones) Contingentes 6.2 Informaci\u00f3n Contable Relaci\u00f3n de Cuentas Bancarias Productivas Ejercicio y Destino del Gasto Federalizado y Reintegros Aplicaci\u00f3n de los recursos (FORTAMUN-DF) Montos que reciban, obras y acciones a realizar (FAISMUN) 6.3 Informaci\u00f3n Presupuestaria Estado Anal\u00edtico de Ingresos (Clasificaci\u00f3n <a class=\"more-link\" href=\"https:\/\/acapulco.gob.mx\/transparencia\/cuentas-publicas\/ejercicio-fiscal-2024\/cuenta-publica-2024\/anexos\/\">Continue reading <i class=\"fa fa-chevron-right\"><\/i><\/a><\/p>\n","protected":false},"author":1,"featured_media":0,"parent":7365,"menu_order":0,"comment_status":"closed","ping_status":"closed","template":"","meta":[],"_links":{"self":[{"href":"https:\/\/acapulco.gob.mx\/transparencia\/wp-json\/wp\/v2\/pages\/7373"}],"collection":[{"href":"https:\/\/acapulco.gob.mx\/transparencia\/wp-json\/wp\/v2\/pages"}],"about":[{"href":"https:\/\/acapulco.gob.mx\/transparencia\/wp-json\/wp\/v2\/types\/page"}],"author":[{"embeddable":true,"href":"https:\/\/acapulco.gob.mx\/transparencia\/wp-json\/wp\/v2\/users\/1"}],"replies":[{"embeddable":true,"href":"https:\/\/acapulco.gob.mx\/transparencia\/wp-json\/wp\/v2\/comments?post=7373"}],"version-history":[{"count":4,"href":"https:\/\/acapulco.gob.mx\/transparencia\/wp-json\/wp\/v2\/pages\/7373\/revisions"}],"predecessor-version":[{"id":7586,"href":"https:\/\/acapulco.gob.mx\/transparencia\/wp-json\/wp\/v2\/pages\/7373\/revisions\/7586"}],"up":[{"embeddable":true,"href":"https:\/\/acapulco.gob.mx\/transparencia\/wp-json\/wp\/v2\/pages\/7365"}],"wp:attachment":[{"href":"https:\/\/acapulco.gob.mx\/transparencia\/wp-json\/wp\/v2\/media?parent=7373"}],"curies":[{"name":"wp","href":"https:\/\/api.w.org\/{rel}","templated":true}]}}