{"id":7516,"date":"2025-08-04T21:53:41","date_gmt":"2025-08-04T21:53:41","guid":{"rendered":"https:\/\/acapulco.gob.mx\/transparencia\/?page_id=7516"},"modified":"2026-02-09T23:17:34","modified_gmt":"2026-02-09T23:17:34","slug":"xxviii","status":"publish","type":"page","link":"https:\/\/acapulco.gob.mx\/transparencia\/cumplimiento-de-la-ley-de-transparencia-y-acceso-a-la-informacion-publica\/xxviii\/","title":{"rendered":"XXVIII"},"content":{"rendered":"<p>&nbsp;<\/p>\n<ul>\n<li><a href=\"\/transparencia\/descargar.php?d=\/transparencia\/wp-content\/uploads\/lgtaip\/Formato_XXVIII_Resultados_de_procedimientos_de_adjudicacion_directa_licitacion_publica_e_invitacion_2025_4.xlsx\">Resultados de procedimientos de Adjudicaci\u00f3n Directa, Licitaci\u00f3n P\u00fablica e Invitaci\u00f3n (octubre &#8211; diciembre 2025)<\/a><\/li>\n<li><a href=\"\/transparencia\/descargar.php?d=\/transparencia\/wp-content\/uploads\/lgtaip\/Formato_XXVIII_Resultados_de_procedimientos_de_adjudicacion_directa_licitacion_publica_e_invitacion_2025_3.xlsx\">Resultados de procedimientos de Adjudicaci\u00f3n Directa, Licitaci\u00f3n P\u00fablica e Invitaci\u00f3n (julio &#8211; septiembre 2025)<\/a><\/li>\n<li><a href=\"\/transparencia\/descargar.php?d=\/transparencia\/wp-content\/uploads\/lgtaip\/Formato_XXVIII_Resultados_de_procedimientos_de_adjudicacion_directa_licitacion_publica_e_invitacion_2025_2.xlsx\">Resultados de procedimientos de Adjudicaci\u00f3n Directa, Licitaci\u00f3n P\u00fablica e Invitaci\u00f3n (abril &#8211; junio 2025)<\/a><\/li>\n<li><a href=\"\/transparencia\/descargar.php?d=\/transparencia\/wp-content\/uploads\/lgtaip\/Formato_XXVIII_Resultados_de_procedimientos_de_adjudicacion_directa_licitacion_publica_e_invitacion_2025_1.xlsx\">Resultados de procedimientos de Adjudicaci\u00f3n Directa, Licitaci\u00f3n P\u00fablica e Invitaci\u00f3n (enero &#8211; marzo 2025)<\/a><\/li>\n<li><a href=\"\/transparencia\/descargar.php?d=\/transparencia\/wp-content\/uploads\/lgtaip\/Formato_XXVIII_Resultados_de_procedimientos_de_adjudicacion_directa_licitacion_publica_e_invitacion_2024_4.xlsx\">Resultados de procedimientos de Adjudicaci\u00f3n Directa, Licitaci\u00f3n P\u00fablica e Invitaci\u00f3n (octubre &#8211; diciembre 2024)<\/a><\/li>\n<li><a href=\"\/transparencia\/descargar.php?d=\/transparencia\/wp-content\/uploads\/lgtaip\/Formato_XXVIII_Resultados_de_procedimientos_de_adjudicacion_directa_licitacion_publica_e_invitacion_2024_3.xlsx\">Resultados de procedimientos de Adjudicaci\u00f3n Directa, Licitaci\u00f3n P\u00fablica e Invitaci\u00f3n (julio &#8211; septiembre 2024)<\/a><\/li>\n<li><a href=\"\/transparencia\/descargar.php?d=\/transparencia\/wp-content\/uploads\/lgtaip\/Formato_XXVIII_Resultados_de_procedimientos_de_adjudicacion_directa_licitacion_publica_e_invitacion_2024_2.xlsx\">Resultados de procedimientos de Adjudicaci\u00f3n Directa, Licitaci\u00f3n P\u00fablica e Invitaci\u00f3n (abril &#8211; junio 2024)<\/a><\/li>\n<li><a href=\"\/transparencia\/descargar.php?d=\/transparencia\/wp-content\/uploads\/lgtaip\/Formato_XXVIII_Resultados_de_procedimientos_de_adjudicacion_directa_licitacion_publica_e_invitacion_2024_1.xlsx\">Resultados de procedimientos de Adjudicaci\u00f3n Directa, Licitaci\u00f3n P\u00fablica e Invitaci\u00f3n (enero &#8211; marzo 2024)<\/a><\/li>\n<\/ul>\n<p>&nbsp;<br \/>\n<b>XXVIII-A<\/b> (anteriores a 2024)<\/p>\n<ul>\n<li><a href=\"\/transparencia\/descargar.php?d=\/transparencia\/wp-content\/uploads\/lgtaip\/Formato_XXVIII-A_Resultados_de_procedimientos_de_licitacion_publica_e_invitacion_2023_4.xlsx\">Resultados de procedimientos de Licitaci\u00f3n P\u00fablica e Invitaci\u00f3n (octubre &#8211; diciembre 2023)<\/a><\/li>\n<li><a href=\"\/transparencia\/descargar.php?d=\/transparencia\/wp-content\/uploads\/lgtaip\/Formato_XXVIII-A_Resultados_de_procedimientos_de_licitacion_publica_e_invitacion_2023_3.xlsx\">Resultados de procedimientos de Licitaci\u00f3n P\u00fablica e Invitaci\u00f3n (julio &#8211; septiembre 2023)<\/a><\/li>\n<li><a href=\"\/transparencia\/descargar.php?d=\/transparencia\/wp-content\/uploads\/lgtaip\/Formato_XXVIII-A_Resultados_de_procedimientos_de_licitacion_publica_e_invitacion_2023_2.xlsx\">Resultados de procedimientos de Licitaci\u00f3n P\u00fablica e Invitaci\u00f3n (abril &#8211; junio 2023)<\/a><\/li>\n<li><a href=\"\/transparencia\/descargar.php?d=\/transparencia\/wp-content\/uploads\/lgtaip\/Formato_XXVIII-A_Resultados_de_procedimientos_de_licitacion_publica_e_invitacion_2023_1.xlsx\">Resultados de procedimientos de Licitaci\u00f3n P\u00fablica e Invitaci\u00f3n (enero &#8211; marzo 2023)<\/a><\/li>\n<li><a href=\"\/transparencia\/descargar.php?d=\/transparencia\/wp-content\/uploads\/lgtaip\/Formato_XXVIII-A_Resultados_de_procedimientos_de_licitacion_publica_e_invitacion_2022_4.xlsx\">Resultados de procedimientos de Licitaci\u00f3n P\u00fablica e Invitaci\u00f3n (octubre &#8211; diciembre 2022)<\/a><\/li>\n<li><a href=\"\/transparencia\/descargar.php?d=\/transparencia\/wp-content\/uploads\/lgtaip\/Formato_XXVIII-A_Resultados_de_procedimientos_de_licitacion_publica_e_invitacion_2022_3.xlsx\">Resultados de procedimientos de Licitaci\u00f3n P\u00fablica e Invitaci\u00f3n (julio &#8211; septiembre 2022)<\/a><\/li>\n<li><a href=\"\/transparencia\/descargar.php?d=\/transparencia\/wp-content\/uploads\/lgtaip\/Formato_XXVIII-A_Resultados_de_procedimientos_de_licitacion_publica_e_invitacion_2022_2.xlsx\">Resultados de procedimientos de Licitaci\u00f3n P\u00fablica e Invitaci\u00f3n (abril &#8211; junio 2022)<\/a><\/li>\n<li><a href=\"\/transparencia\/descargar.php?d=\/transparencia\/wp-content\/uploads\/lgtaip\/Formato_XXVIII-A_Resultados_de_procedimientos_de_licitacion_publica_e_invitacion_2022_1.xlsx\">Resultados de procedimientos de Licitaci\u00f3n P\u00fablica e Invitaci\u00f3n (enero &#8211; marzo 2022)<\/a><\/li>\n<li><a href=\"\/transparencia\/descargar.php?d=\/transparencia\/wp-content\/uploads\/lgtaip\/Formato_XXVIII-A_Resultados_de_procedimientos_de_licitacion_publica_e_invitacion_2021_4.xlsx\">Resultados de procedimientos de Licitaci\u00f3n P\u00fablica e Invitaci\u00f3n (octubre &#8211; diciembre 2021)<\/a><\/li>\n<li><a href=\"\/transparencia\/descargar.php?d=\/transparencia\/wp-content\/uploads\/lgtaip\/Formato_XXVIII-A_Resultados_de_procedimientos_de_licitacion_publica_e_invitacion_2021_3.xlsx\">Resultados de procedimientos de Licitaci\u00f3n P\u00fablica e Invitaci\u00f3n (julio &#8211; septiembre 2021)<\/a><\/li>\n<li><a href=\"\/transparencia\/descargar.php?d=\/transparencia\/wp-content\/uploads\/lgtaip\/Formato_XXVIII-A_Resultados_de_procedimientos_de_licitacion_publica_e_invitacion_2021_2.xlsx\">Resultados de procedimientos de Licitaci\u00f3n P\u00fablica e Invitaci\u00f3n (abril &#8211; junio 2021)<\/a><\/li>\n<li><a href=\"\/transparencia\/descargar.php?d=\/transparencia\/wp-content\/uploads\/lgtaip\/Formato_XXVIII-A_Resultados_de_procedimientos_de_licitacion_publica_e_invitacion_2021_1.xlsx\">Resultados de procedimientos de Licitaci\u00f3n P\u00fablica e Invitaci\u00f3n (enero &#8211; marzo 2021)<\/a><\/li>\n<li><a href=\"\/transparencia\/descargar.php?d=\/transparencia\/wp-content\/uploads\/lgtaip\/Formato_XXVIII-A_Resultados_de_procedimientos_de_licitacion_publica_e_invitacion_2020_4.xlsx\">Resultados de procedimientos de Licitaci\u00f3n P\u00fablica e Invitaci\u00f3n (octubre &#8211; diciembre 2020)<\/a><\/li>\n<li><a href=\"\/transparencia\/descargar.php?d=\/transparencia\/wp-content\/uploads\/lgtaip\/Formato_XXVIII-A_Resultados_de_procedimientos_de_licitacion_publica_e_invitacion_2020_3.xlsx\">Resultados de procedimientos de Licitaci\u00f3n P\u00fablica e Invitaci\u00f3n (julio &#8211; septiembre 2020)<\/a><\/li>\n<li><a href=\"\/transparencia\/descargar.php?d=\/transparencia\/wp-content\/uploads\/lgtaip\/Formato_XXVIII-A_Resultados_de_procedimientos_de_licitacion_publica_e_invitacion_2020_2.xlsx\">Resultados de procedimientos de Licitaci\u00f3n P\u00fablica e Invitaci\u00f3n (abril &#8211; junio 2020)<\/a><\/li>\n<li><a href=\"\/transparencia\/descargar.php?d=\/transparencia\/wp-content\/uploads\/lgtaip\/Formato_XXVIII-A_Resultados_de_procedimientos_de_licitacion_publica_e_invitacion_2020_1.xlsx\">Resultados de procedimientos de Licitaci\u00f3n P\u00fablica e Invitaci\u00f3n (enero &#8211; marzo 2020)<\/a><\/li>\n<li><a href=\"\/transparencia\/descargar.php?d=\/transparencia\/wp-content\/uploads\/lgtaip\/Formato_XXVIII-A_Resultados_de_procedimientos_de_licitacion_publica_e_invitacion_2019_3.xlsx\">Resultados de procedimientos de Licitaci\u00f3n P\u00fablica e Invitaci\u00f3n (julio &#8211; septiembre 2019)<\/a><\/li>\n<li><a href=\"\/transparencia\/descargar.php?d=\/transparencia\/wp-content\/uploads\/lgtaip\/Formato_XXVIII-A_Resultados_de_procedimientos_de_licitacion_publica_e_invitacion_2019_2.xlsx\">Resultados de procedimientos de Licitaci\u00f3n P\u00fablica e Invitaci\u00f3n (abril &#8211; junio 2019)<\/a><\/li>\n<li><a href=\"\/transparencia\/descargar.php?d=\/transparencia\/wp-content\/uploads\/lgtaip\/Formato_XXVIII-A_Resultados_de_procedimientos_de_licitacion_publica_e_invitacion_2018_4.xlsx\">Resultados de procedimientos de Licitaci\u00f3n P\u00fablica e Invitaci\u00f3n (octubre &#8211; diciembre 2018)<\/a><\/li>\n<li><a href=\"\/transparencia\/descargar.php?d=\/transparencia\/wp-content\/uploads\/lgtaip\/Formato_XXVIII-A_Resultados_de_procedimientos_de_licitacion_publica_e_invitacion_2018_3.xlsx\">Resultados de procedimientos de Licitaci\u00f3n P\u00fablica e Invitaci\u00f3n (julio &#8211; septiembre 2018)<\/a><\/li>\n<li><a href=\"\/transparencia\/descargar.php?d=\/transparencia\/wp-content\/uploads\/lgtaip\/Formato_XXVIII-A_Resultados_de_procedimientos_de_licitacion_publica_e_invitacion_2018_2.xlsx\">Resultados de procedimientos de Licitaci\u00f3n P\u00fablica e Invitaci\u00f3n (enero &#8211; junio 2018)<\/a><\/li>\n<li><a href=\"\/transparencia\/descargar.php?d=\/transparencia\/wp-content\/uploads\/lgtaip\/Formato_XXVIII-A_Resultados_de_procedimientos_de_licitacion_publica_e_invitacion_2017.xlsx\">Resultados de procedimientos de Licitaci\u00f3n P\u00fablica e Invitaci\u00f3n (2017)<\/a><\/li>\n<li><a href=\"\/transparencia\/descargar.php?d=\/transparencia\/wp-content\/uploads\/lgtaip\/Formato_XXVIII-A_Resultados_de_procedimientos_de_licitacion_publica_e_invitacion_2016.xlsx\">Resultados de procedimientos de Licitaci\u00f3n P\u00fablica e Invitaci\u00f3n (2016)<\/a><\/li>\n<\/ul>\n<p>&nbsp;<br \/>\n<b>XXVIII-B<\/b> (anteriores a 2024)<\/p>\n<ul>\n<li><a href=\"\/transparencia\/descargar.php?d=\/transparencia\/wp-content\/uploads\/lgtaip\/Formato_XXVIII-B_Resultados_de_procedimientos_de_adjudicacion_directa_2023_4.xlsx?01\">Resultados de procedimientos de Adjudicaci\u00f3n Directa (octubre &#8211; diciembre 2023)<\/a><\/li>\n<li><a href=\"\/transparencia\/descargar.php?d=\/transparencia\/wp-content\/uploads\/lgtaip\/Formato_XXVIII-B_Resultados_de_procedimientos_de_adjudicacion_directa_2023_3.xlsx?01\">Resultados de procedimientos de Adjudicaci\u00f3n Directa (julio &#8211; septiembre 2023)<\/a><\/li>\n<li><a href=\"\/transparencia\/descargar.php?d=\/transparencia\/wp-content\/uploads\/lgtaip\/Formato_XXVIII-B_Resultados_de_procedimientos_de_adjudicacion_directa_2023_2.xlsx\">Resultados de procedimientos de Adjudicaci\u00f3n Directa (abril &#8211; junio 2023)<\/a><\/li>\n<li><a href=\"\/transparencia\/descargar.php?d=\/transparencia\/wp-content\/uploads\/lgtaip\/Formato_XXVIII-B_Resultados_de_procedimientos_de_adjudicacion_directa_2023_1.xlsx\">Resultados de procedimientos de Adjudicaci\u00f3n Directa (enero &#8211; marzo 2023)<\/a><\/li>\n<li><a href=\"\/transparencia\/descargar.php?d=\/transparencia\/wp-content\/uploads\/lgtaip\/Formato_XXVIII-B_Resultados_de_procedimientos_de_adjudicacion_directa_2022_4.xlsx\">Resultados de procedimientos de Adjudicaci\u00f3n Directa (octubre &#8211; diciembre 2022)<\/a><\/li>\n<li><a href=\"\/transparencia\/descargar.php?d=\/transparencia\/wp-content\/uploads\/lgtaip\/Formato_XXVIII-B_Resultados_de_procedimientos_de_adjudicacion_directa_2022_3.xlsx\">Resultados de procedimientos de Adjudicaci\u00f3n Directa (julio &#8211; septiembre 2022)<\/a><\/li>\n<li><a href=\"\/transparencia\/descargar.php?d=\/transparencia\/wp-content\/uploads\/lgtaip\/Formato_XXVIII-B_Resultados_de_procedimientos_de_adjudicacion_directa_2022_2.xlsx\">Resultados de procedimientos de Adjudicaci\u00f3n Directa (abril &#8211; junio 2022)<\/a><\/li>\n<li><a href=\"\/transparencia\/descargar.php?d=\/transparencia\/wp-content\/uploads\/lgtaip\/Formato_XXVIII-B_Resultados_de_procedimientos_de_adjudicacion_directa_2022_1.xlsx\">Resultados de procedimientos de Adjudicaci\u00f3n Directa (enero &#8211; marzo 2022)<\/a><\/li>\n<li><a href=\"\/transparencia\/descargar.php?d=\/transparencia\/wp-content\/uploads\/lgtaip\/Formato_XXVIII-B_Resultados_de_procedimientos_de_adjudicacion_directa_2021_4.xlsx\">Resultados de procedimientos de Adjudicaci\u00f3n Directa (octubre &#8211; diciembre 2021)<\/a><\/li>\n<li><a href=\"\/transparencia\/descargar.php?d=\/transparencia\/wp-content\/uploads\/lgtaip\/Formato_XXVIII-B_Resultados_de_procedimientos_de_adjudicacion_directa_2021_3.xlsx\">Resultados de procedimientos de Adjudicaci\u00f3n Directa (julio &#8211; septiembre 2021)<\/a><\/li>\n<li><a href=\"\/transparencia\/descargar.php?d=\/transparencia\/wp-content\/uploads\/lgtaip\/Formato_XXVIII-B_Resultados_de_procedimientos_de_adjudicacion_directa_2021_2.xlsx\">Resultados de procedimientos de Adjudicaci\u00f3n Directa (abril &#8211; junio 2021)<\/a><\/li>\n<li><a href=\"\/transparencia\/descargar.php?d=\/transparencia\/wp-content\/uploads\/lgtaip\/Formato_XXVIII-B_Resultados_de_procedimientos_de_adjudicacion_directa_2021_1.xlsx\">Resultados de procedimientos de Adjudicaci\u00f3n Directa (enero &#8211; marzo 2021)<\/a><\/li>\n<li><a href=\"\/transparencia\/descargar.php?d=\/transparencia\/wp-content\/uploads\/lgtaip\/Formato_XXVIII-B_Resultados_de_procedimientos_de_adjudicacion_directa_2020_4.xlsx\">Resultados de procedimientos de Adjudicaci\u00f3n Directa (octubre &#8211; diciembre 2020)<\/a><\/li>\n<li><a href=\"\/transparencia\/descargar.php?d=\/transparencia\/wp-content\/uploads\/lgtaip\/Formato_XXVIII-B_Resultados_de_procedimientos_de_adjudicacion_directa_2020_3.xlsx\">Resultados de procedimientos de Adjudicaci\u00f3n Directa (julio &#8211; septiembre 2020)<\/a><\/li>\n<li><a href=\"\/transparencia\/descargar.php?d=\/transparencia\/wp-content\/uploads\/lgtaip\/Formato_XXVIII-B_Resultados_de_procedimientos_de_adjudicacion_directa_2020_2.xlsx\">Resultados de procedimientos de Adjudicaci\u00f3n Directa (abril &#8211; junio 2020)<\/a><\/li>\n<li><a href=\"\/transparencia\/descargar.php?d=\/transparencia\/wp-content\/uploads\/lgtaip\/Formato_XXVIII-B_Resultados_de_procedimientos_de_adjudicacion_directa_2020_1.xlsx\">Resultados de procedimientos de Adjudicaci\u00f3n Directa (enero &#8211; marzo 2020)<\/a><\/li>\n<li><a href=\"\/transparencia\/descargar.php?d=\/transparencia\/wp-content\/uploads\/lgtaip\/Formato_XXVIII-B_Resultados_de_procedimientos_de_adjudicacion_directa-2019_4.xlsx\">Resultados de procedimientos de Adjudicaci\u00f3n Directa (octubre &#8211; diciembre 2019)<\/a><\/li>\n<li><a href=\"\/transparencia\/descargar.php?d=\/transparencia\/wp-content\/uploads\/lgtaip\/Formato_XXVIII-B_Resultados_de_procedimientos_de_adjudicacion_directa-2019_3.xlsx\">Resultados de procedimientos de Adjudicaci\u00f3n Directa (julio &#8211; septiembre 2019)<\/a><\/li>\n<li><a href=\"\/transparencia\/descargar.php?d=\/transparencia\/wp-content\/uploads\/lgtaip\/Formato_XXVIII-B_Resultados_de_procedimientos_de_adjudicacion_directa-2019_2.xlsx\">Resultados de procedimientos de Adjudicaci\u00f3n Directa (abril &#8211; junio 2019)<\/a><\/li>\n<li><a href=\"\/transparencia\/descargar.php?d=\/transparencia\/wp-content\/uploads\/lgtaip\/Formato_XXVIII-B_Resultados_de_procedimientos_de_adjudicacion_directa-2018_4.xlsx\">Resultados de procedimientos de Adjudicaci\u00f3n Directa (octubre &#8211; diciembre 2018)<\/a><\/li>\n<li><a href=\"\/transparencia\/descargar.php?d=\/transparencia\/wp-content\/uploads\/lgtaip\/Formato_XXVIII-B_Resultados_de_procedimientos_de_adjudicacion_directa-2018_3.xlsx\">Resultados de procedimientos de Adjudicaci\u00f3n Directa (julio &#8211; septiembre 2018)<\/a><\/li>\n<li><a href=\"\/transparencia\/descargar.php?d=\/transparencia\/wp-content\/uploads\/lgtaip\/Formato_XXVIII-B_Resultados_de_procedimientos_de_adjudicacion_directa-2018_2.xlsx\">Resultados de procedimientos de Adjudicaci\u00f3n Directa (enero &#8211; junio 2018)<\/a><\/li>\n<li><a href=\"\/transparencia\/descargar.php?d=\/transparencia\/wp-content\/uploads\/lgtaip\/Formato_XXVIII-B_Resultados_de_procedimientos_de_adjudicacion_directa-2017.xlsx\">Resultados de procedimientos de Adjudicaci\u00f3n Directa (2017)<\/a><\/li>\n<li><a href=\"\/transparencia\/descargar.php?d=\/transparencia\/wp-content\/uploads\/lgtaip\/Formato_XXVIII-B_Resultados_de_procedimientos_de_adjudicacion_directa-2016.xlsx\">Resultados de procedimientos de Adjudicaci\u00f3n Directa (2016)<\/a><\/li>\n<\/ul>\n","protected":false},"excerpt":{"rendered":"<p>&nbsp; Resultados de procedimientos de Adjudicaci\u00f3n Directa, Licitaci\u00f3n P\u00fablica e Invitaci\u00f3n (octubre &#8211; diciembre 2025) Resultados de procedimientos de Adjudicaci\u00f3n Directa, Licitaci\u00f3n P\u00fablica e Invitaci\u00f3n (julio &#8211; septiembre 2025) Resultados de procedimientos de Adjudicaci\u00f3n Directa, Licitaci\u00f3n P\u00fablica e Invitaci\u00f3n (abril &#8211; junio 2025) Resultados de procedimientos de Adjudicaci\u00f3n Directa, Licitaci\u00f3n P\u00fablica e Invitaci\u00f3n (enero &#8211; <a class=\"more-link\" href=\"https:\/\/acapulco.gob.mx\/transparencia\/cumplimiento-de-la-ley-de-transparencia-y-acceso-a-la-informacion-publica\/xxviii\/\">Continue reading <i class=\"fa fa-chevron-right\"><\/i><\/a><\/p>\n","protected":false},"author":1,"featured_media":0,"parent":2286,"menu_order":0,"comment_status":"closed","ping_status":"closed","template":"","meta":[],"_links":{"self":[{"href":"https:\/\/acapulco.gob.mx\/transparencia\/wp-json\/wp\/v2\/pages\/7516"}],"collection":[{"href":"https:\/\/acapulco.gob.mx\/transparencia\/wp-json\/wp\/v2\/pages"}],"about":[{"href":"https:\/\/acapulco.gob.mx\/transparencia\/wp-json\/wp\/v2\/types\/page"}],"author":[{"embeddable":true,"href":"https:\/\/acapulco.gob.mx\/transparencia\/wp-json\/wp\/v2\/users\/1"}],"replies":[{"embeddable":true,"href":"https:\/\/acapulco.gob.mx\/transparencia\/wp-json\/wp\/v2\/comments?post=7516"}],"version-history":[{"count":3,"href":"https:\/\/acapulco.gob.mx\/transparencia\/wp-json\/wp\/v2\/pages\/7516\/revisions"}],"predecessor-version":[{"id":7867,"href":"https:\/\/acapulco.gob.mx\/transparencia\/wp-json\/wp\/v2\/pages\/7516\/revisions\/7867"}],"up":[{"embeddable":true,"href":"https:\/\/acapulco.gob.mx\/transparencia\/wp-json\/wp\/v2\/pages\/2286"}],"wp:attachment":[{"href":"https:\/\/acapulco.gob.mx\/transparencia\/wp-json\/wp\/v2\/media?parent=7516"}],"curies":[{"name":"wp","href":"https:\/\/api.w.org\/{rel}","templated":true}]}}