{"id":914,"date":"2015-07-07T21:41:32","date_gmt":"2015-07-07T21:41:32","guid":{"rendered":"https:\/\/acapulco.gob.mx\/transparencia\/?page_id=914"},"modified":"2024-01-03T21:35:37","modified_gmt":"2024-01-03T21:35:37","slug":"ley-general-de-contabilidad-gubernamental","status":"publish","type":"page","link":"https:\/\/acapulco.gob.mx\/transparencia\/ley-general-de-contabilidad-gubernamental\/","title":{"rendered":"Ley General de Contabilidad Gubernamental"},"content":{"rendered":"<p>&nbsp;<\/p>\n<p><a href=\"\/transparencia\/descargar.php?d=\/transparencia\/wp-content\/uploads\/marcojuridico\/leyes\/Ley_General_Contabilidad_Gubernamental.pdf\" target=\"_blank\" rel=\"noopener\">\u2022 Ley General de Contabilidad Gubernamental\u00a0<\/a><\/p>\n<p>&nbsp;<\/p>\n<p><a href=\"\/transparencia\/descargar.php?d=\/transparencia\/wp-content\/uploads\/informes\/Avance_implementacion_PBR-SED.zip\" target=\"_blank\" rel=\"noopener\">\u2022 Informe Global de Cumplimiento de la LGCG\u00a0<\/a><\/p>\n<p>&nbsp;<\/p>\n<p><a href=\"\/transparencia\/?p=3616\">\u2022 Cumplimiento del T\u00edtulo V &#8220;De la Transparencia y Difusi\u00f3n de la Informaci\u00f3n Financiera&#8221; de la LGCG\u00a0<\/a><\/p>\n<p>&nbsp;<\/p>\n<p><a href=\"\/transparencia\/finanzas-publicas-y-presupuestos\/armonizacion-contable\">\u2022 Armonizaci\u00f3n Contable\u00a0<\/a><\/p>\n","protected":false},"excerpt":{"rendered":"<p>&nbsp; \u2022 Ley General de Contabilidad Gubernamental\u00a0 &nbsp; \u2022 Informe Global de Cumplimiento de la LGCG\u00a0 &nbsp; \u2022 Cumplimiento del T\u00edtulo V &#8220;De la Transparencia y Difusi\u00f3n de la Informaci\u00f3n Financiera&#8221; de la LGCG\u00a0 &nbsp; \u2022 Armonizaci\u00f3n Contable\u00a0<\/p>\n","protected":false},"author":1,"featured_media":0,"parent":0,"menu_order":0,"comment_status":"closed","ping_status":"closed","template":"","meta":[],"_links":{"self":[{"href":"https:\/\/acapulco.gob.mx\/transparencia\/wp-json\/wp\/v2\/pages\/914"}],"collection":[{"href":"https:\/\/acapulco.gob.mx\/transparencia\/wp-json\/wp\/v2\/pages"}],"about":[{"href":"https:\/\/acapulco.gob.mx\/transparencia\/wp-json\/wp\/v2\/types\/page"}],"author":[{"embeddable":true,"href":"https:\/\/acapulco.gob.mx\/transparencia\/wp-json\/wp\/v2\/users\/1"}],"replies":[{"embeddable":true,"href":"https:\/\/acapulco.gob.mx\/transparencia\/wp-json\/wp\/v2\/comments?post=914"}],"version-history":[{"count":9,"href":"https:\/\/acapulco.gob.mx\/transparencia\/wp-json\/wp\/v2\/pages\/914\/revisions"}],"predecessor-version":[{"id":6332,"href":"https:\/\/acapulco.gob.mx\/transparencia\/wp-json\/wp\/v2\/pages\/914\/revisions\/6332"}],"wp:attachment":[{"href":"https:\/\/acapulco.gob.mx\/transparencia\/wp-json\/wp\/v2\/media?parent=914"}],"curies":[{"name":"wp","href":"https:\/\/api.w.org\/{rel}","templated":true}]}}